{"id":969,"date":"2023-11-15T10:34:27","date_gmt":"2023-11-15T09:34:27","guid":{"rendered":"http:\/\/actekine.fr\/?page_id=969"},"modified":"2025-04-12T22:19:31","modified_gmt":"2025-04-12T20:19:31","slug":"balneotherapie-2","status":"publish","type":"page","link":"https:\/\/actekine.fr\/index.php\/balneotherapie-2\/","title":{"rendered":"Baln\u00e9oth\u00e9rapie"},"content":{"rendered":"\n<p><strong>Le P\u00f4le 3K<\/strong> dispose, en plus de son plateau technique et des ses cinq salles de travail, d&rsquo;une piscine de r\u00e9\u00e9ducation aux dimensions g\u00e9n\u00e9reuses.<\/p>\n\n\n\n<p>Cet outil qui n&rsquo;a rien \u00e0 envier aux centres de r\u00e9\u00e9ducation les mieux \u00e9quip\u00e9s. Il permet la prise en charge de nombreuses pathologies puisque accessible notamment aux personnes \u00e0 mobilit\u00e9 r\u00e9duite<\/p>\n\n\n\n<p><strong>N&rsquo;h\u00e9sitez pas \u00e0 en parler avec votre m\u00e9decin prescripteur<\/strong> pour qu&rsquo;il en pense \u00e0 ajouter la mention \u00ab\u00a0en piscine\u00a0\u00bb sur votre prescription de kin\u00e9sith\u00e9rapie*.<\/p>\n\n\n\n<div class=\"wp-block-columns is-layout-flex wp-container-core-columns-layout-2 wp-block-columns-is-layout-flex\">\n<div class=\"wp-block-column is-layout-flow wp-block-column-is-layout-flow\" style=\"flex-basis:100%\">\n<div class=\"wp-block-group is-layout-constrained wp-block-group-is-layout-constrained\"><div class=\"wp-block-group__inner-container\">\n<div class=\"wp-block-columns is-layout-flex wp-container-core-columns-layout-1 wp-block-columns-is-layout-flex\">\n<div class=\"wp-block-column is-layout-flow wp-block-column-is-layout-flow\">\n<figure class=\"wp-block-image size-full\"><img loading=\"lazy\" decoding=\"async\" width=\"300\" height=\"400\" src=\"http:\/\/actekine.fr\/wp-content\/uploads\/2023\/11\/IMG_0407.jpg\" alt=\"\" class=\"wp-image-983\" srcset=\"https:\/\/actekine.fr\/wp-content\/uploads\/2023\/11\/IMG_0407.jpg 300w, https:\/\/actekine.fr\/wp-content\/uploads\/2023\/11\/IMG_0407-225x300.jpg 225w\" sizes=\"(max-width: 300px) 100vw, 300px\" \/><\/figure>\n<\/div>\n\n\n\n<div class=\"wp-block-column is-layout-flow wp-block-column-is-layout-flow\">\n<figure class=\"wp-block-image size-full\"><img loading=\"lazy\" decoding=\"async\" width=\"480\" height=\"640\" src=\"http:\/\/actekine.fr\/wp-content\/uploads\/2023\/11\/IMG_0408-rotated.jpg\" alt=\"\" class=\"wp-image-984\" srcset=\"https:\/\/actekine.fr\/wp-content\/uploads\/2023\/11\/IMG_0408-rotated.jpg 480w, https:\/\/actekine.fr\/wp-content\/uploads\/2023\/11\/IMG_0408-225x300.jpg 225w\" sizes=\"(max-width: 480px) 100vw, 480px\" \/><\/figure>\n<\/div>\n\n\n\n<div class=\"wp-block-column is-layout-flow wp-block-column-is-layout-flow\">\n<figure class=\"wp-block-image size-full\"><img loading=\"lazy\" decoding=\"async\" width=\"300\" height=\"400\" src=\"http:\/\/actekine.fr\/wp-content\/uploads\/2023\/11\/IMG_0403.jpg\" alt=\"\" class=\"wp-image-980\" srcset=\"https:\/\/actekine.fr\/wp-content\/uploads\/2023\/11\/IMG_0403.jpg 300w, https:\/\/actekine.fr\/wp-content\/uploads\/2023\/11\/IMG_0403-225x300.jpg 225w\" sizes=\"(max-width: 300px) 100vw, 300px\" \/><\/figure>\n<\/div>\n<\/div>\n<\/div><\/div>\n<\/div>\n<\/div>\n\n\n\n<div class=\"wp-block-group is-layout-constrained wp-block-group-is-layout-constrained\"><div class=\"wp-block-group__inner-container\">\n<div class=\"wp-block-columns is-layout-flex wp-container-core-columns-layout-3 wp-block-columns-is-layout-flex\">\n<div class=\"wp-block-column is-layout-flow wp-block-column-is-layout-flow\">\n<figure class=\"wp-block-image size-full\"><img loading=\"lazy\" decoding=\"async\" width=\"480\" height=\"640\" src=\"http:\/\/actekine.fr\/wp-content\/uploads\/2023\/11\/IMG_0404-rotated.jpg\" alt=\"\" class=\"wp-image-981\" srcset=\"https:\/\/actekine.fr\/wp-content\/uploads\/2023\/11\/IMG_0404-rotated.jpg 480w, https:\/\/actekine.fr\/wp-content\/uploads\/2023\/11\/IMG_0404-225x300.jpg 225w\" sizes=\"(max-width: 480px) 100vw, 480px\" \/><\/figure>\n<\/div>\n\n\n\n<div class=\"wp-block-column is-layout-flow wp-block-column-is-layout-flow\">\n<figure class=\"wp-block-image size-full\"><img loading=\"lazy\" decoding=\"async\" width=\"480\" height=\"640\" src=\"http:\/\/actekine.fr\/wp-content\/uploads\/2023\/11\/IMG_0406-rotated.jpg\" alt=\"\" class=\"wp-image-987\" srcset=\"https:\/\/actekine.fr\/wp-content\/uploads\/2023\/11\/IMG_0406-rotated.jpg 480w, https:\/\/actekine.fr\/wp-content\/uploads\/2023\/11\/IMG_0406-225x300.jpg 225w\" sizes=\"(max-width: 480px) 100vw, 480px\" \/><\/figure>\n<\/div>\n\n\n\n<div class=\"wp-block-column is-layout-flow wp-block-column-is-layout-flow\">\n<figure class=\"wp-block-image size-full\"><img loading=\"lazy\" decoding=\"async\" width=\"480\" height=\"640\" src=\"http:\/\/actekine.fr\/wp-content\/uploads\/2023\/11\/IMG_0405-rotated.jpg\" alt=\"\" class=\"wp-image-982\" srcset=\"https:\/\/actekine.fr\/wp-content\/uploads\/2023\/11\/IMG_0405-rotated.jpg 480w, https:\/\/actekine.fr\/wp-content\/uploads\/2023\/11\/IMG_0405-225x300.jpg 225w\" sizes=\"(max-width: 480px) 100vw, 480px\" \/><\/figure>\n<\/div>\n<\/div>\n<\/div><\/div>\n\n\n<div class=\"wp-block-image\">\n<figure class=\"aligncenter size-full\"><img loading=\"lazy\" decoding=\"async\" width=\"640\" height=\"480\" src=\"http:\/\/actekine.fr\/wp-content\/uploads\/2023\/11\/IMG_0410.jpg\" alt=\"\" class=\"wp-image-988\" srcset=\"https:\/\/actekine.fr\/wp-content\/uploads\/2023\/11\/IMG_0410.jpg 640w, https:\/\/actekine.fr\/wp-content\/uploads\/2023\/11\/IMG_0410-300x225.jpg 300w\" sizes=\"(max-width: 640px) 100vw, 640px\" \/><\/figure><\/div>\n\n\n<p><em>* Une ordonnance avec la mention \u00ab\u00a0en piscine\u00a0\u00bb permet non seulement de faire des soins de baln\u00e9oth\u00e9rapie mais n&#8217;emp\u00eache pas non plus de choisir de r\u00e9aliser des soins \u00ab\u00a0\u00e0 sec\u00a0\u00bb. En revanche l&rsquo;absence de cette mention ne permet pas au kin\u00e9sith\u00e9rapeute de vous proposer des soins en piscine. Pensez-y !<\/em><\/p>\n","protected":false},"excerpt":{"rendered":"<p>D\u00e9couvrir une r\u00e9\u00e9ducation autrement<\/p>\n","protected":false},"author":2,"featured_media":970,"parent":0,"menu_order":0,"comment_status":"closed","ping_status":"closed","template":"","meta":{"footnotes":""},"yoast_head":"<!-- This site is optimized with the Yoast SEO plugin v21.7 - https:\/\/yoast.com\/wordpress\/plugins\/seo\/ -->\n<title>Baln\u00e9oth\u00e9rapie - Fr\u00e9d\u00e9ric LINEE, Masseur-Kin\u00e9sith\u00e9rapeute \u00e0 Loupian<\/title>\n<meta name=\"robots\" content=\"index, follow, max-snippet:-1, max-image-preview:large, max-video-preview:-1\" \/>\n<link rel=\"canonical\" href=\"http:\/\/actekine.fr\/index.php\/balneotherapie-2\/\" \/>\n<meta property=\"og:locale\" content=\"fr_FR\" \/>\n<meta property=\"og:type\" content=\"article\" \/>\n<meta property=\"og:title\" content=\"Baln\u00e9oth\u00e9rapie - Fr\u00e9d\u00e9ric LINEE, Masseur-Kin\u00e9sith\u00e9rapeute \u00e0 Loupian\" \/>\n<meta property=\"og:description\" content=\"D\u00e9couvrir une r\u00e9\u00e9ducation autrement\" \/>\n<meta property=\"og:url\" content=\"http:\/\/actekine.fr\/index.php\/balneotherapie-2\/\" \/>\n<meta property=\"og:site_name\" content=\"Fr\u00e9d\u00e9ric LINEE, Masseur-Kin\u00e9sith\u00e9rapeute \u00e0 Loupian\" \/>\n<meta property=\"article:modified_time\" content=\"2025-04-12T20:19:31+00:00\" \/>\n<meta property=\"og:image\" content=\"http:\/\/actekine.fr\/wp-content\/uploads\/2023\/11\/400x300.jpg\" \/>\n\t<meta property=\"og:image:width\" content=\"400\" \/>\n\t<meta property=\"og:image:height\" content=\"300\" \/>\n\t<meta property=\"og:image:type\" content=\"image\/jpeg\" \/>\n<meta name=\"twitter:card\" content=\"summary_large_image\" \/>\n<meta name=\"twitter:label1\" content=\"Dur\u00e9e de lecture estim\u00e9e\" \/>\n\t<meta name=\"twitter:data1\" content=\"3 minutes\" \/>\n<script type=\"application\/ld+json\" class=\"yoast-schema-graph\">{\"@context\":\"https:\/\/schema.org\",\"@graph\":[{\"@type\":\"WebPage\",\"@id\":\"http:\/\/actekine.fr\/index.php\/balneotherapie-2\/\",\"url\":\"http:\/\/actekine.fr\/index.php\/balneotherapie-2\/\",\"name\":\"Baln\u00e9oth\u00e9rapie - Fr\u00e9d\u00e9ric LINEE, Masseur-Kin\u00e9sith\u00e9rapeute \u00e0 Loupian\",\"isPartOf\":{\"@id\":\"http:\/\/actekine.fr\/#website\"},\"datePublished\":\"2023-11-15T09:34:27+00:00\",\"dateModified\":\"2025-04-12T20:19:31+00:00\",\"breadcrumb\":{\"@id\":\"http:\/\/actekine.fr\/index.php\/balneotherapie-2\/#breadcrumb\"},\"inLanguage\":\"fr-FR\",\"potentialAction\":[{\"@type\":\"ReadAction\",\"target\":[\"http:\/\/actekine.fr\/index.php\/balneotherapie-2\/\"]}]},{\"@type\":\"BreadcrumbList\",\"@id\":\"http:\/\/actekine.fr\/index.php\/balneotherapie-2\/#breadcrumb\",\"itemListElement\":[{\"@type\":\"ListItem\",\"position\":1,\"name\":\"Accueil\",\"item\":\"http:\/\/actekine.fr\/\"},{\"@type\":\"ListItem\",\"position\":2,\"name\":\"Baln\u00e9oth\u00e9rapie\"}]},{\"@type\":\"WebSite\",\"@id\":\"http:\/\/actekine.fr\/#website\",\"url\":\"http:\/\/actekine.fr\/\",\"name\":\"Fr\u00e9d\u00e9ric LINEE, Masseur-Kin\u00e9sith\u00e9rapeute \u00e0 Loupian\",\"description\":\"Un site utilisant WordPress\",\"potentialAction\":[{\"@type\":\"SearchAction\",\"target\":{\"@type\":\"EntryPoint\",\"urlTemplate\":\"http:\/\/actekine.fr\/?s={search_term_string}\"},\"query-input\":\"required name=search_term_string\"}],\"inLanguage\":\"fr-FR\"}]}<\/script>\n<!-- \/ Yoast SEO plugin. -->","yoast_head_json":{"title":"Baln\u00e9oth\u00e9rapie - Fr\u00e9d\u00e9ric LINEE, Masseur-Kin\u00e9sith\u00e9rapeute \u00e0 Loupian","robots":{"index":"index","follow":"follow","max-snippet":"max-snippet:-1","max-image-preview":"max-image-preview:large","max-video-preview":"max-video-preview:-1"},"canonical":"http:\/\/actekine.fr\/index.php\/balneotherapie-2\/","og_locale":"fr_FR","og_type":"article","og_title":"Baln\u00e9oth\u00e9rapie - Fr\u00e9d\u00e9ric LINEE, Masseur-Kin\u00e9sith\u00e9rapeute \u00e0 Loupian","og_description":"D\u00e9couvrir une r\u00e9\u00e9ducation autrement","og_url":"http:\/\/actekine.fr\/index.php\/balneotherapie-2\/","og_site_name":"Fr\u00e9d\u00e9ric LINEE, Masseur-Kin\u00e9sith\u00e9rapeute \u00e0 Loupian","article_modified_time":"2025-04-12T20:19:31+00:00","og_image":[{"width":400,"height":300,"url":"http:\/\/actekine.fr\/wp-content\/uploads\/2023\/11\/400x300.jpg","type":"image\/jpeg"}],"twitter_card":"summary_large_image","twitter_misc":{"Dur\u00e9e de lecture estim\u00e9e":"3 minutes"},"schema":{"@context":"https:\/\/schema.org","@graph":[{"@type":"WebPage","@id":"http:\/\/actekine.fr\/index.php\/balneotherapie-2\/","url":"http:\/\/actekine.fr\/index.php\/balneotherapie-2\/","name":"Baln\u00e9oth\u00e9rapie - Fr\u00e9d\u00e9ric LINEE, Masseur-Kin\u00e9sith\u00e9rapeute \u00e0 Loupian","isPartOf":{"@id":"http:\/\/actekine.fr\/#website"},"datePublished":"2023-11-15T09:34:27+00:00","dateModified":"2025-04-12T20:19:31+00:00","breadcrumb":{"@id":"http:\/\/actekine.fr\/index.php\/balneotherapie-2\/#breadcrumb"},"inLanguage":"fr-FR","potentialAction":[{"@type":"ReadAction","target":["http:\/\/actekine.fr\/index.php\/balneotherapie-2\/"]}]},{"@type":"BreadcrumbList","@id":"http:\/\/actekine.fr\/index.php\/balneotherapie-2\/#breadcrumb","itemListElement":[{"@type":"ListItem","position":1,"name":"Accueil","item":"http:\/\/actekine.fr\/"},{"@type":"ListItem","position":2,"name":"Baln\u00e9oth\u00e9rapie"}]},{"@type":"WebSite","@id":"http:\/\/actekine.fr\/#website","url":"http:\/\/actekine.fr\/","name":"Fr\u00e9d\u00e9ric LINEE, Masseur-Kin\u00e9sith\u00e9rapeute \u00e0 Loupian","description":"Un site utilisant WordPress","potentialAction":[{"@type":"SearchAction","target":{"@type":"EntryPoint","urlTemplate":"http:\/\/actekine.fr\/?s={search_term_string}"},"query-input":"required name=search_term_string"}],"inLanguage":"fr-FR"}]}},"_links":{"self":[{"href":"https:\/\/actekine.fr\/index.php\/wp-json\/wp\/v2\/pages\/969"}],"collection":[{"href":"https:\/\/actekine.fr\/index.php\/wp-json\/wp\/v2\/pages"}],"about":[{"href":"https:\/\/actekine.fr\/index.php\/wp-json\/wp\/v2\/types\/page"}],"author":[{"embeddable":true,"href":"https:\/\/actekine.fr\/index.php\/wp-json\/wp\/v2\/users\/2"}],"replies":[{"embeddable":true,"href":"https:\/\/actekine.fr\/index.php\/wp-json\/wp\/v2\/comments?post=969"}],"version-history":[{"count":4,"href":"https:\/\/actekine.fr\/index.php\/wp-json\/wp\/v2\/pages\/969\/revisions"}],"predecessor-version":[{"id":990,"href":"https:\/\/actekine.fr\/index.php\/wp-json\/wp\/v2\/pages\/969\/revisions\/990"}],"wp:featuredmedia":[{"embeddable":true,"href":"https:\/\/actekine.fr\/index.php\/wp-json\/wp\/v2\/media\/970"}],"wp:attachment":[{"href":"https:\/\/actekine.fr\/index.php\/wp-json\/wp\/v2\/media?parent=969"}],"curies":[{"name":"wp","href":"https:\/\/api.w.org\/{rel}","templated":true}]}}