{"id":954,"date":"2023-11-14T17:50:29","date_gmt":"2023-11-14T16:50:29","guid":{"rendered":"http:\/\/actekine.fr\/?page_id=954"},"modified":"2023-12-12T17:21:15","modified_gmt":"2023-12-12T16:21:15","slug":"esprit-vitalite","status":"publish","type":"page","link":"https:\/\/actekine.fr\/index.php\/esprit-vitalite\/","title":{"rendered":"Esprit-Vitalit\u00e9"},"content":{"rendered":"\n<p><\/p>\n\n\n<div class=\"wp-block-image\">\n<figure class=\"alignleft size-medium\"><a href=\"https:\/\/espritvitalite.com\/\"><img loading=\"lazy\" decoding=\"async\" width=\"300\" height=\"225\" src=\"http:\/\/actekine.fr\/wp-content\/uploads\/2023\/11\/logo-esprit-vitalite-4x3-1-300x225.png\" alt=\"\" class=\"wp-image-953\" srcset=\"https:\/\/actekine.fr\/wp-content\/uploads\/2023\/11\/logo-esprit-vitalite-4x3-1-300x225.png 300w, https:\/\/actekine.fr\/wp-content\/uploads\/2023\/11\/logo-esprit-vitalite-4x3-1.png 400w\" sizes=\"(max-width: 300px) 100vw, 300px\" \/><\/a><\/figure><\/div>\n\n\n<p><strong>Esprit-Vitalit\u00e9<\/strong> est la soci\u00e9t\u00e9 de mon \u00e9pouse (Kay Lin\u00e9e). Elle propose des stages de bien-\u00eatre et de remise en forme dans le d\u00e9partement de l&rsquo;H\u00e9rault bas\u00e9s sur le je\u00fbne et la randonn\u00e9e. Si je vous propose d&rsquo;aborder cette activit\u00e9, c&rsquo;est tout simplement pour permettre de mieux connaitre cette pratique encadr\u00e9e par des professionnels et affili\u00e9z \u00e0 la F\u00e9d\u00e9ration Francophone de Je\u00fbne et Randonn\u00e9e (<a href=\"https:\/\/www.ffjr.com\">lien FFJR en un clic<\/a>). Il existe tant d&rsquo;informations souvent fausses et m\u00eame contradictoires qui circulent sur le net qu&rsquo;une \u00ab\u00a0remise \u00e0 niveau s\u00e9rieuse\u00a0\u00bb m&rsquo;a sembl\u00e9 n\u00e9cessaire.<\/p>\n\n\n\n<p>Bien \u00e9videmment vous pouvez vous rendre directement sur le site d&rsquo;Esprit-Vitalit\u00e9 pour d\u00e9couvrir les bienfaits du je\u00fbne (en cliquant sur ce lien <a href=\"https:\/\/espritvitalite.com\/\">Esprit Vitalit\u00e9 &#8211; Stages Je\u00fbne, Randonn\u00e9e &amp; Remise en forme Sud de France \/ espritvitalite.com<\/a> ou sur le logo) ou plus simplement d\u00e9couvrir les deux petites vid\u00e9os suivantes de moins d&rsquo;\u00e0 peine plus d&rsquo;une minute qui pr\u00e9sentent une journ\u00e9e type et quelques t\u00e9moignages.<\/p>\n\n\n\n<figure class=\"wp-block-embed is-type-video is-provider-youtube wp-block-embed-youtube wp-embed-aspect-16-9 wp-has-aspect-ratio\"><div class=\"wp-block-embed__wrapper\">\n<iframe loading=\"lazy\" title=\"Esprit Vitalit\u00e9 : une journ\u00e9e type en stage\" width=\"768\" height=\"432\" src=\"https:\/\/www.youtube.com\/embed\/1bgDWnENtuA?feature=oembed\" frameborder=\"0\" allow=\"accelerometer; autoplay; clipboard-write; encrypted-media; gyroscope; picture-in-picture; web-share\" allowfullscreen><\/iframe>\n<\/div><figcaption class=\"wp-element-caption\"><strong>Une journ\u00e9e de stage avec Esprit-Vitalit\u00e9<\/strong><\/figcaption><\/figure>\n\n\n\n<figure class=\"wp-block-embed aligncenter is-type-video is-provider-youtube wp-block-embed-youtube wp-embed-aspect-16-9 wp-has-aspect-ratio\"><div class=\"wp-block-embed__wrapper\">\n<iframe loading=\"lazy\" title=\"Esprit Vitalit\u00e9 - La randonn\u00e9e\" width=\"768\" height=\"432\" src=\"https:\/\/www.youtube.com\/embed\/-faNiohyo9I?feature=oembed\" frameborder=\"0\" allow=\"accelerometer; autoplay; clipboard-write; encrypted-media; gyroscope; picture-in-picture; web-share\" allowfullscreen><\/iframe> \n<\/div><figcaption class=\"wp-element-caption\"><strong>T\u00e9moignages en randonn\u00e9e<\/strong><\/figcaption><\/figure>\n\n\n\n<p><\/p>\n\n\n\n<p>\u00a0\u00bb <em>Le je\u00fbne est une restriction alimentaire, pouvant aller jusqu&rsquo;\u00e0 l&rsquo;abstention totale de nourriture, avec maintien ou non de la consommation d&rsquo;eau, selon qu&rsquo;il s&rsquo;agisse d&rsquo;un je\u00fbne sec ou hydrique. La pratique du je\u00fbne est une pratique ancestrale, utilis\u00e9e instinctivement par tous les animaux, dont les \u00eatres humains. Jusqu&rsquo;\u00e0 une p\u00e9riode r\u00e9cente (\u00e0 l&rsquo;\u00e9chelle de l&rsquo;humanit\u00e9), l&rsquo;homme je\u00fbnait r\u00e9guli\u00e8rement, soit lorsqu&rsquo;il \u00e9tait malade, soit parce qu&rsquo;il vivait au rythme des saisons que lui imposait la nature. Avec l&rsquo;\u00e9levage, l&rsquo;agriculture puis l&rsquo;industrialisation moderne, l&rsquo;humain a rompu ce lien avec la nature. Nous sommes aujourd&rsquo;hui suraliment\u00e9s tout au long de l&rsquo;ann\u00e9e, mais sommes encore g\u00e9n\u00e9tiquement programm\u00e9s pour pouvoir je\u00fbner.<\/em>\u00a0\u00bb  Kay Lin\u00e9e (<a href=\"http:\/\/espritvitalite.com\">espritvitalite.com<\/a>)<\/p>\n","protected":false},"excerpt":{"rendered":"<p>Page en construction<\/p>\n","protected":false},"author":2,"featured_media":953,"parent":0,"menu_order":0,"comment_status":"closed","ping_status":"closed","template":"","meta":{"footnotes":""},"yoast_head":"<!-- This site is optimized with the Yoast SEO plugin v21.7 - https:\/\/yoast.com\/wordpress\/plugins\/seo\/ -->\n<title>Esprit-Vitalit\u00e9 - Fr\u00e9d\u00e9ric LINEE, Masseur-Kin\u00e9sith\u00e9rapeute \u00e0 Loupian<\/title>\n<meta name=\"robots\" content=\"index, follow, max-snippet:-1, max-image-preview:large, max-video-preview:-1\" \/>\n<link rel=\"canonical\" href=\"http:\/\/actekine.fr\/index.php\/esprit-vitalite\/\" \/>\n<meta property=\"og:locale\" content=\"fr_FR\" \/>\n<meta property=\"og:type\" content=\"article\" \/>\n<meta property=\"og:title\" content=\"Esprit-Vitalit\u00e9 - Fr\u00e9d\u00e9ric LINEE, Masseur-Kin\u00e9sith\u00e9rapeute \u00e0 Loupian\" \/>\n<meta property=\"og:description\" content=\"Page en construction\" \/>\n<meta property=\"og:url\" content=\"http:\/\/actekine.fr\/index.php\/esprit-vitalite\/\" \/>\n<meta property=\"og:site_name\" content=\"Fr\u00e9d\u00e9ric LINEE, Masseur-Kin\u00e9sith\u00e9rapeute \u00e0 Loupian\" \/>\n<meta property=\"article:modified_time\" content=\"2023-12-12T16:21:15+00:00\" \/>\n<meta property=\"og:image\" content=\"http:\/\/actekine.fr\/wp-content\/uploads\/2023\/11\/logo-esprit-vitalite-4x3-1.png\" \/>\n\t<meta property=\"og:image:width\" content=\"400\" \/>\n\t<meta property=\"og:image:height\" content=\"300\" \/>\n\t<meta property=\"og:image:type\" content=\"image\/png\" \/>\n<meta name=\"twitter:card\" content=\"summary_large_image\" \/>\n<meta name=\"twitter:label1\" content=\"Dur\u00e9e de lecture estim\u00e9e\" \/>\n\t<meta name=\"twitter:data1\" content=\"2 minutes\" \/>\n<script type=\"application\/ld+json\" class=\"yoast-schema-graph\">{\"@context\":\"https:\/\/schema.org\",\"@graph\":[{\"@type\":\"WebPage\",\"@id\":\"http:\/\/actekine.fr\/index.php\/esprit-vitalite\/\",\"url\":\"http:\/\/actekine.fr\/index.php\/esprit-vitalite\/\",\"name\":\"Esprit-Vitalit\u00e9 - Fr\u00e9d\u00e9ric LINEE, Masseur-Kin\u00e9sith\u00e9rapeute \u00e0 Loupian\",\"isPartOf\":{\"@id\":\"http:\/\/actekine.fr\/#website\"},\"datePublished\":\"2023-11-14T16:50:29+00:00\",\"dateModified\":\"2023-12-12T16:21:15+00:00\",\"breadcrumb\":{\"@id\":\"http:\/\/actekine.fr\/index.php\/esprit-vitalite\/#breadcrumb\"},\"inLanguage\":\"fr-FR\",\"potentialAction\":[{\"@type\":\"ReadAction\",\"target\":[\"http:\/\/actekine.fr\/index.php\/esprit-vitalite\/\"]}]},{\"@type\":\"BreadcrumbList\",\"@id\":\"http:\/\/actekine.fr\/index.php\/esprit-vitalite\/#breadcrumb\",\"itemListElement\":[{\"@type\":\"ListItem\",\"position\":1,\"name\":\"Accueil\",\"item\":\"http:\/\/actekine.fr\/\"},{\"@type\":\"ListItem\",\"position\":2,\"name\":\"Esprit-Vitalit\u00e9\"}]},{\"@type\":\"WebSite\",\"@id\":\"http:\/\/actekine.fr\/#website\",\"url\":\"http:\/\/actekine.fr\/\",\"name\":\"Fr\u00e9d\u00e9ric LINEE, Masseur-Kin\u00e9sith\u00e9rapeute \u00e0 Loupian\",\"description\":\"Un site utilisant WordPress\",\"potentialAction\":[{\"@type\":\"SearchAction\",\"target\":{\"@type\":\"EntryPoint\",\"urlTemplate\":\"http:\/\/actekine.fr\/?s={search_term_string}\"},\"query-input\":\"required name=search_term_string\"}],\"inLanguage\":\"fr-FR\"}]}<\/script>\n<!-- \/ Yoast SEO plugin. -->","yoast_head_json":{"title":"Esprit-Vitalit\u00e9 - Fr\u00e9d\u00e9ric LINEE, Masseur-Kin\u00e9sith\u00e9rapeute \u00e0 Loupian","robots":{"index":"index","follow":"follow","max-snippet":"max-snippet:-1","max-image-preview":"max-image-preview:large","max-video-preview":"max-video-preview:-1"},"canonical":"http:\/\/actekine.fr\/index.php\/esprit-vitalite\/","og_locale":"fr_FR","og_type":"article","og_title":"Esprit-Vitalit\u00e9 - Fr\u00e9d\u00e9ric LINEE, Masseur-Kin\u00e9sith\u00e9rapeute \u00e0 Loupian","og_description":"Page en construction","og_url":"http:\/\/actekine.fr\/index.php\/esprit-vitalite\/","og_site_name":"Fr\u00e9d\u00e9ric LINEE, Masseur-Kin\u00e9sith\u00e9rapeute \u00e0 Loupian","article_modified_time":"2023-12-12T16:21:15+00:00","og_image":[{"width":400,"height":300,"url":"http:\/\/actekine.fr\/wp-content\/uploads\/2023\/11\/logo-esprit-vitalite-4x3-1.png","type":"image\/png"}],"twitter_card":"summary_large_image","twitter_misc":{"Dur\u00e9e de lecture estim\u00e9e":"2 minutes"},"schema":{"@context":"https:\/\/schema.org","@graph":[{"@type":"WebPage","@id":"http:\/\/actekine.fr\/index.php\/esprit-vitalite\/","url":"http:\/\/actekine.fr\/index.php\/esprit-vitalite\/","name":"Esprit-Vitalit\u00e9 - Fr\u00e9d\u00e9ric LINEE, Masseur-Kin\u00e9sith\u00e9rapeute \u00e0 Loupian","isPartOf":{"@id":"http:\/\/actekine.fr\/#website"},"datePublished":"2023-11-14T16:50:29+00:00","dateModified":"2023-12-12T16:21:15+00:00","breadcrumb":{"@id":"http:\/\/actekine.fr\/index.php\/esprit-vitalite\/#breadcrumb"},"inLanguage":"fr-FR","potentialAction":[{"@type":"ReadAction","target":["http:\/\/actekine.fr\/index.php\/esprit-vitalite\/"]}]},{"@type":"BreadcrumbList","@id":"http:\/\/actekine.fr\/index.php\/esprit-vitalite\/#breadcrumb","itemListElement":[{"@type":"ListItem","position":1,"name":"Accueil","item":"http:\/\/actekine.fr\/"},{"@type":"ListItem","position":2,"name":"Esprit-Vitalit\u00e9"}]},{"@type":"WebSite","@id":"http:\/\/actekine.fr\/#website","url":"http:\/\/actekine.fr\/","name":"Fr\u00e9d\u00e9ric LINEE, Masseur-Kin\u00e9sith\u00e9rapeute \u00e0 Loupian","description":"Un site utilisant WordPress","potentialAction":[{"@type":"SearchAction","target":{"@type":"EntryPoint","urlTemplate":"http:\/\/actekine.fr\/?s={search_term_string}"},"query-input":"required name=search_term_string"}],"inLanguage":"fr-FR"}]}},"_links":{"self":[{"href":"https:\/\/actekine.fr\/index.php\/wp-json\/wp\/v2\/pages\/954"}],"collection":[{"href":"https:\/\/actekine.fr\/index.php\/wp-json\/wp\/v2\/pages"}],"about":[{"href":"https:\/\/actekine.fr\/index.php\/wp-json\/wp\/v2\/types\/page"}],"author":[{"embeddable":true,"href":"https:\/\/actekine.fr\/index.php\/wp-json\/wp\/v2\/users\/2"}],"replies":[{"embeddable":true,"href":"https:\/\/actekine.fr\/index.php\/wp-json\/wp\/v2\/comments?post=954"}],"version-history":[{"count":10,"href":"https:\/\/actekine.fr\/index.php\/wp-json\/wp\/v2\/pages\/954\/revisions"}],"predecessor-version":[{"id":1111,"href":"https:\/\/actekine.fr\/index.php\/wp-json\/wp\/v2\/pages\/954\/revisions\/1111"}],"wp:featuredmedia":[{"embeddable":true,"href":"https:\/\/actekine.fr\/index.php\/wp-json\/wp\/v2\/media\/953"}],"wp:attachment":[{"href":"https:\/\/actekine.fr\/index.php\/wp-json\/wp\/v2\/media?parent=954"}],"curies":[{"name":"wp","href":"https:\/\/api.w.org\/{rel}","templated":true}]}}