{"id":713,"date":"2021-12-08T18:03:10","date_gmt":"2021-12-08T17:03:10","guid":{"rendered":"http:\/\/actekine.fr\/?page_id=713"},"modified":"2025-04-13T19:41:44","modified_gmt":"2025-04-13T17:41:44","slug":"videos","status":"publish","type":"page","link":"https:\/\/actekine.fr\/index.php\/videos\/","title":{"rendered":"Les vid\u00e9os"},"content":{"rendered":"\n<p>Retrouvez quelques vid\u00e9os d&rsquo;informations mises en ligne sur le site (en cliquant sur chaque titre)<\/p>\n\n\n\n<p><\/p>\n\n\n\n<ul>\n<li><strong><a href=\"https:\/\/youtu.be\/b0eArepNrU8\">Visite du P\u00f4le 3 K<\/a><\/strong> (avril 2025)<\/li>\n\n\n\n<li><strong><a href=\"https:\/\/youtu.be\/lVaxR0lQ138\">Bain d&rsquo;hiver avec Esprit-Vitalit\u00e9<\/a><\/strong> (f\u00e9vrier 2025)<\/li>\n\n\n\n<li><strong><a href=\"https:\/\/youtu.be\/bBbZxe6hyAA\">Le je\u00fbne, enqu\u00eate sur un ph\u00e9nom\u00e8ne<\/a><\/strong> (janvier 2025)<\/li>\n\n\n\n<li><strong><a href=\"https:\/\/youtu.be\/mCm7bDNjhSc?si=ISa6oriW_C1RXC_W\">Bapt\u00eame de l&rsquo;air de Jessika<\/a><\/strong> (ao\u00fbt 2024)<\/li>\n\n\n\n<li><a href=\"https:\/\/actekine.fr\/index.php\/2024\/08\/04\/bapteme-de-julien\/\"><strong>Bapt\u00eame de l&rsquo;air de Julien<\/strong><\/a> (juillet 2024)<\/li>\n\n\n\n<li><a href=\"https:\/\/www.youtube.com\/watch?v=Xggx956Yn88\" target=\"_blank\" rel=\"noreferrer noopener\"><strong>Aquabiking exemple de s\u00e9ance cardio<\/strong><\/a> (f\u00e9vrier 2024)<\/li>\n\n\n\n<li><strong><a href=\"https:\/\/youtu.be\/r73MGM_wKd8?feature=shared\" target=\"_blank\" rel=\"noreferrer noopener\">Aquabiking exemple de s\u00e9ance pour d\u00e9butant <\/a><\/strong>(janvier 2024)<\/li>\n\n\n\n<li><strong><a href=\"https:\/\/youtu.be\/RYFNW9N5wsY?feature=shared\" target=\"_blank\" rel=\"noreferrer noopener\">Aquabiking exemple de s\u00e9ance tonique haut du corps<\/a><\/strong> (janvier 2024)<\/li>\n\n\n\n<li><strong><a href=\"https:\/\/youtu.be\/N-l6dM59y7E?feature=shared\" target=\"_blank\" rel=\"noreferrer noopener\">Bain de l&rsquo;Avent<\/a><\/strong> (23 d\u00e9cembre 2023)<\/li>\n\n\n\n<li><strong><a href=\"https:\/\/youtu.be\/1bgDWnENtuA\" target=\"_blank\" rel=\"noreferrer noopener\">Une journ\u00e9e de stage avec Esprit-Vitalit\u00e9<\/a><\/strong> (septembre 2023)<\/li>\n\n\n\n<li><strong><a href=\"https:\/\/youtu.be\/WaavxaD98Cc\" target=\"_blank\" rel=\"noreferrer noopener\">Lever de soleil<\/a><\/strong> (juillet 2023)<\/li>\n\n\n\n<li><a href=\"https:\/\/youtu.be\/Pt8tn4SYnKw?si=ltuBShW3VxSMU9im\" target=\"_blank\" rel=\"noreferrer noopener\"><strong>Bain d&rsquo;avril 2023 \u00e0 13 degr\u00e9s<\/strong><\/a> (avril 2023)<\/li>\n\n\n\n<li><a href=\"https:\/\/youtu.be\/vOH1obTQrTY\" target=\"_blank\" rel=\"noreferrer noopener\"><strong>Bain du Nouvel An de Frontignan<\/strong><\/a> (8 janvier 2023)<\/li>\n\n\n\n<li><a href=\"https:\/\/youtu.be\/YD-fN50JegU\" target=\"_blank\" rel=\"noreferrer noopener\"><strong>Les bienfaits de la marche Blog<\/strong><\/a> (14 septembre 2022)<\/li>\n\n\n\n<li><strong><a href=\"https:\/\/youtu.be\/uJi_XqK5LD4?feature=shared\" target=\"_blank\" rel=\"noreferrer noopener\">Tuto : Bien drainer ses bronches<\/a><\/strong> (21 janvier 2022)<\/li>\n\n\n\n<li><strong><a href=\"https:\/\/youtu.be\/LRh7tWWfb3Y\" target=\"_blank\" rel=\"noreferrer noopener\">L&rsquo;autophagie en deux minutes<\/a><\/strong> (12 mai 2021)<\/li>\n\n\n\n<li><strong><a href=\"https:\/\/www.youtube.com\/watch?v=IisgnbMfKvI&amp;feature=youtu.be\" target=\"_blank\" rel=\"noreferrer noopener\">Tuto : Bien se laver les mains<\/a><\/strong> (15 janvier 2021)<\/li>\n<\/ul>\n\n\n\n<p><\/p>\n","protected":false},"excerpt":{"rendered":"<p>Retrouvez quelques vid\u00e9os d&rsquo;informations mises en ligne sur le site (en cliquant sur chaque titre)<\/p>\n","protected":false},"author":2,"featured_media":0,"parent":0,"menu_order":0,"comment_status":"closed","ping_status":"closed","template":"","meta":{"footnotes":""},"yoast_head":"<!-- This site is optimized with the Yoast SEO plugin v21.7 - https:\/\/yoast.com\/wordpress\/plugins\/seo\/ -->\n<title>Les vid\u00e9os - Fr\u00e9d\u00e9ric LINEE, Masseur-Kin\u00e9sith\u00e9rapeute \u00e0 Loupian<\/title>\n<meta name=\"description\" content=\"Quelques vid\u00e9os du site Fr\u00e9d\u00e9ric Lin\u00e9e Masseur-Kin\u00e9sith\u00e9rapeute \u00e0 Loupian\" \/>\n<meta name=\"robots\" content=\"index, follow, max-snippet:-1, max-image-preview:large, max-video-preview:-1\" \/>\n<link rel=\"canonical\" href=\"http:\/\/actekine.fr\/index.php\/videos\/\" \/>\n<meta property=\"og:locale\" content=\"fr_FR\" \/>\n<meta property=\"og:type\" content=\"article\" \/>\n<meta property=\"og:title\" content=\"Les vid\u00e9os - Fr\u00e9d\u00e9ric LINEE, Masseur-Kin\u00e9sith\u00e9rapeute \u00e0 Loupian\" \/>\n<meta property=\"og:description\" content=\"Quelques vid\u00e9os du site Fr\u00e9d\u00e9ric Lin\u00e9e Masseur-Kin\u00e9sith\u00e9rapeute \u00e0 Loupian\" \/>\n<meta property=\"og:url\" content=\"http:\/\/actekine.fr\/index.php\/videos\/\" \/>\n<meta property=\"og:site_name\" content=\"Fr\u00e9d\u00e9ric LINEE, Masseur-Kin\u00e9sith\u00e9rapeute \u00e0 Loupian\" \/>\n<meta property=\"article:modified_time\" content=\"2025-04-13T17:41:44+00:00\" \/>\n<meta name=\"twitter:card\" content=\"summary_large_image\" \/>\n<meta name=\"twitter:label1\" content=\"Dur\u00e9e de lecture estim\u00e9e\" \/>\n\t<meta name=\"twitter:data1\" content=\"1 minute\" \/>\n<script type=\"application\/ld+json\" class=\"yoast-schema-graph\">{\"@context\":\"https:\/\/schema.org\",\"@graph\":[{\"@type\":\"WebPage\",\"@id\":\"http:\/\/actekine.fr\/index.php\/videos\/\",\"url\":\"http:\/\/actekine.fr\/index.php\/videos\/\",\"name\":\"Les vid\u00e9os - Fr\u00e9d\u00e9ric LINEE, Masseur-Kin\u00e9sith\u00e9rapeute \u00e0 Loupian\",\"isPartOf\":{\"@id\":\"http:\/\/actekine.fr\/#website\"},\"datePublished\":\"2021-12-08T17:03:10+00:00\",\"dateModified\":\"2025-04-13T17:41:44+00:00\",\"description\":\"Quelques vid\u00e9os du site Fr\u00e9d\u00e9ric Lin\u00e9e Masseur-Kin\u00e9sith\u00e9rapeute \u00e0 Loupian\",\"breadcrumb\":{\"@id\":\"http:\/\/actekine.fr\/index.php\/videos\/#breadcrumb\"},\"inLanguage\":\"fr-FR\",\"potentialAction\":[{\"@type\":\"ReadAction\",\"target\":[\"http:\/\/actekine.fr\/index.php\/videos\/\"]}]},{\"@type\":\"BreadcrumbList\",\"@id\":\"http:\/\/actekine.fr\/index.php\/videos\/#breadcrumb\",\"itemListElement\":[{\"@type\":\"ListItem\",\"position\":1,\"name\":\"Accueil\",\"item\":\"http:\/\/actekine.fr\/\"},{\"@type\":\"ListItem\",\"position\":2,\"name\":\"Les vid\u00e9os\"}]},{\"@type\":\"WebSite\",\"@id\":\"http:\/\/actekine.fr\/#website\",\"url\":\"http:\/\/actekine.fr\/\",\"name\":\"Fr\u00e9d\u00e9ric LINEE, Masseur-Kin\u00e9sith\u00e9rapeute \u00e0 Loupian\",\"description\":\"Un site utilisant WordPress\",\"potentialAction\":[{\"@type\":\"SearchAction\",\"target\":{\"@type\":\"EntryPoint\",\"urlTemplate\":\"http:\/\/actekine.fr\/?s={search_term_string}\"},\"query-input\":\"required name=search_term_string\"}],\"inLanguage\":\"fr-FR\"}]}<\/script>\n<!-- \/ Yoast SEO plugin. -->","yoast_head_json":{"title":"Les vid\u00e9os - Fr\u00e9d\u00e9ric LINEE, Masseur-Kin\u00e9sith\u00e9rapeute \u00e0 Loupian","description":"Quelques vid\u00e9os du site Fr\u00e9d\u00e9ric Lin\u00e9e Masseur-Kin\u00e9sith\u00e9rapeute \u00e0 Loupian","robots":{"index":"index","follow":"follow","max-snippet":"max-snippet:-1","max-image-preview":"max-image-preview:large","max-video-preview":"max-video-preview:-1"},"canonical":"http:\/\/actekine.fr\/index.php\/videos\/","og_locale":"fr_FR","og_type":"article","og_title":"Les vid\u00e9os - Fr\u00e9d\u00e9ric LINEE, Masseur-Kin\u00e9sith\u00e9rapeute \u00e0 Loupian","og_description":"Quelques vid\u00e9os du site Fr\u00e9d\u00e9ric Lin\u00e9e Masseur-Kin\u00e9sith\u00e9rapeute \u00e0 Loupian","og_url":"http:\/\/actekine.fr\/index.php\/videos\/","og_site_name":"Fr\u00e9d\u00e9ric LINEE, Masseur-Kin\u00e9sith\u00e9rapeute \u00e0 Loupian","article_modified_time":"2025-04-13T17:41:44+00:00","twitter_card":"summary_large_image","twitter_misc":{"Dur\u00e9e de lecture estim\u00e9e":"1 minute"},"schema":{"@context":"https:\/\/schema.org","@graph":[{"@type":"WebPage","@id":"http:\/\/actekine.fr\/index.php\/videos\/","url":"http:\/\/actekine.fr\/index.php\/videos\/","name":"Les vid\u00e9os - Fr\u00e9d\u00e9ric LINEE, Masseur-Kin\u00e9sith\u00e9rapeute \u00e0 Loupian","isPartOf":{"@id":"http:\/\/actekine.fr\/#website"},"datePublished":"2021-12-08T17:03:10+00:00","dateModified":"2025-04-13T17:41:44+00:00","description":"Quelques vid\u00e9os du site Fr\u00e9d\u00e9ric Lin\u00e9e Masseur-Kin\u00e9sith\u00e9rapeute \u00e0 Loupian","breadcrumb":{"@id":"http:\/\/actekine.fr\/index.php\/videos\/#breadcrumb"},"inLanguage":"fr-FR","potentialAction":[{"@type":"ReadAction","target":["http:\/\/actekine.fr\/index.php\/videos\/"]}]},{"@type":"BreadcrumbList","@id":"http:\/\/actekine.fr\/index.php\/videos\/#breadcrumb","itemListElement":[{"@type":"ListItem","position":1,"name":"Accueil","item":"http:\/\/actekine.fr\/"},{"@type":"ListItem","position":2,"name":"Les vid\u00e9os"}]},{"@type":"WebSite","@id":"http:\/\/actekine.fr\/#website","url":"http:\/\/actekine.fr\/","name":"Fr\u00e9d\u00e9ric LINEE, Masseur-Kin\u00e9sith\u00e9rapeute \u00e0 Loupian","description":"Un site utilisant WordPress","potentialAction":[{"@type":"SearchAction","target":{"@type":"EntryPoint","urlTemplate":"http:\/\/actekine.fr\/?s={search_term_string}"},"query-input":"required name=search_term_string"}],"inLanguage":"fr-FR"}]}},"_links":{"self":[{"href":"https:\/\/actekine.fr\/index.php\/wp-json\/wp\/v2\/pages\/713"}],"collection":[{"href":"https:\/\/actekine.fr\/index.php\/wp-json\/wp\/v2\/pages"}],"about":[{"href":"https:\/\/actekine.fr\/index.php\/wp-json\/wp\/v2\/types\/page"}],"author":[{"embeddable":true,"href":"https:\/\/actekine.fr\/index.php\/wp-json\/wp\/v2\/users\/2"}],"replies":[{"embeddable":true,"href":"https:\/\/actekine.fr\/index.php\/wp-json\/wp\/v2\/comments?post=713"}],"version-history":[{"count":30,"href":"https:\/\/actekine.fr\/index.php\/wp-json\/wp\/v2\/pages\/713\/revisions"}],"predecessor-version":[{"id":1428,"href":"https:\/\/actekine.fr\/index.php\/wp-json\/wp\/v2\/pages\/713\/revisions\/1428"}],"wp:attachment":[{"href":"https:\/\/actekine.fr\/index.php\/wp-json\/wp\/v2\/media?parent=713"}],"curies":[{"name":"wp","href":"https:\/\/api.w.org\/{rel}","templated":true}]}}