{"id":65,"date":"2020-04-21T12:32:48","date_gmt":"2020-04-21T10:32:48","guid":{"rendered":"http:\/\/actekine.fr\/?page_id=65"},"modified":"2023-11-20T13:54:31","modified_gmt":"2023-11-20T12:54:31","slug":"votre-equipe","status":"publish","type":"page","link":"https:\/\/actekine.fr\/index.php\/votre-equipe\/","title":{"rendered":"Fr\u00e9d\u00e9ric &#038; Co"},"content":{"rendered":"\n<p>Je ne suis pas seul au P\u00f4le 3K de Loupian.<\/p>\n\n\n\n<p>Bien \u00e9videmment il y a Jessika que j&rsquo;appelle affectueusement \u00ab\u00a0la patronne\u00a0\u00bb puisqu&rsquo;elle est \u00e0 l&rsquo;origine de la construction du centre, de son am\u00e9nagement mais aussi responsable de sa gestion, sans oublier Julien qui apporte la petite touche de jeunesse indispensable \u00e0 l&rsquo;\u00e9quipe.<\/p>\n\n\n\n<p>Pour en savoir plus, un clic suffit sur chacun de nos pr\u00e9noms :<\/p>\n\n\n\n<ul>\n<li>Jessika <em>(bient\u00f4t en ligne)<\/em><\/li>\n\n\n\n<li>Julien <em>(bient\u00f4t en ligne)<\/em><\/li>\n\n\n\n<li><a href=\"http:\/\/actekine.fr\/index.php\/frederic-linee\/\">Fr\u00e9d\u00e9ric<\/a><\/li>\n<\/ul>\n","protected":false},"excerpt":{"rendered":"<p>Une \u00e9quipe<\/p>\n","protected":false},"author":2,"featured_media":70,"parent":0,"menu_order":0,"comment_status":"closed","ping_status":"closed","template":"","meta":{"footnotes":""},"yoast_head":"<!-- This site is optimized with the Yoast SEO plugin v21.7 - https:\/\/yoast.com\/wordpress\/plugins\/seo\/ -->\n<title>Fr\u00e9d\u00e9ric &amp; Co - Fr\u00e9d\u00e9ric LINEE, Masseur-Kin\u00e9sith\u00e9rapeute \u00e0 Loupian<\/title>\n<meta name=\"description\" content=\"Pr\u00e9sentation de Fr\u00e9d\u00e9ric Lin\u00e9e - Masseur Kin\u00e9 \u00e0 Loupian\" \/>\n<meta name=\"robots\" content=\"index, follow, max-snippet:-1, max-image-preview:large, max-video-preview:-1\" \/>\n<link rel=\"canonical\" href=\"http:\/\/actekine.fr\/index.php\/votre-equipe\/\" \/>\n<meta property=\"og:locale\" content=\"fr_FR\" \/>\n<meta property=\"og:type\" content=\"article\" \/>\n<meta property=\"og:title\" content=\"Fr\u00e9d\u00e9ric &amp; Co - Fr\u00e9d\u00e9ric LINEE, Masseur-Kin\u00e9sith\u00e9rapeute \u00e0 Loupian\" \/>\n<meta property=\"og:description\" content=\"Pr\u00e9sentation de Fr\u00e9d\u00e9ric Lin\u00e9e - Masseur Kin\u00e9 \u00e0 Loupian\" \/>\n<meta property=\"og:url\" content=\"http:\/\/actekine.fr\/index.php\/votre-equipe\/\" \/>\n<meta property=\"og:site_name\" content=\"Fr\u00e9d\u00e9ric LINEE, Masseur-Kin\u00e9sith\u00e9rapeute \u00e0 Loupian\" \/>\n<meta property=\"article:modified_time\" content=\"2023-11-20T12:54:31+00:00\" \/>\n<meta property=\"og:image\" content=\"http:\/\/actekine.fr\/wp-content\/uploads\/2023\/11\/IMG_0455.jpg\" \/>\n\t<meta property=\"og:image:width\" content=\"323\" \/>\n\t<meta property=\"og:image:height\" content=\"640\" \/>\n\t<meta property=\"og:image:type\" content=\"image\/jpeg\" \/>\n<meta name=\"twitter:card\" content=\"summary_large_image\" \/>\n<meta name=\"twitter:label1\" content=\"Dur\u00e9e de lecture estim\u00e9e\" \/>\n\t<meta name=\"twitter:data1\" content=\"1 minute\" \/>\n<script type=\"application\/ld+json\" class=\"yoast-schema-graph\">{\"@context\":\"https:\/\/schema.org\",\"@graph\":[{\"@type\":\"WebPage\",\"@id\":\"http:\/\/actekine.fr\/index.php\/votre-equipe\/\",\"url\":\"http:\/\/actekine.fr\/index.php\/votre-equipe\/\",\"name\":\"Fr\u00e9d\u00e9ric & Co - Fr\u00e9d\u00e9ric LINEE, Masseur-Kin\u00e9sith\u00e9rapeute \u00e0 Loupian\",\"isPartOf\":{\"@id\":\"http:\/\/actekine.fr\/#website\"},\"datePublished\":\"2020-04-21T10:32:48+00:00\",\"dateModified\":\"2023-11-20T12:54:31+00:00\",\"description\":\"Pr\u00e9sentation de Fr\u00e9d\u00e9ric Lin\u00e9e - Masseur Kin\u00e9 \u00e0 Loupian\",\"breadcrumb\":{\"@id\":\"http:\/\/actekine.fr\/index.php\/votre-equipe\/#breadcrumb\"},\"inLanguage\":\"fr-FR\",\"potentialAction\":[{\"@type\":\"ReadAction\",\"target\":[\"http:\/\/actekine.fr\/index.php\/votre-equipe\/\"]}]},{\"@type\":\"BreadcrumbList\",\"@id\":\"http:\/\/actekine.fr\/index.php\/votre-equipe\/#breadcrumb\",\"itemListElement\":[{\"@type\":\"ListItem\",\"position\":1,\"name\":\"Accueil\",\"item\":\"http:\/\/actekine.fr\/\"},{\"@type\":\"ListItem\",\"position\":2,\"name\":\"Fr\u00e9d\u00e9ric &#038; Co\"}]},{\"@type\":\"WebSite\",\"@id\":\"http:\/\/actekine.fr\/#website\",\"url\":\"http:\/\/actekine.fr\/\",\"name\":\"Fr\u00e9d\u00e9ric LINEE, Masseur-Kin\u00e9sith\u00e9rapeute \u00e0 Loupian\",\"description\":\"Un site utilisant WordPress\",\"potentialAction\":[{\"@type\":\"SearchAction\",\"target\":{\"@type\":\"EntryPoint\",\"urlTemplate\":\"http:\/\/actekine.fr\/?s={search_term_string}\"},\"query-input\":\"required name=search_term_string\"}],\"inLanguage\":\"fr-FR\"}]}<\/script>\n<!-- \/ Yoast SEO plugin. -->","yoast_head_json":{"title":"Fr\u00e9d\u00e9ric & Co - Fr\u00e9d\u00e9ric LINEE, Masseur-Kin\u00e9sith\u00e9rapeute \u00e0 Loupian","description":"Pr\u00e9sentation de Fr\u00e9d\u00e9ric Lin\u00e9e - Masseur Kin\u00e9 \u00e0 Loupian","robots":{"index":"index","follow":"follow","max-snippet":"max-snippet:-1","max-image-preview":"max-image-preview:large","max-video-preview":"max-video-preview:-1"},"canonical":"http:\/\/actekine.fr\/index.php\/votre-equipe\/","og_locale":"fr_FR","og_type":"article","og_title":"Fr\u00e9d\u00e9ric & Co - Fr\u00e9d\u00e9ric LINEE, Masseur-Kin\u00e9sith\u00e9rapeute \u00e0 Loupian","og_description":"Pr\u00e9sentation de Fr\u00e9d\u00e9ric Lin\u00e9e - Masseur Kin\u00e9 \u00e0 Loupian","og_url":"http:\/\/actekine.fr\/index.php\/votre-equipe\/","og_site_name":"Fr\u00e9d\u00e9ric LINEE, Masseur-Kin\u00e9sith\u00e9rapeute \u00e0 Loupian","article_modified_time":"2023-11-20T12:54:31+00:00","og_image":[{"width":323,"height":640,"url":"http:\/\/actekine.fr\/wp-content\/uploads\/2023\/11\/IMG_0455.jpg","type":"image\/jpeg"}],"twitter_card":"summary_large_image","twitter_misc":{"Dur\u00e9e de lecture estim\u00e9e":"1 minute"},"schema":{"@context":"https:\/\/schema.org","@graph":[{"@type":"WebPage","@id":"http:\/\/actekine.fr\/index.php\/votre-equipe\/","url":"http:\/\/actekine.fr\/index.php\/votre-equipe\/","name":"Fr\u00e9d\u00e9ric & Co - Fr\u00e9d\u00e9ric LINEE, Masseur-Kin\u00e9sith\u00e9rapeute \u00e0 Loupian","isPartOf":{"@id":"http:\/\/actekine.fr\/#website"},"datePublished":"2020-04-21T10:32:48+00:00","dateModified":"2023-11-20T12:54:31+00:00","description":"Pr\u00e9sentation de Fr\u00e9d\u00e9ric Lin\u00e9e - Masseur Kin\u00e9 \u00e0 Loupian","breadcrumb":{"@id":"http:\/\/actekine.fr\/index.php\/votre-equipe\/#breadcrumb"},"inLanguage":"fr-FR","potentialAction":[{"@type":"ReadAction","target":["http:\/\/actekine.fr\/index.php\/votre-equipe\/"]}]},{"@type":"BreadcrumbList","@id":"http:\/\/actekine.fr\/index.php\/votre-equipe\/#breadcrumb","itemListElement":[{"@type":"ListItem","position":1,"name":"Accueil","item":"http:\/\/actekine.fr\/"},{"@type":"ListItem","position":2,"name":"Fr\u00e9d\u00e9ric &#038; Co"}]},{"@type":"WebSite","@id":"http:\/\/actekine.fr\/#website","url":"http:\/\/actekine.fr\/","name":"Fr\u00e9d\u00e9ric LINEE, Masseur-Kin\u00e9sith\u00e9rapeute \u00e0 Loupian","description":"Un site utilisant WordPress","potentialAction":[{"@type":"SearchAction","target":{"@type":"EntryPoint","urlTemplate":"http:\/\/actekine.fr\/?s={search_term_string}"},"query-input":"required name=search_term_string"}],"inLanguage":"fr-FR"}]}},"_links":{"self":[{"href":"https:\/\/actekine.fr\/index.php\/wp-json\/wp\/v2\/pages\/65"}],"collection":[{"href":"https:\/\/actekine.fr\/index.php\/wp-json\/wp\/v2\/pages"}],"about":[{"href":"https:\/\/actekine.fr\/index.php\/wp-json\/wp\/v2\/types\/page"}],"author":[{"embeddable":true,"href":"https:\/\/actekine.fr\/index.php\/wp-json\/wp\/v2\/users\/2"}],"replies":[{"embeddable":true,"href":"https:\/\/actekine.fr\/index.php\/wp-json\/wp\/v2\/comments?post=65"}],"version-history":[{"count":44,"href":"https:\/\/actekine.fr\/index.php\/wp-json\/wp\/v2\/pages\/65\/revisions"}],"predecessor-version":[{"id":1075,"href":"https:\/\/actekine.fr\/index.php\/wp-json\/wp\/v2\/pages\/65\/revisions\/1075"}],"wp:featuredmedia":[{"embeddable":true,"href":"https:\/\/actekine.fr\/index.php\/wp-json\/wp\/v2\/media\/70"}],"wp:attachment":[{"href":"https:\/\/actekine.fr\/index.php\/wp-json\/wp\/v2\/media?parent=65"}],"curies":[{"name":"wp","href":"https:\/\/api.w.org\/{rel}","templated":true}]}}