{"id":44,"date":"2020-04-21T12:04:47","date_gmt":"2020-04-21T10:04:47","guid":{"rendered":"http:\/\/actekine.fr\/?page_id=44"},"modified":"2023-11-27T14:02:13","modified_gmt":"2023-11-27T13:02:13","slug":"frederic-linee","status":"publish","type":"page","link":"https:\/\/actekine.fr\/index.php\/frederic-linee\/","title":{"rendered":"Fr\u00e9d\u00e9ric Lin\u00e9e"},"content":{"rendered":"\n<p>Dipl\u00f4m\u00e9 en juin 1991 de <a href=\"https:\/\/www.aderf.fr\/\" target=\"_blank\" rel=\"noreferrer noopener\">l&rsquo;A.D.E.R.F. &#8211; \u00c9cole de kin\u00e9sith\u00e9rapie de Paris<\/a>, j&rsquo;ai commenc\u00e9 mon activit\u00e9 lib\u00e9rale au Pecq (78) avant de partir au service militaire \u00e0 l&rsquo;h\u00f4pital Dominique Larrey de Versailles (Officier du service de sant\u00e9 des arm\u00e9es). \u00c0 mon retour, en septembre 1992, je m&rsquo;installe \u00e0 Chambourcy (78) tout d&rsquo;abord seul avant de m&rsquo;agrandir en construisant en 2000 un centre de r\u00e9\u00e9ducation (avec 3 collaborateurs).<\/p>\n\n\n\n<p>Parall\u00e8lement je cr\u00e9e, en 1995, un cabinet de baln\u00e9oth\u00e9rapie \u00e0 Poissy ainsi qu&rsquo;un r\u00e9seau, en 1997, pour les soins de kin\u00e9sith\u00e9rapie respiratoire du nourrisson des weekends et des jours f\u00e9ri\u00e9s.<\/p>\n\n\n\n<p>En septembre 2023, je quitte la r\u00e9gion parisienne pour venir profiter des bienfaits du soleil et de la m\u00e9diterran\u00e9e et j&rsquo;int\u00e8gre le P\u00f4le 3K \u00e0 Loupian avec Jessika Boisnel et Julien Pr\u00e9vot.<\/p>\n\n\n\n<p>Depuis plus de 30 ans d&rsquo;exercice professionnel, je me suis aussi form\u00e9 \u00e0 de nombreuses techniques dont :<\/p>\n\n\n\n<ul>\n<li>Massages californiens<\/li>\n\n\n\n<li>Technique de lib\u00e9ration des vertiges positionnels paroxystiques b\u00e9nins<\/li>\n\n\n\n<li>Th\u00e9rapies manuelles du rachis<\/li>\n\n\n\n<li>Kin\u00e9sith\u00e9rapie respiratoire de l&rsquo;adulte et de l&rsquo;enfant<\/li>\n\n\n\n<li>Biom\u00e9canique de la marche<\/li>\n<\/ul>\n\n\n\n<p>En marge de ma pratique lib\u00e9rale, j&rsquo;ai aussi pass\u00e9 une licence de Droit et ai si\u00e9g\u00e9 au Conseil d\u00e9partemental de l&rsquo;Ordre des Yvelines (en charge notamment du droit des contrats). <\/p>\n\n\n\n<p>L&rsquo;exp\u00e9rience, la disponibilit\u00e9 et la bonne humeur sont, me semble-t-il, les atouts qui me caract\u00e9risent.<\/p>\n","protected":false},"excerpt":{"rendered":"<p>Dipl\u00f4m\u00e9 en juin 1991 de l&rsquo;A.D.E.R.F. &#8211; \u00c9cole de kin\u00e9sith\u00e9rapie de Paris, j&rsquo;ai commenc\u00e9 mon activit\u00e9 lib\u00e9rale au Pecq (78) avant de partir au service militaire \u00e0 l&rsquo;h\u00f4pital Dominique Larrey de Versailles (Officier du service de sant\u00e9 des arm\u00e9es). \u00c0 mon retour, en septembre 1992, je m&rsquo;installe \u00e0 Chambourcy (78) tout d&rsquo;abord seul avant de [&hellip;]<\/p>\n","protected":false},"author":2,"featured_media":0,"parent":0,"menu_order":0,"comment_status":"closed","ping_status":"closed","template":"","meta":{"footnotes":""},"yoast_head":"<!-- This site is optimized with the Yoast SEO plugin v21.7 - https:\/\/yoast.com\/wordpress\/plugins\/seo\/ -->\n<title>Fr\u00e9d\u00e9ric Lin\u00e9e - Fr\u00e9d\u00e9ric LINEE, Masseur-Kin\u00e9sith\u00e9rapeute \u00e0 Loupian<\/title>\n<meta name=\"robots\" content=\"index, follow, max-snippet:-1, max-image-preview:large, max-video-preview:-1\" \/>\n<link rel=\"canonical\" href=\"http:\/\/actekine.fr\/index.php\/frederic-linee\/\" \/>\n<meta property=\"og:locale\" content=\"fr_FR\" \/>\n<meta property=\"og:type\" content=\"article\" \/>\n<meta property=\"og:title\" content=\"Fr\u00e9d\u00e9ric Lin\u00e9e\" \/>\n<meta property=\"og:description\" content=\"Dipl\u00f4m\u00e9 en juin 1991 de l&rsquo;A.D.E.R.F. &#8211; \u00c9cole de kin\u00e9sith\u00e9rapie de Paris, j&rsquo;ai commenc\u00e9 mon activit\u00e9 lib\u00e9rale au Pecq (78) avant de partir au service militaire \u00e0 l&rsquo;h\u00f4pital Dominique Larrey de Versailles (Officier du service de sant\u00e9 des arm\u00e9es). \u00c0 mon retour, en septembre 1992, je m&rsquo;installe \u00e0 Chambourcy (78) tout d&rsquo;abord seul avant de [&hellip;]\" \/>\n<meta property=\"og:url\" content=\"http:\/\/actekine.fr\/index.php\/frederic-linee\/\" \/>\n<meta property=\"og:site_name\" content=\"Fr\u00e9d\u00e9ric LINEE, Masseur-Kin\u00e9sith\u00e9rapeute \u00e0 Loupian\" \/>\n<meta property=\"article:modified_time\" content=\"2023-11-27T13:02:13+00:00\" \/>\n<meta property=\"og:image\" content=\"http:\/\/actekine.fr\/wp-content\/uploads\/2023\/11\/IMG_0455.jpg\" \/>\n\t<meta property=\"og:image:width\" content=\"323\" \/>\n\t<meta property=\"og:image:height\" content=\"640\" \/>\n\t<meta property=\"og:image:type\" content=\"image\/jpeg\" \/>\n<meta name=\"twitter:card\" content=\"summary_large_image\" \/>\n<meta name=\"twitter:label1\" content=\"Dur\u00e9e de lecture estim\u00e9e\" \/>\n\t<meta name=\"twitter:data1\" content=\"2 minutes\" \/>\n<script type=\"application\/ld+json\" class=\"yoast-schema-graph\">{\"@context\":\"https:\/\/schema.org\",\"@graph\":[{\"@type\":\"WebPage\",\"@id\":\"http:\/\/actekine.fr\/index.php\/frederic-linee\/\",\"url\":\"http:\/\/actekine.fr\/index.php\/frederic-linee\/\",\"name\":\"Fr\u00e9d\u00e9ric Lin\u00e9e - Fr\u00e9d\u00e9ric LINEE, Masseur-Kin\u00e9sith\u00e9rapeute \u00e0 Loupian\",\"isPartOf\":{\"@id\":\"http:\/\/actekine.fr\/#website\"},\"datePublished\":\"2020-04-21T10:04:47+00:00\",\"dateModified\":\"2023-11-27T13:02:13+00:00\",\"breadcrumb\":{\"@id\":\"http:\/\/actekine.fr\/index.php\/frederic-linee\/#breadcrumb\"},\"inLanguage\":\"fr-FR\",\"potentialAction\":[{\"@type\":\"ReadAction\",\"target\":[\"http:\/\/actekine.fr\/index.php\/frederic-linee\/\"]}]},{\"@type\":\"BreadcrumbList\",\"@id\":\"http:\/\/actekine.fr\/index.php\/frederic-linee\/#breadcrumb\",\"itemListElement\":[{\"@type\":\"ListItem\",\"position\":1,\"name\":\"Accueil\",\"item\":\"http:\/\/actekine.fr\/\"},{\"@type\":\"ListItem\",\"position\":2,\"name\":\"Fr\u00e9d\u00e9ric Lin\u00e9e\"}]},{\"@type\":\"WebSite\",\"@id\":\"http:\/\/actekine.fr\/#website\",\"url\":\"http:\/\/actekine.fr\/\",\"name\":\"Fr\u00e9d\u00e9ric LINEE, Masseur-Kin\u00e9sith\u00e9rapeute \u00e0 Loupian\",\"description\":\"Un site utilisant WordPress\",\"potentialAction\":[{\"@type\":\"SearchAction\",\"target\":{\"@type\":\"EntryPoint\",\"urlTemplate\":\"http:\/\/actekine.fr\/?s={search_term_string}\"},\"query-input\":\"required name=search_term_string\"}],\"inLanguage\":\"fr-FR\"}]}<\/script>\n<!-- \/ Yoast SEO plugin. -->","yoast_head_json":{"title":"Fr\u00e9d\u00e9ric Lin\u00e9e - Fr\u00e9d\u00e9ric LINEE, Masseur-Kin\u00e9sith\u00e9rapeute \u00e0 Loupian","robots":{"index":"index","follow":"follow","max-snippet":"max-snippet:-1","max-image-preview":"max-image-preview:large","max-video-preview":"max-video-preview:-1"},"canonical":"http:\/\/actekine.fr\/index.php\/frederic-linee\/","og_locale":"fr_FR","og_type":"article","og_title":"Fr\u00e9d\u00e9ric Lin\u00e9e","og_description":"Dipl\u00f4m\u00e9 en juin 1991 de l&rsquo;A.D.E.R.F. &#8211; \u00c9cole de kin\u00e9sith\u00e9rapie de Paris, j&rsquo;ai commenc\u00e9 mon activit\u00e9 lib\u00e9rale au Pecq (78) avant de partir au service militaire \u00e0 l&rsquo;h\u00f4pital Dominique Larrey de Versailles (Officier du service de sant\u00e9 des arm\u00e9es). \u00c0 mon retour, en septembre 1992, je m&rsquo;installe \u00e0 Chambourcy (78) tout d&rsquo;abord seul avant de [&hellip;]","og_url":"http:\/\/actekine.fr\/index.php\/frederic-linee\/","og_site_name":"Fr\u00e9d\u00e9ric LINEE, Masseur-Kin\u00e9sith\u00e9rapeute \u00e0 Loupian","article_modified_time":"2023-11-27T13:02:13+00:00","og_image":[{"width":323,"height":640,"url":"http:\/\/actekine.fr\/wp-content\/uploads\/2023\/11\/IMG_0455.jpg","type":"image\/jpeg"}],"twitter_card":"summary_large_image","twitter_misc":{"Dur\u00e9e de lecture estim\u00e9e":"2 minutes"},"schema":{"@context":"https:\/\/schema.org","@graph":[{"@type":"WebPage","@id":"http:\/\/actekine.fr\/index.php\/frederic-linee\/","url":"http:\/\/actekine.fr\/index.php\/frederic-linee\/","name":"Fr\u00e9d\u00e9ric Lin\u00e9e - Fr\u00e9d\u00e9ric LINEE, Masseur-Kin\u00e9sith\u00e9rapeute \u00e0 Loupian","isPartOf":{"@id":"http:\/\/actekine.fr\/#website"},"datePublished":"2020-04-21T10:04:47+00:00","dateModified":"2023-11-27T13:02:13+00:00","breadcrumb":{"@id":"http:\/\/actekine.fr\/index.php\/frederic-linee\/#breadcrumb"},"inLanguage":"fr-FR","potentialAction":[{"@type":"ReadAction","target":["http:\/\/actekine.fr\/index.php\/frederic-linee\/"]}]},{"@type":"BreadcrumbList","@id":"http:\/\/actekine.fr\/index.php\/frederic-linee\/#breadcrumb","itemListElement":[{"@type":"ListItem","position":1,"name":"Accueil","item":"http:\/\/actekine.fr\/"},{"@type":"ListItem","position":2,"name":"Fr\u00e9d\u00e9ric Lin\u00e9e"}]},{"@type":"WebSite","@id":"http:\/\/actekine.fr\/#website","url":"http:\/\/actekine.fr\/","name":"Fr\u00e9d\u00e9ric LINEE, Masseur-Kin\u00e9sith\u00e9rapeute \u00e0 Loupian","description":"Un site utilisant WordPress","potentialAction":[{"@type":"SearchAction","target":{"@type":"EntryPoint","urlTemplate":"http:\/\/actekine.fr\/?s={search_term_string}"},"query-input":"required name=search_term_string"}],"inLanguage":"fr-FR"}]}},"_links":{"self":[{"href":"https:\/\/actekine.fr\/index.php\/wp-json\/wp\/v2\/pages\/44"}],"collection":[{"href":"https:\/\/actekine.fr\/index.php\/wp-json\/wp\/v2\/pages"}],"about":[{"href":"https:\/\/actekine.fr\/index.php\/wp-json\/wp\/v2\/types\/page"}],"author":[{"embeddable":true,"href":"https:\/\/actekine.fr\/index.php\/wp-json\/wp\/v2\/users\/2"}],"replies":[{"embeddable":true,"href":"https:\/\/actekine.fr\/index.php\/wp-json\/wp\/v2\/comments?post=44"}],"version-history":[{"count":14,"href":"https:\/\/actekine.fr\/index.php\/wp-json\/wp\/v2\/pages\/44\/revisions"}],"predecessor-version":[{"id":1189,"href":"https:\/\/actekine.fr\/index.php\/wp-json\/wp\/v2\/pages\/44\/revisions\/1189"}],"wp:attachment":[{"href":"https:\/\/actekine.fr\/index.php\/wp-json\/wp\/v2\/media?parent=44"}],"curies":[{"name":"wp","href":"https:\/\/api.w.org\/{rel}","templated":true}]}}