{"id":275,"date":"2020-04-22T22:36:22","date_gmt":"2020-04-22T20:36:22","guid":{"rendered":"http:\/\/actekine.fr\/?page_id=275"},"modified":"2020-04-22T22:36:22","modified_gmt":"2020-04-22T20:36:22","slug":"d-l-m","status":"publish","type":"page","link":"https:\/\/actekine.fr\/index.php\/d-l-m\/","title":{"rendered":"D.L.M."},"content":{"rendered":"\n<h4 class=\"wp-block-heading\">&#8230; ou Drainage lymphatique Manuel<\/h4>\n\n\n\n<p>UN PEU d&rsquo;HISTOIRE :<\/p>\n\n\n\n<p>Il y a 3000 ans\u00a0d\u00e9j\u00e0, les \u00e9gyptiens, connaissaient l&rsquo;existence d&rsquo;une autre circulation, parall\u00e8le \u00e0 la circulation sanguine. En 1932, Estrid et Emil Vodder, d\u00e9couvrent qu&rsquo;en caressant le visage, les \u0153d\u00e8mes diminuent. Ils mettent au point les 4 man\u0153uvres de base du drainage lymphatique. En 1956, le Professeur F\u00f6ldi, d\u00e9bute ses recherches et pr\u00e9sente sa technique en 1981.<\/p>\n\n\n\n<p>UN PEU d&rsquo;ANATOMIE:<\/p>\n\n\n\n<p>Le syst\u00e8me lymphatique\u00a0est form\u00e9 d&rsquo;un liquide, la lymphe, de vaisseaux charg\u00e9s de son transport, les vaisseaux lymphatiques et de plusieurs structures et organes annexes comme les ganglions (500 \u00e0 700 par personne). Il remplit plusieurs fonctions\u00a0:<br>&#8211; il draine\u00a0le liquide interstitiel<br>&#8211;\u00a0il transporte\u00a0les graisses alimentaires il \u00e9limine des d\u00e9chets<br>&#8211;\u00a0il prot\u00e8ge\u00a0l&rsquo;organisme contre les corps \u00e9trangers<br>La lymphe traverse\u00a0les ganglions lymphatiques qui filtrent les substances \u00e9trang\u00e8res contenues dans la lymphe, qui sont d\u00e9truites par la suite par les macrophages par phagocytose.<br>Le drainage lymphatique\u00a0est une des nombreuses fonctions physiologiques, au m\u00eame titre que les autres fonctions automatiques de l&rsquo;organisme.<br>L&rsquo;aspect souvent incolore de la lymphe\u00a0a sans doute contribu\u00e9 \u00e0 lui accorder un r\u00f4le \u00e0 ce point discret qu&rsquo;il a fallu tr\u00e8s longtemps avant que les chercheurs ne s&rsquo;y int\u00e9ressent vraiment.<\/p>\n\n\n\n<p>Il s&rsquo;agit d&rsquo;une technique de massage<em> <\/em>qui acc\u00e9l\u00e8re ou force la lymphe dans sa circulation de retour en la dirigeant vers les ganglions des aines, des aisselles et vers la veine sous-clavi\u00e8re.<br>Pour comprendre l&rsquo;importance du syst\u00e8me lymphatique, il suffit de se rappeler que si l&rsquo;apport d&rsquo;\u00e9nergie est indispensable \u00e0 toute vie, l&rsquo;\u00e9limination des d\u00e9chets ne l&rsquo;est pas moins.<\/p>\n\n\n\n<p>CHAMP d&rsquo;APPLICATION du D.L.M. :<\/p>\n\n\n\n<ul><li>Oed\u00e8mes<\/li><li>Inflammations\u00a0(suite \u00e0 un traumatisme, ex. entorse de cheville, \u0153d\u00e8me post-op\u00e9ratoire, etc.)<\/li><li>Cicatrices<\/li><li>\u00ab\u00a0Gros bras\u00a0\u00bb\u00a0post op\u00e9ratoire (radioth\u00e9rapie)<\/li><li>Ulc\u00e8res<\/li><li>Dysfonctions du syst\u00e8me lymphatique<\/li><li>Probl\u00e8mes de r\u00e9tention d&rsquo;eau\u00a0\u00ab jambes lourdes \u00bb<\/li><\/ul>\n","protected":false},"excerpt":{"rendered":"<p>&#8230; ou Drainage lymphatique Manuel UN PEU d&rsquo;HISTOIRE : Il y a 3000 ans\u00a0d\u00e9j\u00e0, les \u00e9gyptiens, connaissaient l&rsquo;existence d&rsquo;une autre circulation, parall\u00e8le \u00e0 la circulation sanguine. En 1932, Estrid et Emil Vodder, d\u00e9couvrent qu&rsquo;en caressant le visage, les \u0153d\u00e8mes diminuent. Ils mettent au point les 4 man\u0153uvres de base du drainage lymphatique. En 1956, le [&hellip;]<\/p>\n","protected":false},"author":2,"featured_media":0,"parent":0,"menu_order":0,"comment_status":"closed","ping_status":"closed","template":"","meta":{"footnotes":""},"yoast_head":"<!-- This site is optimized with the Yoast SEO plugin v21.7 - https:\/\/yoast.com\/wordpress\/plugins\/seo\/ -->\n<title>D.L.M. - Fr\u00e9d\u00e9ric LINEE, Masseur-Kin\u00e9sith\u00e9rapeute \u00e0 Loupian<\/title>\n<meta name=\"robots\" content=\"index, follow, max-snippet:-1, max-image-preview:large, max-video-preview:-1\" \/>\n<link rel=\"canonical\" href=\"https:\/\/actekine.fr\/index.php\/d-l-m\/\" \/>\n<meta property=\"og:locale\" content=\"fr_FR\" \/>\n<meta property=\"og:type\" content=\"article\" \/>\n<meta property=\"og:title\" content=\"D.L.M. - Fr\u00e9d\u00e9ric LINEE, Masseur-Kin\u00e9sith\u00e9rapeute \u00e0 Loupian\" \/>\n<meta property=\"og:description\" content=\"&#8230; ou Drainage lymphatique Manuel UN PEU d&rsquo;HISTOIRE : Il y a 3000 ans\u00a0d\u00e9j\u00e0, les \u00e9gyptiens, connaissaient l&rsquo;existence d&rsquo;une autre circulation, parall\u00e8le \u00e0 la circulation sanguine. En 1932, Estrid et Emil Vodder, d\u00e9couvrent qu&rsquo;en caressant le visage, les \u0153d\u00e8mes diminuent. Ils mettent au point les 4 man\u0153uvres de base du drainage lymphatique. En 1956, le [&hellip;]\" \/>\n<meta property=\"og:url\" content=\"https:\/\/actekine.fr\/index.php\/d-l-m\/\" \/>\n<meta property=\"og:site_name\" content=\"Fr\u00e9d\u00e9ric LINEE, Masseur-Kin\u00e9sith\u00e9rapeute \u00e0 Loupian\" \/>\n<meta name=\"twitter:card\" content=\"summary_large_image\" \/>\n<meta name=\"twitter:label1\" content=\"Dur\u00e9e de lecture estim\u00e9e\" \/>\n\t<meta name=\"twitter:data1\" content=\"2 minutes\" \/>\n<script type=\"application\/ld+json\" class=\"yoast-schema-graph\">{\"@context\":\"https:\/\/schema.org\",\"@graph\":[{\"@type\":\"WebPage\",\"@id\":\"https:\/\/actekine.fr\/index.php\/d-l-m\/\",\"url\":\"https:\/\/actekine.fr\/index.php\/d-l-m\/\",\"name\":\"D.L.M. - Fr\u00e9d\u00e9ric LINEE, Masseur-Kin\u00e9sith\u00e9rapeute \u00e0 Loupian\",\"isPartOf\":{\"@id\":\"http:\/\/actekine.fr\/#website\"},\"datePublished\":\"2020-04-22T20:36:22+00:00\",\"dateModified\":\"2020-04-22T20:36:22+00:00\",\"breadcrumb\":{\"@id\":\"https:\/\/actekine.fr\/index.php\/d-l-m\/#breadcrumb\"},\"inLanguage\":\"fr-FR\",\"potentialAction\":[{\"@type\":\"ReadAction\",\"target\":[\"https:\/\/actekine.fr\/index.php\/d-l-m\/\"]}]},{\"@type\":\"BreadcrumbList\",\"@id\":\"https:\/\/actekine.fr\/index.php\/d-l-m\/#breadcrumb\",\"itemListElement\":[{\"@type\":\"ListItem\",\"position\":1,\"name\":\"Accueil\",\"item\":\"http:\/\/actekine.fr\/\"},{\"@type\":\"ListItem\",\"position\":2,\"name\":\"D.L.M.\"}]},{\"@type\":\"WebSite\",\"@id\":\"http:\/\/actekine.fr\/#website\",\"url\":\"http:\/\/actekine.fr\/\",\"name\":\"Fr\u00e9d\u00e9ric LINEE, Masseur-Kin\u00e9sith\u00e9rapeute \u00e0 Loupian\",\"description\":\"Un site utilisant WordPress\",\"potentialAction\":[{\"@type\":\"SearchAction\",\"target\":{\"@type\":\"EntryPoint\",\"urlTemplate\":\"http:\/\/actekine.fr\/?s={search_term_string}\"},\"query-input\":\"required name=search_term_string\"}],\"inLanguage\":\"fr-FR\"}]}<\/script>\n<!-- \/ Yoast SEO plugin. -->","yoast_head_json":{"title":"D.L.M. - Fr\u00e9d\u00e9ric LINEE, Masseur-Kin\u00e9sith\u00e9rapeute \u00e0 Loupian","robots":{"index":"index","follow":"follow","max-snippet":"max-snippet:-1","max-image-preview":"max-image-preview:large","max-video-preview":"max-video-preview:-1"},"canonical":"https:\/\/actekine.fr\/index.php\/d-l-m\/","og_locale":"fr_FR","og_type":"article","og_title":"D.L.M. - Fr\u00e9d\u00e9ric LINEE, Masseur-Kin\u00e9sith\u00e9rapeute \u00e0 Loupian","og_description":"&#8230; ou Drainage lymphatique Manuel UN PEU d&rsquo;HISTOIRE : Il y a 3000 ans\u00a0d\u00e9j\u00e0, les \u00e9gyptiens, connaissaient l&rsquo;existence d&rsquo;une autre circulation, parall\u00e8le \u00e0 la circulation sanguine. En 1932, Estrid et Emil Vodder, d\u00e9couvrent qu&rsquo;en caressant le visage, les \u0153d\u00e8mes diminuent. Ils mettent au point les 4 man\u0153uvres de base du drainage lymphatique. En 1956, le [&hellip;]","og_url":"https:\/\/actekine.fr\/index.php\/d-l-m\/","og_site_name":"Fr\u00e9d\u00e9ric LINEE, Masseur-Kin\u00e9sith\u00e9rapeute \u00e0 Loupian","twitter_card":"summary_large_image","twitter_misc":{"Dur\u00e9e de lecture estim\u00e9e":"2 minutes"},"schema":{"@context":"https:\/\/schema.org","@graph":[{"@type":"WebPage","@id":"https:\/\/actekine.fr\/index.php\/d-l-m\/","url":"https:\/\/actekine.fr\/index.php\/d-l-m\/","name":"D.L.M. - Fr\u00e9d\u00e9ric LINEE, Masseur-Kin\u00e9sith\u00e9rapeute \u00e0 Loupian","isPartOf":{"@id":"http:\/\/actekine.fr\/#website"},"datePublished":"2020-04-22T20:36:22+00:00","dateModified":"2020-04-22T20:36:22+00:00","breadcrumb":{"@id":"https:\/\/actekine.fr\/index.php\/d-l-m\/#breadcrumb"},"inLanguage":"fr-FR","potentialAction":[{"@type":"ReadAction","target":["https:\/\/actekine.fr\/index.php\/d-l-m\/"]}]},{"@type":"BreadcrumbList","@id":"https:\/\/actekine.fr\/index.php\/d-l-m\/#breadcrumb","itemListElement":[{"@type":"ListItem","position":1,"name":"Accueil","item":"http:\/\/actekine.fr\/"},{"@type":"ListItem","position":2,"name":"D.L.M."}]},{"@type":"WebSite","@id":"http:\/\/actekine.fr\/#website","url":"http:\/\/actekine.fr\/","name":"Fr\u00e9d\u00e9ric LINEE, Masseur-Kin\u00e9sith\u00e9rapeute \u00e0 Loupian","description":"Un site utilisant WordPress","potentialAction":[{"@type":"SearchAction","target":{"@type":"EntryPoint","urlTemplate":"http:\/\/actekine.fr\/?s={search_term_string}"},"query-input":"required name=search_term_string"}],"inLanguage":"fr-FR"}]}},"_links":{"self":[{"href":"https:\/\/actekine.fr\/index.php\/wp-json\/wp\/v2\/pages\/275"}],"collection":[{"href":"https:\/\/actekine.fr\/index.php\/wp-json\/wp\/v2\/pages"}],"about":[{"href":"https:\/\/actekine.fr\/index.php\/wp-json\/wp\/v2\/types\/page"}],"author":[{"embeddable":true,"href":"https:\/\/actekine.fr\/index.php\/wp-json\/wp\/v2\/users\/2"}],"replies":[{"embeddable":true,"href":"https:\/\/actekine.fr\/index.php\/wp-json\/wp\/v2\/comments?post=275"}],"version-history":[{"count":1,"href":"https:\/\/actekine.fr\/index.php\/wp-json\/wp\/v2\/pages\/275\/revisions"}],"predecessor-version":[{"id":276,"href":"https:\/\/actekine.fr\/index.php\/wp-json\/wp\/v2\/pages\/275\/revisions\/276"}],"wp:attachment":[{"href":"https:\/\/actekine.fr\/index.php\/wp-json\/wp\/v2\/media?parent=275"}],"curies":[{"name":"wp","href":"https:\/\/api.w.org\/{rel}","templated":true}]}}