{"id":259,"date":"2020-04-22T20:50:27","date_gmt":"2020-04-22T18:50:27","guid":{"rendered":"http:\/\/actekine.fr\/?page_id=259"},"modified":"2024-02-04T16:31:21","modified_gmt":"2024-02-04T15:31:21","slug":"massages-suedois","status":"publish","type":"page","link":"https:\/\/actekine.fr\/index.php\/massages-suedois\/","title":{"rendered":"Massages su\u00e9dois"},"content":{"rendered":"\n<p>Le massage su\u00e9dois\u00a0est une technique de massage dynamique qui vise \u00e0 dissoudre les tensions et \u00e0 raffermir les muscles et les articulations. Son effet tonifiant et relaxant favorise la circulation sanguine et lymphatique et l\u2019\u00e9limination des toxines, et aide le corps \u00e0 retrouver son \u00e9quilibre naturel. S&rsquo;il est utilis\u00e9 \u00e0 titre th\u00e9rapeutique, il est aussi tout \u00e0 fait indiqu\u00e9 pour des soins de confort.<\/p>\n\n\n\n<p>La technique comporte plusieurs manoeuvres\u00a0(effleurage, p\u00e9trissage, friction, percussion, pression et vibration) qui, lorsque ex\u00e9cut\u00e9es dans un ordre sp\u00e9cifique, cr\u00e9ent des effets similaires \u00e0 ceux obtenus par la gymnastique.<br>Les manoeuvres de base\u00a0sont rest\u00e9es les m\u00eames depuis des g\u00e9n\u00e9rations. Elles ont \u00e9t\u00e9 \u00e9labor\u00e9es par le Su\u00e9dois Per Henrik Ling (1776-1839), qui fut \u00e0 la fois m\u00e9decin, enseignant et po\u00e8te.<br>Pour \u00e9laborer sa technique, P.H. Ling s\u2019est inspir\u00e9 de ses connaissances de la physiologie et de l\u2019anatomie, des concepts d\u2019\u00e9ducation physique des peuples nordiques, de son exp\u00e9rience du mouvement en tant que ma\u00eetre d\u2019escrime et de son \u00e9tude des techniques de massage ancestrales utilis\u00e9es par les m\u00e9decins gymnastes \u00e0 l\u2019\u00e9poque gr\u00e9co-romaine.<br>Ce n\u2019est qu\u2019en 1900\u00a0que le massage su\u00e9dois a \u00e9t\u00e9 reconnu dans le monde, en partie gr\u00e2ce \u00e0 son fils Hjalmar qui a poursuivi son enseignement, mais surtout gr\u00e2ce au m\u00e9decin britannique Mathias Roth qui s\u2019est oppos\u00e9 \u00e0 ses d\u00e9tracteurs en publiant le premier livre en anglais sur les fondements de sa m\u00e9thode.<\/p>\n\n\n\n<div class=\"wp-block-image\"><figure class=\"aligncenter size-large is-resized\"><img loading=\"lazy\" decoding=\"async\" src=\"http:\/\/actekine.fr\/wp-content\/uploads\/2020\/04\/suedois-1-960x510-1.jpg\" alt=\"\" class=\"wp-image-260\" width=\"480\" height=\"255\" srcset=\"https:\/\/actekine.fr\/wp-content\/uploads\/2020\/04\/suedois-1-960x510-1.jpg 960w, https:\/\/actekine.fr\/wp-content\/uploads\/2020\/04\/suedois-1-960x510-1-300x159.jpg 300w, https:\/\/actekine.fr\/wp-content\/uploads\/2020\/04\/suedois-1-960x510-1-768x408.jpg 768w\" sizes=\"(max-width: 480px) 100vw, 480px\" \/><\/figure><\/div>\n\n\n\n<p>EN PRATIQUE :<br>Le massage su\u00e9dois\u00a0est souvent consid\u00e9r\u00e9 comme la forme la plus classique des approches corporelles. Elle est d\u2019ailleurs la technique la plus populaire aux \u00c9tats-Unis et en Europe. <br>Une s\u00e9ance de massage su\u00e9dois\u00a0dure g\u00e9n\u00e9ralement entre 30 minutes et une heure. \u00c0 la premi\u00e8re rencontre, le masso-kin\u00e9sith\u00e9rapeute effectue un bilan de sant\u00e9 afin de s\u2019assurer qu&rsquo;il n&rsquo;existe aucune contre-indication au traitement.<br>Le massage se pratique\u00a0sur une table de massage\u00a0<em>(ou encore sur une chaise de massage )<\/em>. Le th\u00e9rapeute s\u2019efforce de se laisser guider par la respiration de la personne mass\u00e9e. Il n&rsquo;est pas obligatoire d&rsquo;utiliser de cr\u00e8me ou d&rsquo;huile.<br>Il peut se terminer par un temps de repos de dur\u00e9e variable permettant d\u2019en go\u00fbter pleinement les bienfaits. <\/p>\n","protected":false},"excerpt":{"rendered":"<p>Le massage su\u00e9dois\u00a0est une technique de massage dynamique qui vise \u00e0 dissoudre les tensions et \u00e0 raffermir les muscles et les articulations. Son effet tonifiant et relaxant favorise la circulation sanguine et lymphatique et l\u2019\u00e9limination des toxines, et aide le corps \u00e0 retrouver son \u00e9quilibre naturel. S&rsquo;il est utilis\u00e9 \u00e0 titre th\u00e9rapeutique, il est aussi [&hellip;]<\/p>\n","protected":false},"author":2,"featured_media":0,"parent":0,"menu_order":0,"comment_status":"closed","ping_status":"closed","template":"","meta":{"footnotes":""},"yoast_head":"<!-- This site is optimized with the Yoast SEO plugin v21.7 - https:\/\/yoast.com\/wordpress\/plugins\/seo\/ -->\n<title>Massages su\u00e9dois - Fr\u00e9d\u00e9ric LINEE, Masseur-Kin\u00e9sith\u00e9rapeute \u00e0 Loupian<\/title>\n<meta name=\"robots\" content=\"index, follow, max-snippet:-1, max-image-preview:large, max-video-preview:-1\" \/>\n<link rel=\"canonical\" href=\"http:\/\/actekine.fr\/index.php\/massages-suedois\/\" \/>\n<meta property=\"og:locale\" content=\"fr_FR\" \/>\n<meta property=\"og:type\" content=\"article\" \/>\n<meta property=\"og:title\" content=\"Massages su\u00e9dois - Fr\u00e9d\u00e9ric LINEE, Masseur-Kin\u00e9sith\u00e9rapeute \u00e0 Loupian\" \/>\n<meta property=\"og:description\" content=\"Le massage su\u00e9dois\u00a0est une technique de massage dynamique qui vise \u00e0 dissoudre les tensions et \u00e0 raffermir les muscles et les articulations. Son effet tonifiant et relaxant favorise la circulation sanguine et lymphatique et l\u2019\u00e9limination des toxines, et aide le corps \u00e0 retrouver son \u00e9quilibre naturel. S&rsquo;il est utilis\u00e9 \u00e0 titre th\u00e9rapeutique, il est aussi [&hellip;]\" \/>\n<meta property=\"og:url\" content=\"http:\/\/actekine.fr\/index.php\/massages-suedois\/\" \/>\n<meta property=\"og:site_name\" content=\"Fr\u00e9d\u00e9ric LINEE, Masseur-Kin\u00e9sith\u00e9rapeute \u00e0 Loupian\" \/>\n<meta property=\"article:modified_time\" content=\"2024-02-04T15:31:21+00:00\" \/>\n<meta property=\"og:image\" content=\"http:\/\/actekine.fr\/wp-content\/uploads\/2020\/04\/suedois-1-960x510-1.jpg\" \/>\n<meta name=\"twitter:card\" content=\"summary_large_image\" \/>\n<meta name=\"twitter:label1\" content=\"Dur\u00e9e de lecture estim\u00e9e\" \/>\n\t<meta name=\"twitter:data1\" content=\"2 minutes\" \/>\n<script type=\"application\/ld+json\" class=\"yoast-schema-graph\">{\"@context\":\"https:\/\/schema.org\",\"@graph\":[{\"@type\":\"WebPage\",\"@id\":\"http:\/\/actekine.fr\/index.php\/massages-suedois\/\",\"url\":\"http:\/\/actekine.fr\/index.php\/massages-suedois\/\",\"name\":\"Massages su\u00e9dois - Fr\u00e9d\u00e9ric LINEE, Masseur-Kin\u00e9sith\u00e9rapeute \u00e0 Loupian\",\"isPartOf\":{\"@id\":\"http:\/\/actekine.fr\/#website\"},\"datePublished\":\"2020-04-22T18:50:27+00:00\",\"dateModified\":\"2024-02-04T15:31:21+00:00\",\"breadcrumb\":{\"@id\":\"http:\/\/actekine.fr\/index.php\/massages-suedois\/#breadcrumb\"},\"inLanguage\":\"fr-FR\",\"potentialAction\":[{\"@type\":\"ReadAction\",\"target\":[\"http:\/\/actekine.fr\/index.php\/massages-suedois\/\"]}]},{\"@type\":\"BreadcrumbList\",\"@id\":\"http:\/\/actekine.fr\/index.php\/massages-suedois\/#breadcrumb\",\"itemListElement\":[{\"@type\":\"ListItem\",\"position\":1,\"name\":\"Accueil\",\"item\":\"http:\/\/actekine.fr\/\"},{\"@type\":\"ListItem\",\"position\":2,\"name\":\"Massages su\u00e9dois\"}]},{\"@type\":\"WebSite\",\"@id\":\"http:\/\/actekine.fr\/#website\",\"url\":\"http:\/\/actekine.fr\/\",\"name\":\"Fr\u00e9d\u00e9ric LINEE, Masseur-Kin\u00e9sith\u00e9rapeute \u00e0 Loupian\",\"description\":\"Un site utilisant WordPress\",\"potentialAction\":[{\"@type\":\"SearchAction\",\"target\":{\"@type\":\"EntryPoint\",\"urlTemplate\":\"http:\/\/actekine.fr\/?s={search_term_string}\"},\"query-input\":\"required name=search_term_string\"}],\"inLanguage\":\"fr-FR\"}]}<\/script>\n<!-- \/ Yoast SEO plugin. -->","yoast_head_json":{"title":"Massages su\u00e9dois - Fr\u00e9d\u00e9ric LINEE, Masseur-Kin\u00e9sith\u00e9rapeute \u00e0 Loupian","robots":{"index":"index","follow":"follow","max-snippet":"max-snippet:-1","max-image-preview":"max-image-preview:large","max-video-preview":"max-video-preview:-1"},"canonical":"http:\/\/actekine.fr\/index.php\/massages-suedois\/","og_locale":"fr_FR","og_type":"article","og_title":"Massages su\u00e9dois - Fr\u00e9d\u00e9ric LINEE, Masseur-Kin\u00e9sith\u00e9rapeute \u00e0 Loupian","og_description":"Le massage su\u00e9dois\u00a0est une technique de massage dynamique qui vise \u00e0 dissoudre les tensions et \u00e0 raffermir les muscles et les articulations. Son effet tonifiant et relaxant favorise la circulation sanguine et lymphatique et l\u2019\u00e9limination des toxines, et aide le corps \u00e0 retrouver son \u00e9quilibre naturel. S&rsquo;il est utilis\u00e9 \u00e0 titre th\u00e9rapeutique, il est aussi [&hellip;]","og_url":"http:\/\/actekine.fr\/index.php\/massages-suedois\/","og_site_name":"Fr\u00e9d\u00e9ric LINEE, Masseur-Kin\u00e9sith\u00e9rapeute \u00e0 Loupian","article_modified_time":"2024-02-04T15:31:21+00:00","og_image":[{"url":"http:\/\/actekine.fr\/wp-content\/uploads\/2020\/04\/suedois-1-960x510-1.jpg"}],"twitter_card":"summary_large_image","twitter_misc":{"Dur\u00e9e de lecture estim\u00e9e":"2 minutes"},"schema":{"@context":"https:\/\/schema.org","@graph":[{"@type":"WebPage","@id":"http:\/\/actekine.fr\/index.php\/massages-suedois\/","url":"http:\/\/actekine.fr\/index.php\/massages-suedois\/","name":"Massages su\u00e9dois - Fr\u00e9d\u00e9ric LINEE, Masseur-Kin\u00e9sith\u00e9rapeute \u00e0 Loupian","isPartOf":{"@id":"http:\/\/actekine.fr\/#website"},"datePublished":"2020-04-22T18:50:27+00:00","dateModified":"2024-02-04T15:31:21+00:00","breadcrumb":{"@id":"http:\/\/actekine.fr\/index.php\/massages-suedois\/#breadcrumb"},"inLanguage":"fr-FR","potentialAction":[{"@type":"ReadAction","target":["http:\/\/actekine.fr\/index.php\/massages-suedois\/"]}]},{"@type":"BreadcrumbList","@id":"http:\/\/actekine.fr\/index.php\/massages-suedois\/#breadcrumb","itemListElement":[{"@type":"ListItem","position":1,"name":"Accueil","item":"http:\/\/actekine.fr\/"},{"@type":"ListItem","position":2,"name":"Massages su\u00e9dois"}]},{"@type":"WebSite","@id":"http:\/\/actekine.fr\/#website","url":"http:\/\/actekine.fr\/","name":"Fr\u00e9d\u00e9ric LINEE, Masseur-Kin\u00e9sith\u00e9rapeute \u00e0 Loupian","description":"Un site utilisant WordPress","potentialAction":[{"@type":"SearchAction","target":{"@type":"EntryPoint","urlTemplate":"http:\/\/actekine.fr\/?s={search_term_string}"},"query-input":"required name=search_term_string"}],"inLanguage":"fr-FR"}]}},"_links":{"self":[{"href":"https:\/\/actekine.fr\/index.php\/wp-json\/wp\/v2\/pages\/259"}],"collection":[{"href":"https:\/\/actekine.fr\/index.php\/wp-json\/wp\/v2\/pages"}],"about":[{"href":"https:\/\/actekine.fr\/index.php\/wp-json\/wp\/v2\/types\/page"}],"author":[{"embeddable":true,"href":"https:\/\/actekine.fr\/index.php\/wp-json\/wp\/v2\/users\/2"}],"replies":[{"embeddable":true,"href":"https:\/\/actekine.fr\/index.php\/wp-json\/wp\/v2\/comments?post=259"}],"version-history":[{"count":1,"href":"https:\/\/actekine.fr\/index.php\/wp-json\/wp\/v2\/pages\/259\/revisions"}],"predecessor-version":[{"id":261,"href":"https:\/\/actekine.fr\/index.php\/wp-json\/wp\/v2\/pages\/259\/revisions\/261"}],"wp:attachment":[{"href":"https:\/\/actekine.fr\/index.php\/wp-json\/wp\/v2\/media?parent=259"}],"curies":[{"name":"wp","href":"https:\/\/api.w.org\/{rel}","templated":true}]}}