{"id":245,"date":"2020-04-22T20:10:36","date_gmt":"2020-04-22T18:10:36","guid":{"rendered":"http:\/\/actekine.fr\/?page_id=245"},"modified":"2024-02-04T16:32:27","modified_gmt":"2024-02-04T15:32:27","slug":"massagestherapeutiques","status":"publish","type":"page","link":"https:\/\/actekine.fr\/index.php\/massagestherapeutiques\/","title":{"rendered":"Massages th\u00e9rapeutiques"},"content":{"rendered":"<div class=\"wp-block-image is-resized\">\n<figure class=\"aligncenter size-full\"><img loading=\"lazy\" decoding=\"async\" width=\"320\" height=\"210\" src=\"http:\/\/actekine.fr\/wp-content\/uploads\/2020\/05\/massage.jpg\" alt=\"\" class=\"wp-image-453\" srcset=\"https:\/\/actekine.fr\/wp-content\/uploads\/2020\/05\/massage.jpg 320w, https:\/\/actekine.fr\/wp-content\/uploads\/2020\/05\/massage-300x197.jpg 300w\" sizes=\"(max-width: 320px) 100vw, 320px\" \/><\/figure><\/div>\n\n\n<p>Le massage<strong>&nbsp;<\/strong>fait parti de l&rsquo;arsenal th\u00e9rapeutique \u00e0 disposition du masseur-kin\u00e9sith\u00e9rapeute pour mettre en place divers protocoles de soins. Le titre m\u00eame de notre profession fait appara\u00eetre cette pratique: il s&rsquo;agit d&rsquo;une sp\u00e9cificit\u00e9 fran\u00e7aise \u00e0 laquelle je tiens particuli\u00e8rement.<\/p>\n\n\n\n<p>Le massage est l&rsquo;une des plus anciennes th\u00e9rapies connues de l&rsquo;homme. Les premi\u00e8res \u00e9critures traitant du massage viennent de Chine et remontent \u00e0 3 000 ans avant J\u00e9sus Christ. <br>Les Grecs antiques et les Romains utilisaient le massage pour pr\u00e9server la sant\u00e9 et favoriser la gu\u00e9rison. Les m\u00e9decins Grecs et Romains prescrivaient des massages apr\u00e8s une bataille en raison de leur pouvoir reconstituant et de mani\u00e8re plus g\u00e9n\u00e9rale pour l&rsquo;entretien de la sant\u00e9 mentale et physique. Homer \u00e9crivait au sujet d&rsquo;un m\u00e9lange huileux utilis\u00e9 pour le massage 1 000 ans avant J\u00e9sus Christ. Hippocrate, le p\u00e8re de la m\u00e9decine moderne conseillait de prendre un bain aromatique et d&rsquo;avoir un massage parfum\u00e9 quotidiennement pour l&rsquo;entretien de la sant\u00e9. Ceci \u00e9tait bas\u00e9 sur ses recherches sur les b\u00e9n\u00e9fices d&rsquo;un massage r\u00e9gulier.<\/p>\n\n\n\n<p>La technique utilis\u00e9e pour les soins est issue de <a href=\"https:\/\/actekine.fr\/index.php\/massages-suedois\/\" target=\"_blank\" rel=\"noreferrer noopener\">la m\u00e9thode \u00ab\u00a0dite su\u00e9doise\u00a0\u00bb<\/a> et comporte six man\u0153uvres : effleurage, p\u00e9trissage, friction, percussion, pression et vibration. <br>Vous l&rsquo;avez compris, lors de votre prise en charge, je n&rsquo;oublie pas de pratiquer les massages lorsqu&rsquo;ils sont n\u00e9cessaires.<\/p>\n\n\n\n<p><\/p>\n","protected":false},"excerpt":{"rendered":"<p>Le massage&nbsp;fait parti de l&rsquo;arsenal th\u00e9rapeutique \u00e0 disposition du masseur-kin\u00e9sith\u00e9rapeute pour mettre en place divers protocoles de soins. Le titre m\u00eame de notre profession fait appara\u00eetre cette pratique: il s&rsquo;agit d&rsquo;une sp\u00e9cificit\u00e9 fran\u00e7aise \u00e0 laquelle je tiens particuli\u00e8rement. Le massage est l&rsquo;une des plus anciennes th\u00e9rapies connues de l&rsquo;homme. Les premi\u00e8res \u00e9critures traitant du massage [&hellip;]<\/p>\n","protected":false},"author":2,"featured_media":0,"parent":0,"menu_order":0,"comment_status":"closed","ping_status":"closed","template":"","meta":{"footnotes":""},"yoast_head":"<!-- This site is optimized with the Yoast SEO plugin v21.7 - https:\/\/yoast.com\/wordpress\/plugins\/seo\/ -->\n<title>Massages th\u00e9rapeutiques - Fr\u00e9d\u00e9ric LINEE, Masseur-Kin\u00e9sith\u00e9rapeute \u00e0 Loupian<\/title>\n<meta name=\"description\" content=\"Le massage\u00a0fait parti de l&#039;arsenal th\u00e9rapeutique \u00e0 disposition du masseur-kin\u00e9sith\u00e9rapeute pour mettre en place divers protocoles de soins. Le titre m\u00eame de notre profession fait appara\u00eetre cette pratique: il s&#039;agit d&#039;une sp\u00e9cificit\u00e9 fran\u00e7aise \u00e0 laquelle je tiens particuli\u00e8rement.\" \/>\n<meta name=\"robots\" content=\"index, follow, max-snippet:-1, max-image-preview:large, max-video-preview:-1\" \/>\n<link rel=\"canonical\" href=\"http:\/\/actekine.fr\/index.php\/massagestherapeutiques\/\" \/>\n<meta property=\"og:locale\" content=\"fr_FR\" \/>\n<meta property=\"og:type\" content=\"article\" \/>\n<meta property=\"og:title\" content=\"Massages th\u00e9rapeutiques - Fr\u00e9d\u00e9ric LINEE, Masseur-Kin\u00e9sith\u00e9rapeute \u00e0 Loupian\" \/>\n<meta property=\"og:description\" content=\"Le massage\u00a0fait parti de l&#039;arsenal th\u00e9rapeutique \u00e0 disposition du masseur-kin\u00e9sith\u00e9rapeute pour mettre en place divers protocoles de soins. Le titre m\u00eame de notre profession fait appara\u00eetre cette pratique: il s&#039;agit d&#039;une sp\u00e9cificit\u00e9 fran\u00e7aise \u00e0 laquelle je tiens particuli\u00e8rement.\" \/>\n<meta property=\"og:url\" content=\"http:\/\/actekine.fr\/index.php\/massagestherapeutiques\/\" \/>\n<meta property=\"og:site_name\" content=\"Fr\u00e9d\u00e9ric LINEE, Masseur-Kin\u00e9sith\u00e9rapeute \u00e0 Loupian\" \/>\n<meta property=\"article:modified_time\" content=\"2024-02-04T15:32:27+00:00\" \/>\n<meta property=\"og:image\" content=\"http:\/\/actekine.fr\/wp-content\/uploads\/2020\/05\/massage.jpg\" \/>\n<meta name=\"twitter:card\" content=\"summary_large_image\" \/>\n<meta name=\"twitter:label1\" content=\"Dur\u00e9e de lecture estim\u00e9e\" \/>\n\t<meta name=\"twitter:data1\" content=\"2 minutes\" \/>\n<script type=\"application\/ld+json\" class=\"yoast-schema-graph\">{\"@context\":\"https:\/\/schema.org\",\"@graph\":[{\"@type\":\"WebPage\",\"@id\":\"http:\/\/actekine.fr\/index.php\/massagestherapeutiques\/\",\"url\":\"http:\/\/actekine.fr\/index.php\/massagestherapeutiques\/\",\"name\":\"Massages th\u00e9rapeutiques - Fr\u00e9d\u00e9ric LINEE, Masseur-Kin\u00e9sith\u00e9rapeute \u00e0 Loupian\",\"isPartOf\":{\"@id\":\"http:\/\/actekine.fr\/#website\"},\"datePublished\":\"2020-04-22T18:10:36+00:00\",\"dateModified\":\"2024-02-04T15:32:27+00:00\",\"description\":\"Le massage\u00a0fait parti de l'arsenal th\u00e9rapeutique \u00e0 disposition du masseur-kin\u00e9sith\u00e9rapeute pour mettre en place divers protocoles de soins. Le titre m\u00eame de notre profession fait appara\u00eetre cette pratique: il s'agit d'une sp\u00e9cificit\u00e9 fran\u00e7aise \u00e0 laquelle je tiens particuli\u00e8rement.\",\"breadcrumb\":{\"@id\":\"http:\/\/actekine.fr\/index.php\/massagestherapeutiques\/#breadcrumb\"},\"inLanguage\":\"fr-FR\",\"potentialAction\":[{\"@type\":\"ReadAction\",\"target\":[\"http:\/\/actekine.fr\/index.php\/massagestherapeutiques\/\"]}]},{\"@type\":\"BreadcrumbList\",\"@id\":\"http:\/\/actekine.fr\/index.php\/massagestherapeutiques\/#breadcrumb\",\"itemListElement\":[{\"@type\":\"ListItem\",\"position\":1,\"name\":\"Accueil\",\"item\":\"http:\/\/actekine.fr\/\"},{\"@type\":\"ListItem\",\"position\":2,\"name\":\"Massages th\u00e9rapeutiques\"}]},{\"@type\":\"WebSite\",\"@id\":\"http:\/\/actekine.fr\/#website\",\"url\":\"http:\/\/actekine.fr\/\",\"name\":\"Fr\u00e9d\u00e9ric LINEE, Masseur-Kin\u00e9sith\u00e9rapeute \u00e0 Loupian\",\"description\":\"Un site utilisant WordPress\",\"potentialAction\":[{\"@type\":\"SearchAction\",\"target\":{\"@type\":\"EntryPoint\",\"urlTemplate\":\"http:\/\/actekine.fr\/?s={search_term_string}\"},\"query-input\":\"required name=search_term_string\"}],\"inLanguage\":\"fr-FR\"}]}<\/script>\n<!-- \/ Yoast SEO plugin. -->","yoast_head_json":{"title":"Massages th\u00e9rapeutiques - Fr\u00e9d\u00e9ric LINEE, Masseur-Kin\u00e9sith\u00e9rapeute \u00e0 Loupian","description":"Le massage\u00a0fait parti de l'arsenal th\u00e9rapeutique \u00e0 disposition du masseur-kin\u00e9sith\u00e9rapeute pour mettre en place divers protocoles de soins. Le titre m\u00eame de notre profession fait appara\u00eetre cette pratique: il s'agit d'une sp\u00e9cificit\u00e9 fran\u00e7aise \u00e0 laquelle je tiens particuli\u00e8rement.","robots":{"index":"index","follow":"follow","max-snippet":"max-snippet:-1","max-image-preview":"max-image-preview:large","max-video-preview":"max-video-preview:-1"},"canonical":"http:\/\/actekine.fr\/index.php\/massagestherapeutiques\/","og_locale":"fr_FR","og_type":"article","og_title":"Massages th\u00e9rapeutiques - Fr\u00e9d\u00e9ric LINEE, Masseur-Kin\u00e9sith\u00e9rapeute \u00e0 Loupian","og_description":"Le massage\u00a0fait parti de l'arsenal th\u00e9rapeutique \u00e0 disposition du masseur-kin\u00e9sith\u00e9rapeute pour mettre en place divers protocoles de soins. Le titre m\u00eame de notre profession fait appara\u00eetre cette pratique: il s'agit d'une sp\u00e9cificit\u00e9 fran\u00e7aise \u00e0 laquelle je tiens particuli\u00e8rement.","og_url":"http:\/\/actekine.fr\/index.php\/massagestherapeutiques\/","og_site_name":"Fr\u00e9d\u00e9ric LINEE, Masseur-Kin\u00e9sith\u00e9rapeute \u00e0 Loupian","article_modified_time":"2024-02-04T15:32:27+00:00","og_image":[{"url":"http:\/\/actekine.fr\/wp-content\/uploads\/2020\/05\/massage.jpg"}],"twitter_card":"summary_large_image","twitter_misc":{"Dur\u00e9e de lecture estim\u00e9e":"2 minutes"},"schema":{"@context":"https:\/\/schema.org","@graph":[{"@type":"WebPage","@id":"http:\/\/actekine.fr\/index.php\/massagestherapeutiques\/","url":"http:\/\/actekine.fr\/index.php\/massagestherapeutiques\/","name":"Massages th\u00e9rapeutiques - Fr\u00e9d\u00e9ric LINEE, Masseur-Kin\u00e9sith\u00e9rapeute \u00e0 Loupian","isPartOf":{"@id":"http:\/\/actekine.fr\/#website"},"datePublished":"2020-04-22T18:10:36+00:00","dateModified":"2024-02-04T15:32:27+00:00","description":"Le massage\u00a0fait parti de l'arsenal th\u00e9rapeutique \u00e0 disposition du masseur-kin\u00e9sith\u00e9rapeute pour mettre en place divers protocoles de soins. Le titre m\u00eame de notre profession fait appara\u00eetre cette pratique: il s'agit d'une sp\u00e9cificit\u00e9 fran\u00e7aise \u00e0 laquelle je tiens particuli\u00e8rement.","breadcrumb":{"@id":"http:\/\/actekine.fr\/index.php\/massagestherapeutiques\/#breadcrumb"},"inLanguage":"fr-FR","potentialAction":[{"@type":"ReadAction","target":["http:\/\/actekine.fr\/index.php\/massagestherapeutiques\/"]}]},{"@type":"BreadcrumbList","@id":"http:\/\/actekine.fr\/index.php\/massagestherapeutiques\/#breadcrumb","itemListElement":[{"@type":"ListItem","position":1,"name":"Accueil","item":"http:\/\/actekine.fr\/"},{"@type":"ListItem","position":2,"name":"Massages th\u00e9rapeutiques"}]},{"@type":"WebSite","@id":"http:\/\/actekine.fr\/#website","url":"http:\/\/actekine.fr\/","name":"Fr\u00e9d\u00e9ric LINEE, Masseur-Kin\u00e9sith\u00e9rapeute \u00e0 Loupian","description":"Un site utilisant WordPress","potentialAction":[{"@type":"SearchAction","target":{"@type":"EntryPoint","urlTemplate":"http:\/\/actekine.fr\/?s={search_term_string}"},"query-input":"required name=search_term_string"}],"inLanguage":"fr-FR"}]}},"_links":{"self":[{"href":"https:\/\/actekine.fr\/index.php\/wp-json\/wp\/v2\/pages\/245"}],"collection":[{"href":"https:\/\/actekine.fr\/index.php\/wp-json\/wp\/v2\/pages"}],"about":[{"href":"https:\/\/actekine.fr\/index.php\/wp-json\/wp\/v2\/types\/page"}],"author":[{"embeddable":true,"href":"https:\/\/actekine.fr\/index.php\/wp-json\/wp\/v2\/users\/2"}],"replies":[{"embeddable":true,"href":"https:\/\/actekine.fr\/index.php\/wp-json\/wp\/v2\/comments?post=245"}],"version-history":[{"count":10,"href":"https:\/\/actekine.fr\/index.php\/wp-json\/wp\/v2\/pages\/245\/revisions"}],"predecessor-version":[{"id":1287,"href":"https:\/\/actekine.fr\/index.php\/wp-json\/wp\/v2\/pages\/245\/revisions\/1287"}],"wp:attachment":[{"href":"https:\/\/actekine.fr\/index.php\/wp-json\/wp\/v2\/media?parent=245"}],"curies":[{"name":"wp","href":"https:\/\/api.w.org\/{rel}","templated":true}]}}