{"id":196,"date":"2020-04-21T23:37:36","date_gmt":"2020-04-21T21:37:36","guid":{"rendered":"http:\/\/actekine.fr\/?page_id=196"},"modified":"2024-02-04T16:24:59","modified_gmt":"2024-02-04T15:24:59","slug":"focus","status":"publish","type":"page","link":"https:\/\/actekine.fr\/index.php\/focus\/","title":{"rendered":"Focus"},"content":{"rendered":"\n<p>Retrouvez sur cette page quelques focus concernant des techniques de masso-kin\u00e9sith\u00e9rapie (en cliquant sur chaque titre).<\/p>\n\n\n<div class=\"wp-block-image\">\n<figure class=\"aligncenter size-large is-resized\"><img loading=\"lazy\" decoding=\"async\" width=\"630\" height=\"630\" src=\"http:\/\/actekine.fr\/wp-content\/uploads\/2020\/04\/1200x630bb.png\" alt=\"\" class=\"wp-image-211\" style=\"width:315px;height:315px\" srcset=\"https:\/\/actekine.fr\/wp-content\/uploads\/2020\/04\/1200x630bb.png 630w, https:\/\/actekine.fr\/wp-content\/uploads\/2020\/04\/1200x630bb-300x300.png 300w, https:\/\/actekine.fr\/wp-content\/uploads\/2020\/04\/1200x630bb-150x150.png 150w\" sizes=\"(max-width: 630px) 100vw, 630px\" \/><\/figure><\/div>\n\n\n<figure class=\"wp-block-embed is-type-wp-embed is-provider-fr-d-ric-linee-masseur-kin-sith-rapeute-loupian wp-block-embed-fr-d-ric-linee-masseur-kin-sith-rapeute-loupian is-provider-actekine\"><div class=\"wp-block-embed__wrapper\">\n<blockquote class=\"wp-embedded-content\" data-secret=\"rUtTiyILLc\"><a href=\"http:\/\/actekine.fr\/index.php\/kine-respiratoire-du-nourrisson\/\">Kin\u00e9 respiratoire du nourrisson<\/a><\/blockquote><iframe title=\"\u00ab\u00a0Kin\u00e9 respiratoire du nourrisson\u00a0\u00bb &#8212; ACTEKINE, Centre de r\u00e9\u00e9ducation Chambourcy\" class=\"wp-embedded-content\" sandbox=\"allow-scripts\" security=\"restricted\" style=\"position: absolute; clip: rect(1px, 1px, 1px, 1px);\" src=\"http:\/\/actekine.fr\/index.php\/kine-respiratoire-du-nourrisson\/embed\/#?secret=rUtTiyILLc\" data-secret=\"rUtTiyILLc\" width=\"600\" height=\"338\" frameborder=\"0\" marginwidth=\"0\" marginheight=\"0\" scrolling=\"no\"><\/iframe>\n<\/div><\/figure>\n\n\n\n<figure class=\"wp-block-embed is-type-wp-embed is-provider-fr-d-ric-linee-masseur-kin-sith-rapeute-loupian wp-block-embed-fr-d-ric-linee-masseur-kin-sith-rapeute-loupian is-provider-actekine\"><div class=\"wp-block-embed__wrapper\">\n<blockquote class=\"wp-embedded-content\" data-secret=\"T8oHV8MGwF\"><a href=\"http:\/\/actekine.fr\/index.php\/d-l-m\/\">D.L.M.<\/a><\/blockquote><iframe title=\"\u00ab\u00a0D.L.M.\u00a0\u00bb &#8212; ACTEKINE\" class=\"wp-embedded-content\" sandbox=\"allow-scripts\" security=\"restricted\" style=\"position: absolute; clip: rect(1px, 1px, 1px, 1px);\" src=\"http:\/\/actekine.fr\/index.php\/d-l-m\/embed\/#?secret=T8oHV8MGwF\" data-secret=\"T8oHV8MGwF\" width=\"600\" height=\"338\" frameborder=\"0\" marginwidth=\"0\" marginheight=\"0\" scrolling=\"no\"><\/iframe>\n<\/div><\/figure>\n\n\n\n<p><\/p>\n","protected":false},"excerpt":{"rendered":"<p>Retrouvez sur cette page quelques focus concernant des techniques de masso-kin\u00e9sith\u00e9rapie (en cliquant sur chaque titre).<\/p>\n","protected":false},"author":2,"featured_media":0,"parent":0,"menu_order":0,"comment_status":"closed","ping_status":"closed","template":"","meta":{"footnotes":""},"yoast_head":"<!-- This site is optimized with the Yoast SEO plugin v21.7 - https:\/\/yoast.com\/wordpress\/plugins\/seo\/ -->\n<title>Focus - Fr\u00e9d\u00e9ric LINEE, Masseur-Kin\u00e9sith\u00e9rapeute \u00e0 Loupian<\/title>\n<meta name=\"robots\" content=\"index, follow, max-snippet:-1, max-image-preview:large, max-video-preview:-1\" \/>\n<link rel=\"canonical\" href=\"https:\/\/actekine.fr\/index.php\/focus\/\" \/>\n<meta property=\"og:locale\" content=\"fr_FR\" \/>\n<meta property=\"og:type\" content=\"article\" \/>\n<meta property=\"og:title\" content=\"Focus - Fr\u00e9d\u00e9ric LINEE, Masseur-Kin\u00e9sith\u00e9rapeute \u00e0 Loupian\" \/>\n<meta property=\"og:description\" content=\"Retrouvez sur cette page quelques focus concernant des techniques de masso-kin\u00e9sith\u00e9rapie (en cliquant sur chaque titre).\" \/>\n<meta property=\"og:url\" content=\"https:\/\/actekine.fr\/index.php\/focus\/\" \/>\n<meta property=\"og:site_name\" content=\"Fr\u00e9d\u00e9ric LINEE, Masseur-Kin\u00e9sith\u00e9rapeute \u00e0 Loupian\" \/>\n<meta property=\"article:modified_time\" content=\"2024-02-04T15:24:59+00:00\" \/>\n<meta property=\"og:image\" content=\"http:\/\/actekine.fr\/wp-content\/uploads\/2020\/04\/1200x630bb.png\" \/>\n<meta name=\"twitter:card\" content=\"summary_large_image\" \/>\n<meta name=\"twitter:label1\" content=\"Dur\u00e9e de lecture estim\u00e9e\" \/>\n\t<meta name=\"twitter:data1\" content=\"1 minute\" \/>\n<script type=\"application\/ld+json\" class=\"yoast-schema-graph\">{\"@context\":\"https:\/\/schema.org\",\"@graph\":[{\"@type\":\"WebPage\",\"@id\":\"https:\/\/actekine.fr\/index.php\/focus\/\",\"url\":\"https:\/\/actekine.fr\/index.php\/focus\/\",\"name\":\"Focus - Fr\u00e9d\u00e9ric LINEE, Masseur-Kin\u00e9sith\u00e9rapeute \u00e0 Loupian\",\"isPartOf\":{\"@id\":\"http:\/\/actekine.fr\/#website\"},\"datePublished\":\"2020-04-21T21:37:36+00:00\",\"dateModified\":\"2024-02-04T15:24:59+00:00\",\"breadcrumb\":{\"@id\":\"https:\/\/actekine.fr\/index.php\/focus\/#breadcrumb\"},\"inLanguage\":\"fr-FR\",\"potentialAction\":[{\"@type\":\"ReadAction\",\"target\":[\"https:\/\/actekine.fr\/index.php\/focus\/\"]}]},{\"@type\":\"BreadcrumbList\",\"@id\":\"https:\/\/actekine.fr\/index.php\/focus\/#breadcrumb\",\"itemListElement\":[{\"@type\":\"ListItem\",\"position\":1,\"name\":\"Accueil\",\"item\":\"http:\/\/actekine.fr\/\"},{\"@type\":\"ListItem\",\"position\":2,\"name\":\"Focus\"}]},{\"@type\":\"WebSite\",\"@id\":\"http:\/\/actekine.fr\/#website\",\"url\":\"http:\/\/actekine.fr\/\",\"name\":\"Fr\u00e9d\u00e9ric LINEE, Masseur-Kin\u00e9sith\u00e9rapeute \u00e0 Loupian\",\"description\":\"Un site utilisant WordPress\",\"potentialAction\":[{\"@type\":\"SearchAction\",\"target\":{\"@type\":\"EntryPoint\",\"urlTemplate\":\"http:\/\/actekine.fr\/?s={search_term_string}\"},\"query-input\":\"required name=search_term_string\"}],\"inLanguage\":\"fr-FR\"}]}<\/script>\n<!-- \/ Yoast SEO plugin. -->","yoast_head_json":{"title":"Focus - Fr\u00e9d\u00e9ric LINEE, Masseur-Kin\u00e9sith\u00e9rapeute \u00e0 Loupian","robots":{"index":"index","follow":"follow","max-snippet":"max-snippet:-1","max-image-preview":"max-image-preview:large","max-video-preview":"max-video-preview:-1"},"canonical":"https:\/\/actekine.fr\/index.php\/focus\/","og_locale":"fr_FR","og_type":"article","og_title":"Focus - Fr\u00e9d\u00e9ric LINEE, Masseur-Kin\u00e9sith\u00e9rapeute \u00e0 Loupian","og_description":"Retrouvez sur cette page quelques focus concernant des techniques de masso-kin\u00e9sith\u00e9rapie (en cliquant sur chaque titre).","og_url":"https:\/\/actekine.fr\/index.php\/focus\/","og_site_name":"Fr\u00e9d\u00e9ric LINEE, Masseur-Kin\u00e9sith\u00e9rapeute \u00e0 Loupian","article_modified_time":"2024-02-04T15:24:59+00:00","og_image":[{"url":"http:\/\/actekine.fr\/wp-content\/uploads\/2020\/04\/1200x630bb.png"}],"twitter_card":"summary_large_image","twitter_misc":{"Dur\u00e9e de lecture estim\u00e9e":"1 minute"},"schema":{"@context":"https:\/\/schema.org","@graph":[{"@type":"WebPage","@id":"https:\/\/actekine.fr\/index.php\/focus\/","url":"https:\/\/actekine.fr\/index.php\/focus\/","name":"Focus - Fr\u00e9d\u00e9ric LINEE, Masseur-Kin\u00e9sith\u00e9rapeute \u00e0 Loupian","isPartOf":{"@id":"http:\/\/actekine.fr\/#website"},"datePublished":"2020-04-21T21:37:36+00:00","dateModified":"2024-02-04T15:24:59+00:00","breadcrumb":{"@id":"https:\/\/actekine.fr\/index.php\/focus\/#breadcrumb"},"inLanguage":"fr-FR","potentialAction":[{"@type":"ReadAction","target":["https:\/\/actekine.fr\/index.php\/focus\/"]}]},{"@type":"BreadcrumbList","@id":"https:\/\/actekine.fr\/index.php\/focus\/#breadcrumb","itemListElement":[{"@type":"ListItem","position":1,"name":"Accueil","item":"http:\/\/actekine.fr\/"},{"@type":"ListItem","position":2,"name":"Focus"}]},{"@type":"WebSite","@id":"http:\/\/actekine.fr\/#website","url":"http:\/\/actekine.fr\/","name":"Fr\u00e9d\u00e9ric LINEE, Masseur-Kin\u00e9sith\u00e9rapeute \u00e0 Loupian","description":"Un site utilisant WordPress","potentialAction":[{"@type":"SearchAction","target":{"@type":"EntryPoint","urlTemplate":"http:\/\/actekine.fr\/?s={search_term_string}"},"query-input":"required name=search_term_string"}],"inLanguage":"fr-FR"}]}},"_links":{"self":[{"href":"https:\/\/actekine.fr\/index.php\/wp-json\/wp\/v2\/pages\/196"}],"collection":[{"href":"https:\/\/actekine.fr\/index.php\/wp-json\/wp\/v2\/pages"}],"about":[{"href":"https:\/\/actekine.fr\/index.php\/wp-json\/wp\/v2\/types\/page"}],"author":[{"embeddable":true,"href":"https:\/\/actekine.fr\/index.php\/wp-json\/wp\/v2\/users\/2"}],"replies":[{"embeddable":true,"href":"https:\/\/actekine.fr\/index.php\/wp-json\/wp\/v2\/comments?post=196"}],"version-history":[{"count":13,"href":"https:\/\/actekine.fr\/index.php\/wp-json\/wp\/v2\/pages\/196\/revisions"}],"predecessor-version":[{"id":1283,"href":"https:\/\/actekine.fr\/index.php\/wp-json\/wp\/v2\/pages\/196\/revisions\/1283"}],"wp:attachment":[{"href":"https:\/\/actekine.fr\/index.php\/wp-json\/wp\/v2\/media?parent=196"}],"curies":[{"name":"wp","href":"https:\/\/api.w.org\/{rel}","templated":true}]}}