{"id":17,"date":"2020-04-21T10:13:06","date_gmt":"2020-04-21T08:13:06","guid":{"rendered":"http:\/\/actekine.fr\/?page_id=17"},"modified":"2023-11-22T14:28:03","modified_gmt":"2023-11-22T13:28:03","slug":"le-centre","status":"publish","type":"page","link":"https:\/\/actekine.fr\/index.php\/le-centre\/","title":{"rendered":"Le centre P\u00f4le 3K"},"content":{"rendered":"<div class=\"wp-block-image\">\n<figure class=\"alignleft size-full\"><img loading=\"lazy\" decoding=\"async\" width=\"320\" height=\"240\" src=\"http:\/\/actekine.fr\/wp-content\/uploads\/2023\/11\/IMG_0384.jpg\" alt=\"\" class=\"wp-image-910\" srcset=\"https:\/\/actekine.fr\/wp-content\/uploads\/2023\/11\/IMG_0384.jpg 320w, https:\/\/actekine.fr\/wp-content\/uploads\/2023\/11\/IMG_0384-300x225.jpg 300w\" sizes=\"(max-width: 320px) 100vw, 320px\" \/><\/figure><\/div>\n\n\n<p><strong>P\u00f4le 3 K<\/strong> &nbsp;est un b\u00e2timent ind\u00e9pendant enti\u00e8rement pens\u00e9 pour la r\u00e9\u00e9ducation et la r\u00e9adaptation fonctionnelle mais aussi les soins de confort et pr\u00e9ventifs : <strong>pr\u00e8s de 200 m\u00b2<\/strong>&nbsp;sur un m\u00eame niveau int\u00e9grant les normes les plus strictes en termes d&rsquo;accessibilit\u00e9 aux personnes \u00e0 mobilit\u00e9s r\u00e9duites et prise en compte de tous les handicaps (notions de LSF*).<\/p>\n\n\n\n<p>Il est constitu\u00e9&nbsp;d&rsquo;une salle d&rsquo;attente\/bureau, d&rsquo;un plateau technique, d&rsquo;un couloir de marche, de cinq salles de r\u00e9\u00e9ducation polyvalente ainsi que <a href=\"http:\/\/actekine.fr\/index.php\/balneotherapie-2\/\">la zone de baln\u00e9oth\u00e9rapie<\/a>.<\/p>\n\n\n<div class=\"wp-block-image\">\n<figure class=\"alignright size-medium\"><img loading=\"lazy\" decoding=\"async\" width=\"300\" height=\"225\" src=\"http:\/\/actekine.fr\/wp-content\/uploads\/2023\/11\/parking-300x225.jpg\" alt=\"\" class=\"wp-image-1135\" srcset=\"https:\/\/actekine.fr\/wp-content\/uploads\/2023\/11\/parking-300x225.jpg 300w, https:\/\/actekine.fr\/wp-content\/uploads\/2023\/11\/parking.jpg 640w\" sizes=\"(max-width: 300px) 100vw, 300px\" \/><figcaption class=\"wp-element-caption\">Parking PMR<\/figcaption><\/figure><\/div>\n\n\n<p>A l&rsquo;ext\u00e9rieur&nbsp;:<br><strong>Face \u00e0 l&rsquo;entr\u00e9e<\/strong>, vous trouverez quelques places de stationnement ainsi qu&rsquo;un emplacement r\u00e9serv\u00e9 aux personnes handicap\u00e9es disposant de la carte GIC\/GIG a<strong>insi qu&rsquo;un stationnement gratuit<\/strong>&nbsp;dans la rue et \u00e0 moins de 150 m autour de l\u2019\u00c9glise de Loupian<\/p>\n\n\n\n<p><em>*<strong>L<\/strong>angue des <strong>S<\/strong>ignes <strong>F<\/strong>ran\u00e7aise<\/em><\/p>\n","protected":false},"excerpt":{"rendered":"<p>P\u00f4le 3 K &nbsp;est un b\u00e2timent ind\u00e9pendant enti\u00e8rement pens\u00e9 pour la r\u00e9\u00e9ducation et la r\u00e9adaptation fonctionnelle mais aussi les soins de confort et pr\u00e9ventifs : pr\u00e8s de 200 m\u00b2&nbsp;sur un m\u00eame niveau int\u00e9grant les normes les plus strictes en termes d&rsquo;accessibilit\u00e9 aux personnes \u00e0 mobilit\u00e9s r\u00e9duites et prise en compte de tous les handicaps (notions [&hellip;]<\/p>\n","protected":false},"author":2,"featured_media":0,"parent":0,"menu_order":0,"comment_status":"closed","ping_status":"closed","template":"","meta":{"footnotes":""},"yoast_head":"<!-- This site is optimized with the Yoast SEO plugin v21.7 - https:\/\/yoast.com\/wordpress\/plugins\/seo\/ -->\n<title>Le centre P\u00f4le 3K - Fr\u00e9d\u00e9ric LINEE, Masseur-Kin\u00e9sith\u00e9rapeute \u00e0 Loupian<\/title>\n<meta name=\"robots\" content=\"index, follow, max-snippet:-1, max-image-preview:large, max-video-preview:-1\" \/>\n<link rel=\"canonical\" href=\"https:\/\/actekine.fr\/index.php\/le-centre\/\" \/>\n<meta property=\"og:locale\" content=\"fr_FR\" \/>\n<meta property=\"og:type\" content=\"article\" \/>\n<meta property=\"og:title\" content=\"Le centre P\u00f4le 3K - Fr\u00e9d\u00e9ric LINEE, Masseur-Kin\u00e9sith\u00e9rapeute \u00e0 Loupian\" \/>\n<meta property=\"og:description\" content=\"P\u00f4le 3 K &nbsp;est un b\u00e2timent ind\u00e9pendant enti\u00e8rement pens\u00e9 pour la r\u00e9\u00e9ducation et la r\u00e9adaptation fonctionnelle mais aussi les soins de confort et pr\u00e9ventifs : pr\u00e8s de 200 m\u00b2&nbsp;sur un m\u00eame niveau int\u00e9grant les normes les plus strictes en termes d&rsquo;accessibilit\u00e9 aux personnes \u00e0 mobilit\u00e9s r\u00e9duites et prise en compte de tous les handicaps (notions [&hellip;]\" \/>\n<meta property=\"og:url\" content=\"https:\/\/actekine.fr\/index.php\/le-centre\/\" \/>\n<meta property=\"og:site_name\" content=\"Fr\u00e9d\u00e9ric LINEE, Masseur-Kin\u00e9sith\u00e9rapeute \u00e0 Loupian\" \/>\n<meta property=\"article:modified_time\" content=\"2023-11-22T13:28:03+00:00\" \/>\n<meta property=\"og:image\" content=\"https:\/\/actekine.fr\/wp-content\/uploads\/2020\/04\/Handicap.jpg\" \/>\n\t<meta property=\"og:image:width\" content=\"300\" \/>\n\t<meta property=\"og:image:height\" content=\"297\" \/>\n\t<meta property=\"og:image:type\" content=\"image\/jpeg\" \/>\n<meta name=\"twitter:card\" content=\"summary_large_image\" \/>\n<meta name=\"twitter:image\" content=\"https:\/\/actekine.fr\/wp-content\/uploads\/2020\/04\/Handicap.jpg\" \/>\n<meta name=\"twitter:label1\" content=\"Dur\u00e9e de lecture estim\u00e9e\" \/>\n\t<meta name=\"twitter:data1\" content=\"2 minutes\" \/>\n<script type=\"application\/ld+json\" class=\"yoast-schema-graph\">{\"@context\":\"https:\/\/schema.org\",\"@graph\":[{\"@type\":\"WebPage\",\"@id\":\"https:\/\/actekine.fr\/index.php\/le-centre\/\",\"url\":\"https:\/\/actekine.fr\/index.php\/le-centre\/\",\"name\":\"Le centre P\u00f4le 3K - Fr\u00e9d\u00e9ric LINEE, Masseur-Kin\u00e9sith\u00e9rapeute \u00e0 Loupian\",\"isPartOf\":{\"@id\":\"http:\/\/actekine.fr\/#website\"},\"datePublished\":\"2020-04-21T08:13:06+00:00\",\"dateModified\":\"2023-11-22T13:28:03+00:00\",\"breadcrumb\":{\"@id\":\"https:\/\/actekine.fr\/index.php\/le-centre\/#breadcrumb\"},\"inLanguage\":\"fr-FR\",\"potentialAction\":[{\"@type\":\"ReadAction\",\"target\":[\"https:\/\/actekine.fr\/index.php\/le-centre\/\"]}]},{\"@type\":\"BreadcrumbList\",\"@id\":\"https:\/\/actekine.fr\/index.php\/le-centre\/#breadcrumb\",\"itemListElement\":[{\"@type\":\"ListItem\",\"position\":1,\"name\":\"Accueil\",\"item\":\"http:\/\/actekine.fr\/\"},{\"@type\":\"ListItem\",\"position\":2,\"name\":\"Le centre P\u00f4le 3K\"}]},{\"@type\":\"WebSite\",\"@id\":\"http:\/\/actekine.fr\/#website\",\"url\":\"http:\/\/actekine.fr\/\",\"name\":\"Fr\u00e9d\u00e9ric LINEE, Masseur-Kin\u00e9sith\u00e9rapeute \u00e0 Loupian\",\"description\":\"Un site utilisant WordPress\",\"potentialAction\":[{\"@type\":\"SearchAction\",\"target\":{\"@type\":\"EntryPoint\",\"urlTemplate\":\"http:\/\/actekine.fr\/?s={search_term_string}\"},\"query-input\":\"required name=search_term_string\"}],\"inLanguage\":\"fr-FR\"}]}<\/script>\n<!-- \/ Yoast SEO plugin. -->","yoast_head_json":{"title":"Le centre P\u00f4le 3K - Fr\u00e9d\u00e9ric LINEE, Masseur-Kin\u00e9sith\u00e9rapeute \u00e0 Loupian","robots":{"index":"index","follow":"follow","max-snippet":"max-snippet:-1","max-image-preview":"max-image-preview:large","max-video-preview":"max-video-preview:-1"},"canonical":"https:\/\/actekine.fr\/index.php\/le-centre\/","og_locale":"fr_FR","og_type":"article","og_title":"Le centre P\u00f4le 3K - Fr\u00e9d\u00e9ric LINEE, Masseur-Kin\u00e9sith\u00e9rapeute \u00e0 Loupian","og_description":"P\u00f4le 3 K &nbsp;est un b\u00e2timent ind\u00e9pendant enti\u00e8rement pens\u00e9 pour la r\u00e9\u00e9ducation et la r\u00e9adaptation fonctionnelle mais aussi les soins de confort et pr\u00e9ventifs : pr\u00e8s de 200 m\u00b2&nbsp;sur un m\u00eame niveau int\u00e9grant les normes les plus strictes en termes d&rsquo;accessibilit\u00e9 aux personnes \u00e0 mobilit\u00e9s r\u00e9duites et prise en compte de tous les handicaps (notions [&hellip;]","og_url":"https:\/\/actekine.fr\/index.php\/le-centre\/","og_site_name":"Fr\u00e9d\u00e9ric LINEE, Masseur-Kin\u00e9sith\u00e9rapeute \u00e0 Loupian","article_modified_time":"2023-11-22T13:28:03+00:00","og_image":[{"width":300,"height":297,"url":"https:\/\/actekine.fr\/wp-content\/uploads\/2020\/04\/Handicap.jpg","type":"image\/jpeg"}],"twitter_card":"summary_large_image","twitter_image":"https:\/\/actekine.fr\/wp-content\/uploads\/2020\/04\/Handicap.jpg","twitter_misc":{"Dur\u00e9e de lecture estim\u00e9e":"2 minutes"},"schema":{"@context":"https:\/\/schema.org","@graph":[{"@type":"WebPage","@id":"https:\/\/actekine.fr\/index.php\/le-centre\/","url":"https:\/\/actekine.fr\/index.php\/le-centre\/","name":"Le centre P\u00f4le 3K - Fr\u00e9d\u00e9ric LINEE, Masseur-Kin\u00e9sith\u00e9rapeute \u00e0 Loupian","isPartOf":{"@id":"http:\/\/actekine.fr\/#website"},"datePublished":"2020-04-21T08:13:06+00:00","dateModified":"2023-11-22T13:28:03+00:00","breadcrumb":{"@id":"https:\/\/actekine.fr\/index.php\/le-centre\/#breadcrumb"},"inLanguage":"fr-FR","potentialAction":[{"@type":"ReadAction","target":["https:\/\/actekine.fr\/index.php\/le-centre\/"]}]},{"@type":"BreadcrumbList","@id":"https:\/\/actekine.fr\/index.php\/le-centre\/#breadcrumb","itemListElement":[{"@type":"ListItem","position":1,"name":"Accueil","item":"http:\/\/actekine.fr\/"},{"@type":"ListItem","position":2,"name":"Le centre P\u00f4le 3K"}]},{"@type":"WebSite","@id":"http:\/\/actekine.fr\/#website","url":"http:\/\/actekine.fr\/","name":"Fr\u00e9d\u00e9ric LINEE, Masseur-Kin\u00e9sith\u00e9rapeute \u00e0 Loupian","description":"Un site utilisant WordPress","potentialAction":[{"@type":"SearchAction","target":{"@type":"EntryPoint","urlTemplate":"http:\/\/actekine.fr\/?s={search_term_string}"},"query-input":"required name=search_term_string"}],"inLanguage":"fr-FR"}]}},"_links":{"self":[{"href":"https:\/\/actekine.fr\/index.php\/wp-json\/wp\/v2\/pages\/17"}],"collection":[{"href":"https:\/\/actekine.fr\/index.php\/wp-json\/wp\/v2\/pages"}],"about":[{"href":"https:\/\/actekine.fr\/index.php\/wp-json\/wp\/v2\/types\/page"}],"author":[{"embeddable":true,"href":"https:\/\/actekine.fr\/index.php\/wp-json\/wp\/v2\/users\/2"}],"replies":[{"embeddable":true,"href":"https:\/\/actekine.fr\/index.php\/wp-json\/wp\/v2\/comments?post=17"}],"version-history":[{"count":11,"href":"https:\/\/actekine.fr\/index.php\/wp-json\/wp\/v2\/pages\/17\/revisions"}],"predecessor-version":[{"id":1137,"href":"https:\/\/actekine.fr\/index.php\/wp-json\/wp\/v2\/pages\/17\/revisions\/1137"}],"wp:attachment":[{"href":"https:\/\/actekine.fr\/index.php\/wp-json\/wp\/v2\/media?parent=17"}],"curies":[{"name":"wp","href":"https:\/\/api.w.org\/{rel}","templated":true}]}}