{"id":1373,"date":"2024-09-24T11:00:32","date_gmt":"2024-09-24T09:00:32","guid":{"rendered":"https:\/\/actekine.fr\/?page_id=1373"},"modified":"2024-09-24T11:29:53","modified_gmt":"2024-09-24T09:29:53","slug":"peintures","status":"publish","type":"page","link":"https:\/\/actekine.fr\/index.php\/peintures\/","title":{"rendered":"Peintures"},"content":{"rendered":"\n<p>Depuis septembre (2024), et avec l&rsquo;autorisation de Jessika, j&rsquo;ai accroch\u00e9 quelques toiles (eh oui, je peins aussi un peu \ud83d\ude09 ) au cabinet. N&rsquo;h\u00e9sitez, lors de vos soins, \u00e0 lever un peu la t\u00eate et \u00e0 me donner votre avis.<\/p>\n\n\n\n<div class=\"wp-block-columns is-layout-flex wp-container-core-columns-layout-1 wp-block-columns-is-layout-flex\">\n<div class=\"wp-block-column is-layout-flow wp-block-column-is-layout-flow\"><div class=\"wp-block-image\">\n<figure class=\"aligncenter size-full\"><img loading=\"lazy\" decoding=\"async\" width=\"640\" height=\"480\" src=\"http:\/\/actekine.fr\/wp-content\/uploads\/2024\/09\/Plateau.jpg\" alt=\"\" class=\"wp-image-1381\" srcset=\"https:\/\/actekine.fr\/wp-content\/uploads\/2024\/09\/Plateau.jpg 640w, https:\/\/actekine.fr\/wp-content\/uploads\/2024\/09\/Plateau-300x225.jpg 300w\" sizes=\"(max-width: 640px) 100vw, 640px\" \/><figcaption class=\"wp-element-caption\">Plateau technique<\/figcaption><\/figure><\/div><\/div>\n\n\n\n<div class=\"wp-block-column is-layout-flow wp-block-column-is-layout-flow\"><div class=\"wp-block-image\">\n<figure class=\"aligncenter size-full\"><img loading=\"lazy\" decoding=\"async\" width=\"640\" height=\"480\" src=\"http:\/\/actekine.fr\/wp-content\/uploads\/2024\/09\/Bleu-1.jpg\" alt=\"\" class=\"wp-image-1378\" srcset=\"https:\/\/actekine.fr\/wp-content\/uploads\/2024\/09\/Bleu-1.jpg 640w, https:\/\/actekine.fr\/wp-content\/uploads\/2024\/09\/Bleu-1-300x225.jpg 300w\" sizes=\"(max-width: 640px) 100vw, 640px\" \/><figcaption class=\"wp-element-caption\">Bleu<\/figcaption><\/figure><\/div><\/div>\n<\/div>\n\n\n\n<div class=\"wp-block-columns is-layout-flex wp-container-core-columns-layout-2 wp-block-columns-is-layout-flex\">\n<div class=\"wp-block-column is-layout-flow wp-block-column-is-layout-flow\"><div class=\"wp-block-image\">\n<figure class=\"aligncenter size-full\"><img loading=\"lazy\" decoding=\"async\" width=\"360\" height=\"640\" src=\"http:\/\/actekine.fr\/wp-content\/uploads\/2024\/09\/Salle-5-bis-rotated.jpg\" alt=\"\" class=\"wp-image-1379\" srcset=\"https:\/\/actekine.fr\/wp-content\/uploads\/2024\/09\/Salle-5-bis-rotated.jpg 360w, https:\/\/actekine.fr\/wp-content\/uploads\/2024\/09\/Salle-5-bis-169x300.jpg 169w\" sizes=\"(max-width: 360px) 100vw, 360px\" \/><figcaption class=\"wp-element-caption\">Salle 5<\/figcaption><\/figure><\/div><\/div>\n<\/div>\n\n\n<div class=\"wp-block-image\">\n<figure class=\"aligncenter size-full\"><img loading=\"lazy\" decoding=\"async\" width=\"640\" height=\"480\" src=\"http:\/\/actekine.fr\/wp-content\/uploads\/2024\/09\/Bleu-2.jpg\" alt=\"\" class=\"wp-image-1377\" srcset=\"https:\/\/actekine.fr\/wp-content\/uploads\/2024\/09\/Bleu-2.jpg 640w, https:\/\/actekine.fr\/wp-content\/uploads\/2024\/09\/Bleu-2-300x225.jpg 300w\" sizes=\"(max-width: 640px) 100vw, 640px\" \/><figcaption class=\"wp-element-caption\">Feu<\/figcaption><\/figure><\/div>","protected":false},"excerpt":{"rendered":"<p>Depuis septembre (2024), et avec l&rsquo;autorisation de Jessika, j&rsquo;ai accroch\u00e9 quelques toiles (eh oui, je peins aussi un peu \ud83d\ude09 ) au cabinet. N&rsquo;h\u00e9sitez, lors de vos soins, \u00e0 lever un peu la t\u00eate et \u00e0 me donner votre avis.<\/p>\n","protected":false},"author":2,"featured_media":0,"parent":0,"menu_order":0,"comment_status":"closed","ping_status":"closed","template":"","meta":{"footnotes":""},"yoast_head":"<!-- This site is optimized with the Yoast SEO plugin v21.7 - https:\/\/yoast.com\/wordpress\/plugins\/seo\/ -->\n<title>Peintures - Fr\u00e9d\u00e9ric LINEE, Masseur-Kin\u00e9sith\u00e9rapeute \u00e0 Loupian<\/title>\n<meta name=\"robots\" content=\"index, follow, max-snippet:-1, max-image-preview:large, max-video-preview:-1\" \/>\n<link rel=\"canonical\" href=\"https:\/\/actekine.fr\/index.php\/peintures\/\" \/>\n<meta property=\"og:locale\" content=\"fr_FR\" \/>\n<meta property=\"og:type\" content=\"article\" \/>\n<meta property=\"og:title\" content=\"Peintures - Fr\u00e9d\u00e9ric LINEE, Masseur-Kin\u00e9sith\u00e9rapeute \u00e0 Loupian\" \/>\n<meta property=\"og:description\" content=\"Depuis septembre (2024), et avec l&rsquo;autorisation de Jessika, j&rsquo;ai accroch\u00e9 quelques toiles (eh oui, je peins aussi un peu \ud83d\ude09 ) au cabinet. N&rsquo;h\u00e9sitez, lors de vos soins, \u00e0 lever un peu la t\u00eate et \u00e0 me donner votre avis.\" \/>\n<meta property=\"og:url\" content=\"https:\/\/actekine.fr\/index.php\/peintures\/\" \/>\n<meta property=\"og:site_name\" content=\"Fr\u00e9d\u00e9ric LINEE, Masseur-Kin\u00e9sith\u00e9rapeute \u00e0 Loupian\" \/>\n<meta property=\"article:modified_time\" content=\"2024-09-24T09:29:53+00:00\" \/>\n<meta property=\"og:image\" content=\"https:\/\/actekine.fr\/wp-content\/uploads\/2024\/09\/Plateau.jpg\" \/>\n\t<meta property=\"og:image:width\" content=\"640\" \/>\n\t<meta property=\"og:image:height\" content=\"480\" \/>\n\t<meta property=\"og:image:type\" content=\"image\/jpeg\" \/>\n<meta name=\"twitter:card\" content=\"summary_large_image\" \/>\n<meta name=\"twitter:label1\" content=\"Dur\u00e9e de lecture estim\u00e9e\" \/>\n\t<meta name=\"twitter:data1\" content=\"2 minutes\" \/>\n<script type=\"application\/ld+json\" class=\"yoast-schema-graph\">{\"@context\":\"https:\/\/schema.org\",\"@graph\":[{\"@type\":\"WebPage\",\"@id\":\"https:\/\/actekine.fr\/index.php\/peintures\/\",\"url\":\"https:\/\/actekine.fr\/index.php\/peintures\/\",\"name\":\"Peintures - Fr\u00e9d\u00e9ric LINEE, Masseur-Kin\u00e9sith\u00e9rapeute \u00e0 Loupian\",\"isPartOf\":{\"@id\":\"http:\/\/actekine.fr\/#website\"},\"datePublished\":\"2024-09-24T09:00:32+00:00\",\"dateModified\":\"2024-09-24T09:29:53+00:00\",\"breadcrumb\":{\"@id\":\"https:\/\/actekine.fr\/index.php\/peintures\/#breadcrumb\"},\"inLanguage\":\"fr-FR\",\"potentialAction\":[{\"@type\":\"ReadAction\",\"target\":[\"https:\/\/actekine.fr\/index.php\/peintures\/\"]}]},{\"@type\":\"BreadcrumbList\",\"@id\":\"https:\/\/actekine.fr\/index.php\/peintures\/#breadcrumb\",\"itemListElement\":[{\"@type\":\"ListItem\",\"position\":1,\"name\":\"Accueil\",\"item\":\"http:\/\/actekine.fr\/\"},{\"@type\":\"ListItem\",\"position\":2,\"name\":\"Peintures\"}]},{\"@type\":\"WebSite\",\"@id\":\"http:\/\/actekine.fr\/#website\",\"url\":\"http:\/\/actekine.fr\/\",\"name\":\"Fr\u00e9d\u00e9ric LINEE, Masseur-Kin\u00e9sith\u00e9rapeute \u00e0 Loupian\",\"description\":\"Un site utilisant WordPress\",\"potentialAction\":[{\"@type\":\"SearchAction\",\"target\":{\"@type\":\"EntryPoint\",\"urlTemplate\":\"http:\/\/actekine.fr\/?s={search_term_string}\"},\"query-input\":\"required name=search_term_string\"}],\"inLanguage\":\"fr-FR\"}]}<\/script>\n<!-- \/ Yoast SEO plugin. -->","yoast_head_json":{"title":"Peintures - Fr\u00e9d\u00e9ric LINEE, Masseur-Kin\u00e9sith\u00e9rapeute \u00e0 Loupian","robots":{"index":"index","follow":"follow","max-snippet":"max-snippet:-1","max-image-preview":"max-image-preview:large","max-video-preview":"max-video-preview:-1"},"canonical":"https:\/\/actekine.fr\/index.php\/peintures\/","og_locale":"fr_FR","og_type":"article","og_title":"Peintures - Fr\u00e9d\u00e9ric LINEE, Masseur-Kin\u00e9sith\u00e9rapeute \u00e0 Loupian","og_description":"Depuis septembre (2024), et avec l&rsquo;autorisation de Jessika, j&rsquo;ai accroch\u00e9 quelques toiles (eh oui, je peins aussi un peu \ud83d\ude09 ) au cabinet. N&rsquo;h\u00e9sitez, lors de vos soins, \u00e0 lever un peu la t\u00eate et \u00e0 me donner votre avis.","og_url":"https:\/\/actekine.fr\/index.php\/peintures\/","og_site_name":"Fr\u00e9d\u00e9ric LINEE, Masseur-Kin\u00e9sith\u00e9rapeute \u00e0 Loupian","article_modified_time":"2024-09-24T09:29:53+00:00","og_image":[{"width":640,"height":480,"url":"https:\/\/actekine.fr\/wp-content\/uploads\/2024\/09\/Plateau.jpg","type":"image\/jpeg"}],"twitter_card":"summary_large_image","twitter_misc":{"Dur\u00e9e de lecture estim\u00e9e":"2 minutes"},"schema":{"@context":"https:\/\/schema.org","@graph":[{"@type":"WebPage","@id":"https:\/\/actekine.fr\/index.php\/peintures\/","url":"https:\/\/actekine.fr\/index.php\/peintures\/","name":"Peintures - Fr\u00e9d\u00e9ric LINEE, Masseur-Kin\u00e9sith\u00e9rapeute \u00e0 Loupian","isPartOf":{"@id":"http:\/\/actekine.fr\/#website"},"datePublished":"2024-09-24T09:00:32+00:00","dateModified":"2024-09-24T09:29:53+00:00","breadcrumb":{"@id":"https:\/\/actekine.fr\/index.php\/peintures\/#breadcrumb"},"inLanguage":"fr-FR","potentialAction":[{"@type":"ReadAction","target":["https:\/\/actekine.fr\/index.php\/peintures\/"]}]},{"@type":"BreadcrumbList","@id":"https:\/\/actekine.fr\/index.php\/peintures\/#breadcrumb","itemListElement":[{"@type":"ListItem","position":1,"name":"Accueil","item":"http:\/\/actekine.fr\/"},{"@type":"ListItem","position":2,"name":"Peintures"}]},{"@type":"WebSite","@id":"http:\/\/actekine.fr\/#website","url":"http:\/\/actekine.fr\/","name":"Fr\u00e9d\u00e9ric LINEE, Masseur-Kin\u00e9sith\u00e9rapeute \u00e0 Loupian","description":"Un site utilisant WordPress","potentialAction":[{"@type":"SearchAction","target":{"@type":"EntryPoint","urlTemplate":"http:\/\/actekine.fr\/?s={search_term_string}"},"query-input":"required name=search_term_string"}],"inLanguage":"fr-FR"}]}},"_links":{"self":[{"href":"https:\/\/actekine.fr\/index.php\/wp-json\/wp\/v2\/pages\/1373"}],"collection":[{"href":"https:\/\/actekine.fr\/index.php\/wp-json\/wp\/v2\/pages"}],"about":[{"href":"https:\/\/actekine.fr\/index.php\/wp-json\/wp\/v2\/types\/page"}],"author":[{"embeddable":true,"href":"https:\/\/actekine.fr\/index.php\/wp-json\/wp\/v2\/users\/2"}],"replies":[{"embeddable":true,"href":"https:\/\/actekine.fr\/index.php\/wp-json\/wp\/v2\/comments?post=1373"}],"version-history":[{"count":3,"href":"https:\/\/actekine.fr\/index.php\/wp-json\/wp\/v2\/pages\/1373\/revisions"}],"predecessor-version":[{"id":1383,"href":"https:\/\/actekine.fr\/index.php\/wp-json\/wp\/v2\/pages\/1373\/revisions\/1383"}],"wp:attachment":[{"href":"https:\/\/actekine.fr\/index.php\/wp-json\/wp\/v2\/media?parent=1373"}],"curies":[{"name":"wp","href":"https:\/\/api.w.org\/{rel}","templated":true}]}}