{"id":1121,"date":"2023-11-22T14:11:14","date_gmt":"2023-11-22T13:11:14","guid":{"rendered":"http:\/\/actekine.fr\/?page_id=1121"},"modified":"2025-02-01T18:43:46","modified_gmt":"2025-02-01T17:43:46","slug":"mes-romans","status":"publish","type":"page","link":"https:\/\/actekine.fr\/index.php\/mes-romans\/","title":{"rendered":"Mes romans"},"content":{"rendered":"\n<p>En 2018 je publiais (un peu par d\u00e9fi) mon premier roman, Le Protocole australien &#8230; Mais rapidement je me rendis compte que j&rsquo;\u00e9tais devenu addict \u00e0 l&rsquo;\u00e9criture :<\/p>\n\n\n\n<ul>\n<li>2019 parait un gros pav\u00e9 (430 pages), roman d&rsquo;espionnage pour lecteurs avertis : <strong><a href=\"https:\/\/www.atramenta.net\/books\/40-unites-avant-la-nuit\/879\" target=\"_blank\" rel=\"noreferrer noopener\">40 Unit\u00e9s avant la Nuit<\/a><\/strong><\/li>\n\n\n\n<li>2021, plus fluide et accessible \u00e0 tous les lecteurs, <strong><a href=\"https:\/\/www.atramenta.net\/books\/une-ride-a-la-surface\/1050\" target=\"_blank\" rel=\"noreferrer noopener\">Une ride \u00e0 la surface<\/a><\/strong> ne laisse personne indiff\u00e9rent<\/li>\n\n\n\n<li>2022, mon dernier roman (\u00e0 la sauce thriller) conjugue la passion amoureuse : <strong><a href=\"https:\/\/www.atramenta.net\/books\/conjugaisons\/1281\" target=\"_blank\" rel=\"noreferrer noopener\">Conjugaison<\/a><\/strong><\/li>\n\n\n\n<li>2022, en parall\u00e8le \u00e0 la publication de mes romans, j&rsquo;ai aussi \u00e9dit\u00e9 un petit recueil de po\u00e9sies : <strong><a href=\"https:\/\/www.atramenta.net\/books\/pavillon-rouge\/1084\" target=\"_blank\" rel=\"noreferrer noopener\">Pavillon rouge<\/a><\/strong><\/li>\n\n\n\n<li>2025, il ne s&rsquo;agit pas d&rsquo;un roman mais juste d&rsquo;un t\u00e9moignage tr\u00e8s personnel : <strong><a href=\"https:\/\/www.atramenta.net\/books\/sois-heureux\/1586\">Sois Heureux<\/a><\/strong><\/li>\n<\/ul>\n\n\n\n<p class=\"has-text-align-center\"><em>EN cliquant sur chaque photo vous trouverez la fiche de l&rsquo;\u00e9diteur<\/em><\/p>\n\n\n\n<div class=\"wp-block-columns is-layout-flex wp-container-core-columns-layout-1 wp-block-columns-is-layout-flex\">\n<div class=\"wp-block-column is-layout-flow wp-block-column-is-layout-flow\">\n<figure class=\"wp-block-image size-full\"><a href=\"https:\/\/www.atramenta.net\/books\/40-unites-avant-la-nuit\/879\" target=\"_blank\" rel=\"noreferrer noopener\"><img loading=\"lazy\" decoding=\"async\" width=\"453\" height=\"640\" src=\"http:\/\/actekine.fr\/wp-content\/uploads\/2023\/11\/IMG_0562.jpg\" alt=\"\" class=\"wp-image-1167\" srcset=\"https:\/\/actekine.fr\/wp-content\/uploads\/2023\/11\/IMG_0562.jpg 453w, https:\/\/actekine.fr\/wp-content\/uploads\/2023\/11\/IMG_0562-212x300.jpg 212w\" sizes=\"(max-width: 453px) 100vw, 453px\" \/><\/a><\/figure>\n<\/div>\n\n\n\n<div class=\"wp-block-column is-layout-flow wp-block-column-is-layout-flow\">\n<figure class=\"wp-block-image size-full\"><a href=\"https:\/\/www.atramenta.net\/books\/une-ride-a-la-surface\/1050\" target=\"_blank\" rel=\"noreferrer noopener\"><img loading=\"lazy\" decoding=\"async\" width=\"453\" height=\"640\" src=\"http:\/\/actekine.fr\/wp-content\/uploads\/2023\/11\/IMG_0561.jpg\" alt=\"\" class=\"wp-image-1166\" srcset=\"https:\/\/actekine.fr\/wp-content\/uploads\/2023\/11\/IMG_0561.jpg 453w, https:\/\/actekine.fr\/wp-content\/uploads\/2023\/11\/IMG_0561-212x300.jpg 212w\" sizes=\"(max-width: 453px) 100vw, 453px\" \/><\/a><\/figure>\n<\/div>\n<\/div>\n\n\n\n<div class=\"wp-block-columns is-layout-flex wp-container-core-columns-layout-2 wp-block-columns-is-layout-flex\">\n<div class=\"wp-block-column is-layout-flow wp-block-column-is-layout-flow\">\n<figure class=\"wp-block-image size-full\"><a href=\"https:\/\/www.atramenta.net\/books\/conjugaisons\/1281\" target=\"_blank\" rel=\"noreferrer noopener\"><img loading=\"lazy\" decoding=\"async\" width=\"455\" height=\"640\" src=\"http:\/\/actekine.fr\/wp-content\/uploads\/2023\/11\/IMG_0563.jpg\" alt=\"\" class=\"wp-image-1168\" srcset=\"https:\/\/actekine.fr\/wp-content\/uploads\/2023\/11\/IMG_0563.jpg 455w, https:\/\/actekine.fr\/wp-content\/uploads\/2023\/11\/IMG_0563-213x300.jpg 213w\" sizes=\"(max-width: 455px) 100vw, 455px\" \/><\/a><\/figure>\n<\/div>\n\n\n\n<div class=\"wp-block-column is-layout-flow wp-block-column-is-layout-flow\">\n<figure class=\"wp-block-image size-full\"><a href=\"https:\/\/www.atramenta.net\/books\/pavillon-rouge\/1084\" target=\"_blank\" rel=\"noreferrer noopener\"><img loading=\"lazy\" decoding=\"async\" width=\"453\" height=\"640\" src=\"http:\/\/actekine.fr\/wp-content\/uploads\/2023\/11\/IMG_0564.jpg\" alt=\"\" class=\"wp-image-1169\" srcset=\"https:\/\/actekine.fr\/wp-content\/uploads\/2023\/11\/IMG_0564.jpg 453w, https:\/\/actekine.fr\/wp-content\/uploads\/2023\/11\/IMG_0564-212x300.jpg 212w\" sizes=\"(max-width: 453px) 100vw, 453px\" \/><\/a><\/figure>\n<\/div>\n<\/div>\n\n\n<div class=\"wp-block-image\">\n<figure class=\"aligncenter size-full\"><a href=\"https:\/\/www.atramenta.net\/books\/sois-heureux\/1586\"><img loading=\"lazy\" decoding=\"async\" width=\"522\" height=\"745\" src=\"https:\/\/actekine.fr\/wp-content\/uploads\/2025\/02\/Couverture.jpg\" alt=\"\" class=\"wp-image-1400\" srcset=\"https:\/\/actekine.fr\/wp-content\/uploads\/2025\/02\/Couverture.jpg 522w, https:\/\/actekine.fr\/wp-content\/uploads\/2025\/02\/Couverture-210x300.jpg 210w\" sizes=\"(max-width: 522px) 100vw, 522px\" \/><\/a><\/figure><\/div>\n\n\n<p class=\"has-text-align-center\">En vente partout (en commande) mais le mieux est encore directement chez l&rsquo;\u00e9diteur (chez vous, franco de port, en 6 jours ouvrable) ou au cabinet pour vous les d\u00e9dicacer.<\/p>\n\n\n\n<p class=\"has-text-align-center\"><strong>Le site de mon \u00e9diteur :<\/strong> <a href=\"https:\/\/www.atramenta.net\/authors\/frederic-linee\/89073\" target=\"_blank\" rel=\"noreferrer noopener\">https:\/\/www.atramenta.net\/<\/a><\/p>\n","protected":false},"excerpt":{"rendered":"<p>En 2018 je publiais (un peu par d\u00e9fi) mon premier roman, Le Protocole australien &#8230; Mais rapidement je me rendis compte que j&rsquo;\u00e9tais devenu addict \u00e0 l&rsquo;\u00e9criture : EN cliquant sur chaque photo vous trouverez la fiche de l&rsquo;\u00e9diteur En vente partout (en commande) mais le mieux est encore directement chez l&rsquo;\u00e9diteur (chez vous, franco [&hellip;]<\/p>\n","protected":false},"author":2,"featured_media":0,"parent":0,"menu_order":0,"comment_status":"closed","ping_status":"closed","template":"","meta":{"footnotes":""},"yoast_head":"<!-- This site is optimized with the Yoast SEO plugin v21.7 - https:\/\/yoast.com\/wordpress\/plugins\/seo\/ -->\n<title>Mes romans - Fr\u00e9d\u00e9ric LINEE, Masseur-Kin\u00e9sith\u00e9rapeute \u00e0 Loupian<\/title>\n<meta name=\"robots\" content=\"index, follow, max-snippet:-1, max-image-preview:large, max-video-preview:-1\" \/>\n<link rel=\"canonical\" href=\"https:\/\/actekine.fr\/index.php\/mes-romans\/\" \/>\n<meta property=\"og:locale\" content=\"fr_FR\" \/>\n<meta property=\"og:type\" content=\"article\" \/>\n<meta property=\"og:title\" content=\"Romans de Fr\u00e9d\u00e9ric Lin\u00e9e\" \/>\n<meta property=\"og:description\" content=\"4 romans publi\u00e9s et disponibles partout en commande ou directement \u00e0 Loupian au cabinet P\u00f4le 3K\" \/>\n<meta property=\"og:url\" content=\"https:\/\/actekine.fr\/index.php\/mes-romans\/\" \/>\n<meta property=\"og:site_name\" content=\"Fr\u00e9d\u00e9ric LINEE, Masseur-Kin\u00e9sith\u00e9rapeute \u00e0 Loupian\" \/>\n<meta property=\"article:modified_time\" content=\"2025-02-01T17:43:46+00:00\" \/>\n<meta property=\"og:image\" content=\"https:\/\/actekine.fr\/wp-content\/uploads\/2023\/11\/IMG_0561.jpg\" \/>\n\t<meta property=\"og:image:width\" content=\"453\" \/>\n\t<meta property=\"og:image:height\" content=\"640\" \/>\n\t<meta property=\"og:image:type\" content=\"image\/jpeg\" \/>\n<meta name=\"twitter:card\" content=\"summary_large_image\" \/>\n<meta name=\"twitter:label1\" content=\"Dur\u00e9e de lecture estim\u00e9e\" \/>\n\t<meta name=\"twitter:data1\" content=\"2 minutes\" \/>\n<script type=\"application\/ld+json\" class=\"yoast-schema-graph\">{\"@context\":\"https:\/\/schema.org\",\"@graph\":[{\"@type\":\"WebPage\",\"@id\":\"https:\/\/actekine.fr\/index.php\/mes-romans\/\",\"url\":\"https:\/\/actekine.fr\/index.php\/mes-romans\/\",\"name\":\"Mes romans - Fr\u00e9d\u00e9ric LINEE, Masseur-Kin\u00e9sith\u00e9rapeute \u00e0 Loupian\",\"isPartOf\":{\"@id\":\"http:\/\/actekine.fr\/#website\"},\"datePublished\":\"2023-11-22T13:11:14+00:00\",\"dateModified\":\"2025-02-01T17:43:46+00:00\",\"breadcrumb\":{\"@id\":\"https:\/\/actekine.fr\/index.php\/mes-romans\/#breadcrumb\"},\"inLanguage\":\"fr-FR\",\"potentialAction\":[{\"@type\":\"ReadAction\",\"target\":[\"https:\/\/actekine.fr\/index.php\/mes-romans\/\"]}]},{\"@type\":\"BreadcrumbList\",\"@id\":\"https:\/\/actekine.fr\/index.php\/mes-romans\/#breadcrumb\",\"itemListElement\":[{\"@type\":\"ListItem\",\"position\":1,\"name\":\"Accueil\",\"item\":\"http:\/\/actekine.fr\/\"},{\"@type\":\"ListItem\",\"position\":2,\"name\":\"Mes romans\"}]},{\"@type\":\"WebSite\",\"@id\":\"http:\/\/actekine.fr\/#website\",\"url\":\"http:\/\/actekine.fr\/\",\"name\":\"Fr\u00e9d\u00e9ric LINEE, Masseur-Kin\u00e9sith\u00e9rapeute \u00e0 Loupian\",\"description\":\"Un site utilisant WordPress\",\"potentialAction\":[{\"@type\":\"SearchAction\",\"target\":{\"@type\":\"EntryPoint\",\"urlTemplate\":\"http:\/\/actekine.fr\/?s={search_term_string}\"},\"query-input\":\"required name=search_term_string\"}],\"inLanguage\":\"fr-FR\"}]}<\/script>\n<!-- \/ Yoast SEO plugin. -->","yoast_head_json":{"title":"Mes romans - Fr\u00e9d\u00e9ric LINEE, Masseur-Kin\u00e9sith\u00e9rapeute \u00e0 Loupian","robots":{"index":"index","follow":"follow","max-snippet":"max-snippet:-1","max-image-preview":"max-image-preview:large","max-video-preview":"max-video-preview:-1"},"canonical":"https:\/\/actekine.fr\/index.php\/mes-romans\/","og_locale":"fr_FR","og_type":"article","og_title":"Romans de Fr\u00e9d\u00e9ric Lin\u00e9e","og_description":"4 romans publi\u00e9s et disponibles partout en commande ou directement \u00e0 Loupian au cabinet P\u00f4le 3K","og_url":"https:\/\/actekine.fr\/index.php\/mes-romans\/","og_site_name":"Fr\u00e9d\u00e9ric LINEE, Masseur-Kin\u00e9sith\u00e9rapeute \u00e0 Loupian","article_modified_time":"2025-02-01T17:43:46+00:00","og_image":[{"width":453,"height":640,"url":"https:\/\/actekine.fr\/wp-content\/uploads\/2023\/11\/IMG_0561.jpg","type":"image\/jpeg"}],"twitter_card":"summary_large_image","twitter_misc":{"Dur\u00e9e de lecture estim\u00e9e":"2 minutes"},"schema":{"@context":"https:\/\/schema.org","@graph":[{"@type":"WebPage","@id":"https:\/\/actekine.fr\/index.php\/mes-romans\/","url":"https:\/\/actekine.fr\/index.php\/mes-romans\/","name":"Mes romans - Fr\u00e9d\u00e9ric LINEE, Masseur-Kin\u00e9sith\u00e9rapeute \u00e0 Loupian","isPartOf":{"@id":"http:\/\/actekine.fr\/#website"},"datePublished":"2023-11-22T13:11:14+00:00","dateModified":"2025-02-01T17:43:46+00:00","breadcrumb":{"@id":"https:\/\/actekine.fr\/index.php\/mes-romans\/#breadcrumb"},"inLanguage":"fr-FR","potentialAction":[{"@type":"ReadAction","target":["https:\/\/actekine.fr\/index.php\/mes-romans\/"]}]},{"@type":"BreadcrumbList","@id":"https:\/\/actekine.fr\/index.php\/mes-romans\/#breadcrumb","itemListElement":[{"@type":"ListItem","position":1,"name":"Accueil","item":"http:\/\/actekine.fr\/"},{"@type":"ListItem","position":2,"name":"Mes romans"}]},{"@type":"WebSite","@id":"http:\/\/actekine.fr\/#website","url":"http:\/\/actekine.fr\/","name":"Fr\u00e9d\u00e9ric LINEE, Masseur-Kin\u00e9sith\u00e9rapeute \u00e0 Loupian","description":"Un site utilisant WordPress","potentialAction":[{"@type":"SearchAction","target":{"@type":"EntryPoint","urlTemplate":"http:\/\/actekine.fr\/?s={search_term_string}"},"query-input":"required name=search_term_string"}],"inLanguage":"fr-FR"}]}},"_links":{"self":[{"href":"https:\/\/actekine.fr\/index.php\/wp-json\/wp\/v2\/pages\/1121"}],"collection":[{"href":"https:\/\/actekine.fr\/index.php\/wp-json\/wp\/v2\/pages"}],"about":[{"href":"https:\/\/actekine.fr\/index.php\/wp-json\/wp\/v2\/types\/page"}],"author":[{"embeddable":true,"href":"https:\/\/actekine.fr\/index.php\/wp-json\/wp\/v2\/users\/2"}],"replies":[{"embeddable":true,"href":"https:\/\/actekine.fr\/index.php\/wp-json\/wp\/v2\/comments?post=1121"}],"version-history":[{"count":13,"href":"https:\/\/actekine.fr\/index.php\/wp-json\/wp\/v2\/pages\/1121\/revisions"}],"predecessor-version":[{"id":1405,"href":"https:\/\/actekine.fr\/index.php\/wp-json\/wp\/v2\/pages\/1121\/revisions\/1405"}],"wp:attachment":[{"href":"https:\/\/actekine.fr\/index.php\/wp-json\/wp\/v2\/media?parent=1121"}],"curies":[{"name":"wp","href":"https:\/\/api.w.org\/{rel}","templated":true}]}}