{"id":110,"date":"2020-04-21T13:04:31","date_gmt":"2020-04-21T11:04:31","guid":{"rendered":"http:\/\/actekine.fr\/?page_id=110"},"modified":"2025-07-15T13:33:05","modified_gmt":"2025-07-15T11:33:05","slug":"tarifs","status":"publish","type":"page","link":"https:\/\/actekine.fr\/index.php\/tarifs\/","title":{"rendered":"Tarifs  2025"},"content":{"rendered":"\n<p>Conventionn\u00e9, je pratique pour tous les soins prescrits le tiers payant <em>(s\u00e9curit\u00e9 sociale  et mutuelles fran\u00e7aises uniquement)<\/em>. Pensez \u00e0 apporter votre carte vitale et une attestation papier de votre mutuelle \u00e0 jour.<\/p>\n\n\n\n<p>Pour les soins non pris en charge par la s\u00e9curit\u00e9 sociale ou de confort, n&rsquo;h\u00e9sitez pas \u00e0 me demander les tarifs (ou un devis). Une facture pourra aussi, \u00e0 votre demande, vous \u00eatre d\u00e9livr\u00e9e.<\/p>\n\n\n\n<p><em>Membre d&rsquo;une association de gestion agr\u00e9e, si besoin, les r\u00e8glements par ch\u00e8ques  sont accept\u00e9s.<\/em><\/p>\n","protected":false},"excerpt":{"rendered":"<p>Conventionn\u00e9, je pratique pour tous les soins prescrits le tiers payant (s\u00e9curit\u00e9 sociale et mutuelles fran\u00e7aises uniquement). Pensez \u00e0 apporter votre carte vitale et une attestation papier de votre mutuelle \u00e0 jour. Pour les soins non pris en charge par la s\u00e9curit\u00e9 sociale ou de confort, n&rsquo;h\u00e9sitez pas \u00e0 me demander les tarifs (ou un [&hellip;]<\/p>\n","protected":false},"author":2,"featured_media":0,"parent":0,"menu_order":0,"comment_status":"closed","ping_status":"closed","template":"","meta":{"footnotes":""},"yoast_head":"<!-- This site is optimized with the Yoast SEO plugin v21.7 - https:\/\/yoast.com\/wordpress\/plugins\/seo\/ -->\n<title>Tarifs 2025 - Fr\u00e9d\u00e9ric LINEE, Masseur-Kin\u00e9sith\u00e9rapeute \u00e0 Loupian<\/title>\n<meta name=\"robots\" content=\"index, follow, max-snippet:-1, max-image-preview:large, max-video-preview:-1\" \/>\n<link rel=\"canonical\" href=\"https:\/\/actekine.fr\/index.php\/tarifs\/\" \/>\n<meta property=\"og:locale\" content=\"fr_FR\" \/>\n<meta property=\"og:type\" content=\"article\" \/>\n<meta property=\"og:title\" content=\"Tarifs 2025 - Fr\u00e9d\u00e9ric LINEE, Masseur-Kin\u00e9sith\u00e9rapeute \u00e0 Loupian\" \/>\n<meta property=\"og:description\" content=\"Conventionn\u00e9, je pratique pour tous les soins prescrits le tiers payant (s\u00e9curit\u00e9 sociale et mutuelles fran\u00e7aises uniquement). Pensez \u00e0 apporter votre carte vitale et une attestation papier de votre mutuelle \u00e0 jour. Pour les soins non pris en charge par la s\u00e9curit\u00e9 sociale ou de confort, n&rsquo;h\u00e9sitez pas \u00e0 me demander les tarifs (ou un [&hellip;]\" \/>\n<meta property=\"og:url\" content=\"https:\/\/actekine.fr\/index.php\/tarifs\/\" \/>\n<meta property=\"og:site_name\" content=\"Fr\u00e9d\u00e9ric LINEE, Masseur-Kin\u00e9sith\u00e9rapeute \u00e0 Loupian\" \/>\n<meta property=\"article:modified_time\" content=\"2025-07-15T11:33:05+00:00\" \/>\n<meta property=\"og:image\" content=\"https:\/\/actekine.fr\/wp-content\/uploads\/2020\/04\/TARIFS-1019x1024.jpg\" \/>\n\t<meta property=\"og:image:width\" content=\"1019\" \/>\n\t<meta property=\"og:image:height\" content=\"1024\" \/>\n\t<meta property=\"og:image:type\" content=\"image\/jpeg\" \/>\n<meta name=\"twitter:card\" content=\"summary_large_image\" \/>\n<meta name=\"twitter:image\" content=\"https:\/\/actekine.fr\/wp-content\/uploads\/2020\/04\/TARIFS.jpg\" \/>\n<meta name=\"twitter:label1\" content=\"Dur\u00e9e de lecture estim\u00e9e\" \/>\n\t<meta name=\"twitter:data1\" content=\"1 minute\" \/>\n<script type=\"application\/ld+json\" class=\"yoast-schema-graph\">{\"@context\":\"https:\/\/schema.org\",\"@graph\":[{\"@type\":\"WebPage\",\"@id\":\"https:\/\/actekine.fr\/index.php\/tarifs\/\",\"url\":\"https:\/\/actekine.fr\/index.php\/tarifs\/\",\"name\":\"Tarifs 2025 - Fr\u00e9d\u00e9ric LINEE, Masseur-Kin\u00e9sith\u00e9rapeute \u00e0 Loupian\",\"isPartOf\":{\"@id\":\"http:\/\/actekine.fr\/#website\"},\"datePublished\":\"2020-04-21T11:04:31+00:00\",\"dateModified\":\"2025-07-15T11:33:05+00:00\",\"breadcrumb\":{\"@id\":\"https:\/\/actekine.fr\/index.php\/tarifs\/#breadcrumb\"},\"inLanguage\":\"fr-FR\",\"potentialAction\":[{\"@type\":\"ReadAction\",\"target\":[\"https:\/\/actekine.fr\/index.php\/tarifs\/\"]}]},{\"@type\":\"BreadcrumbList\",\"@id\":\"https:\/\/actekine.fr\/index.php\/tarifs\/#breadcrumb\",\"itemListElement\":[{\"@type\":\"ListItem\",\"position\":1,\"name\":\"Accueil\",\"item\":\"http:\/\/actekine.fr\/\"},{\"@type\":\"ListItem\",\"position\":2,\"name\":\"Tarifs 2025\"}]},{\"@type\":\"WebSite\",\"@id\":\"http:\/\/actekine.fr\/#website\",\"url\":\"http:\/\/actekine.fr\/\",\"name\":\"Fr\u00e9d\u00e9ric LINEE, Masseur-Kin\u00e9sith\u00e9rapeute \u00e0 Loupian\",\"description\":\"Un site utilisant WordPress\",\"potentialAction\":[{\"@type\":\"SearchAction\",\"target\":{\"@type\":\"EntryPoint\",\"urlTemplate\":\"http:\/\/actekine.fr\/?s={search_term_string}\"},\"query-input\":\"required name=search_term_string\"}],\"inLanguage\":\"fr-FR\"}]}<\/script>\n<!-- \/ Yoast SEO plugin. -->","yoast_head_json":{"title":"Tarifs 2025 - Fr\u00e9d\u00e9ric LINEE, Masseur-Kin\u00e9sith\u00e9rapeute \u00e0 Loupian","robots":{"index":"index","follow":"follow","max-snippet":"max-snippet:-1","max-image-preview":"max-image-preview:large","max-video-preview":"max-video-preview:-1"},"canonical":"https:\/\/actekine.fr\/index.php\/tarifs\/","og_locale":"fr_FR","og_type":"article","og_title":"Tarifs 2025 - Fr\u00e9d\u00e9ric LINEE, Masseur-Kin\u00e9sith\u00e9rapeute \u00e0 Loupian","og_description":"Conventionn\u00e9, je pratique pour tous les soins prescrits le tiers payant (s\u00e9curit\u00e9 sociale et mutuelles fran\u00e7aises uniquement). Pensez \u00e0 apporter votre carte vitale et une attestation papier de votre mutuelle \u00e0 jour. Pour les soins non pris en charge par la s\u00e9curit\u00e9 sociale ou de confort, n&rsquo;h\u00e9sitez pas \u00e0 me demander les tarifs (ou un [&hellip;]","og_url":"https:\/\/actekine.fr\/index.php\/tarifs\/","og_site_name":"Fr\u00e9d\u00e9ric LINEE, Masseur-Kin\u00e9sith\u00e9rapeute \u00e0 Loupian","article_modified_time":"2025-07-15T11:33:05+00:00","og_image":[{"width":1019,"height":1024,"url":"https:\/\/actekine.fr\/wp-content\/uploads\/2020\/04\/TARIFS-1019x1024.jpg","type":"image\/jpeg"}],"twitter_card":"summary_large_image","twitter_image":"https:\/\/actekine.fr\/wp-content\/uploads\/2020\/04\/TARIFS.jpg","twitter_misc":{"Dur\u00e9e de lecture estim\u00e9e":"1 minute"},"schema":{"@context":"https:\/\/schema.org","@graph":[{"@type":"WebPage","@id":"https:\/\/actekine.fr\/index.php\/tarifs\/","url":"https:\/\/actekine.fr\/index.php\/tarifs\/","name":"Tarifs 2025 - Fr\u00e9d\u00e9ric LINEE, Masseur-Kin\u00e9sith\u00e9rapeute \u00e0 Loupian","isPartOf":{"@id":"http:\/\/actekine.fr\/#website"},"datePublished":"2020-04-21T11:04:31+00:00","dateModified":"2025-07-15T11:33:05+00:00","breadcrumb":{"@id":"https:\/\/actekine.fr\/index.php\/tarifs\/#breadcrumb"},"inLanguage":"fr-FR","potentialAction":[{"@type":"ReadAction","target":["https:\/\/actekine.fr\/index.php\/tarifs\/"]}]},{"@type":"BreadcrumbList","@id":"https:\/\/actekine.fr\/index.php\/tarifs\/#breadcrumb","itemListElement":[{"@type":"ListItem","position":1,"name":"Accueil","item":"http:\/\/actekine.fr\/"},{"@type":"ListItem","position":2,"name":"Tarifs 2025"}]},{"@type":"WebSite","@id":"http:\/\/actekine.fr\/#website","url":"http:\/\/actekine.fr\/","name":"Fr\u00e9d\u00e9ric LINEE, Masseur-Kin\u00e9sith\u00e9rapeute \u00e0 Loupian","description":"Un site utilisant WordPress","potentialAction":[{"@type":"SearchAction","target":{"@type":"EntryPoint","urlTemplate":"http:\/\/actekine.fr\/?s={search_term_string}"},"query-input":"required name=search_term_string"}],"inLanguage":"fr-FR"}]}},"_links":{"self":[{"href":"https:\/\/actekine.fr\/index.php\/wp-json\/wp\/v2\/pages\/110"}],"collection":[{"href":"https:\/\/actekine.fr\/index.php\/wp-json\/wp\/v2\/pages"}],"about":[{"href":"https:\/\/actekine.fr\/index.php\/wp-json\/wp\/v2\/types\/page"}],"author":[{"embeddable":true,"href":"https:\/\/actekine.fr\/index.php\/wp-json\/wp\/v2\/users\/2"}],"replies":[{"embeddable":true,"href":"https:\/\/actekine.fr\/index.php\/wp-json\/wp\/v2\/comments?post=110"}],"version-history":[{"count":14,"href":"https:\/\/actekine.fr\/index.php\/wp-json\/wp\/v2\/pages\/110\/revisions"}],"predecessor-version":[{"id":1431,"href":"https:\/\/actekine.fr\/index.php\/wp-json\/wp\/v2\/pages\/110\/revisions\/1431"}],"wp:attachment":[{"href":"https:\/\/actekine.fr\/index.php\/wp-json\/wp\/v2\/media?parent=110"}],"curies":[{"name":"wp","href":"https:\/\/api.w.org\/{rel}","templated":true}]}}