{"id":104,"date":"2020-04-21T13:03:37","date_gmt":"2020-04-21T11:03:37","guid":{"rendered":"http:\/\/actekine.fr\/?page_id=104"},"modified":"2020-08-23T11:23:23","modified_gmt":"2020-08-23T09:23:23","slug":"reeducation","status":"publish","type":"page","link":"https:\/\/actekine.fr\/index.php\/reeducation\/","title":{"rendered":"R\u00e9\u00e9ducation"},"content":{"rendered":"\n<p>TRAUMATOLOGIE&nbsp;:<br>Apr\u00e8s interventions chirurgicales&nbsp;des os ou des articulations, poses de proth\u00e8ses, fractures, luxations ou entorses.<br>Accidents sportifs&nbsp;: claquage, tendinites&#8230;<br><br>RHUMATOLOGIE&nbsp;:<br>Douleurs&nbsp;vert\u00e9brales, rhumatismes, arthrose<\/p>\n\n\n\n<p>NEUROLOGIE&nbsp;:<br>Maladies neurologiques&nbsp;: Parkinson, h\u00e9mipl\u00e9gie, scl\u00e9rose en plaques, myopathies&#8230;<br>R\u00e9\u00e9ducation de l&rsquo;\u00e9quilibre<\/p>\n\n\n\n<p>G\u00c9RIATRIE&nbsp;:<br>Pathologies&nbsp;du vieillissement<br>Accompagnement&nbsp;de fin de vie<\/p>\n\n\n\n<p>P\u00c9DIATRIE et ORTHOP\u00c9DIE INFANTILE&nbsp;:<br>Malformations&nbsp;cong\u00e9nitales<br>Bronchiolite, asthme, bronchite de l&rsquo;enfant<\/p>\n\n\n\n<p>KIN\u00c9SITH\u00c9RAPIE RESPIRATOIRE\u00a0:<br>Bronchite\u00a0chronique ou aig\u00fce<br>R\u00e9habilitation\u00a0respiratoire<br>Suites op\u00e9ratoires\u00a0pulmonaires et cardiaques<\/p>\n\n\n\n<p>BIO-M\u00c9CANIQUE de la MARCHE<br>Reprise d&rsquo;appui, apprentissage des aides de marche<br>Corrections des phases de marche<\/p>\n\n\n\n<p>CARDIO-VASCULAIRE :<br>Apr\u00e8s&nbsp;infarctus, art\u00e9rites, &#8230;<br>Drainage&nbsp;lymphatique manuel (lymphoed\u00e8me, &#8230;)<\/p>\n\n\n\n<p>URO-GYN\u00c9COLOGIE-OBST\u00c9TRIQUE&nbsp;:<br>R\u00e9\u00e9ducation postnatale<br>R\u00e9\u00e9ducation p\u00e9rin\u00e9ale, incontinences<\/p>\n\n\n\n<p>FORME &amp; BIEN-\u00caTRE&nbsp;:<br>Massages, hydro-massages<br>Gymnastique&nbsp;hygi\u00e9nique et pr\u00e9ventive, pr\u00e9paration \u00e0 l&rsquo;effort, coaching<br>Drainages&nbsp;de confort &#8230;<\/p>\n","protected":false},"excerpt":{"rendered":"<p>TRAUMATOLOGIE&nbsp;:Apr\u00e8s interventions chirurgicales&nbsp;des os ou des articulations, poses de proth\u00e8ses, fractures, luxations ou entorses.Accidents sportifs&nbsp;: claquage, tendinites&#8230; RHUMATOLOGIE&nbsp;:Douleurs&nbsp;vert\u00e9brales, rhumatismes, arthrose NEUROLOGIE&nbsp;:Maladies neurologiques&nbsp;: Parkinson, h\u00e9mipl\u00e9gie, scl\u00e9rose en plaques, myopathies&#8230;R\u00e9\u00e9ducation de l&rsquo;\u00e9quilibre G\u00c9RIATRIE&nbsp;:Pathologies&nbsp;du vieillissementAccompagnement&nbsp;de fin de vie P\u00c9DIATRIE et ORTHOP\u00c9DIE INFANTILE&nbsp;:Malformations&nbsp;cong\u00e9nitalesBronchiolite, asthme, bronchite de l&rsquo;enfant KIN\u00c9SITH\u00c9RAPIE RESPIRATOIRE\u00a0:Bronchite\u00a0chronique ou aig\u00fceR\u00e9habilitation\u00a0respiratoireSuites op\u00e9ratoires\u00a0pulmonaires et cardiaques BIO-M\u00c9CANIQUE de la MARCHEReprise d&rsquo;appui, [&hellip;]<\/p>\n","protected":false},"author":2,"featured_media":0,"parent":0,"menu_order":0,"comment_status":"closed","ping_status":"closed","template":"","meta":{"footnotes":""},"yoast_head":"<!-- This site is optimized with the Yoast SEO plugin v21.7 - https:\/\/yoast.com\/wordpress\/plugins\/seo\/ -->\n<title>R\u00e9\u00e9ducation - Fr\u00e9d\u00e9ric LINEE, Masseur-Kin\u00e9sith\u00e9rapeute \u00e0 Loupian<\/title>\n<meta name=\"robots\" content=\"index, follow, max-snippet:-1, max-image-preview:large, max-video-preview:-1\" \/>\n<link rel=\"canonical\" href=\"http:\/\/actekine.fr\/index.php\/reeducation\/\" \/>\n<meta property=\"og:locale\" content=\"fr_FR\" \/>\n<meta property=\"og:type\" content=\"article\" \/>\n<meta property=\"og:title\" content=\"R\u00e9\u00e9ducation - Fr\u00e9d\u00e9ric LINEE, Masseur-Kin\u00e9sith\u00e9rapeute \u00e0 Loupian\" \/>\n<meta property=\"og:description\" content=\"TRAUMATOLOGIE&nbsp;:Apr\u00e8s interventions chirurgicales&nbsp;des os ou des articulations, poses de proth\u00e8ses, fractures, luxations ou entorses.Accidents sportifs&nbsp;: claquage, tendinites&#8230; RHUMATOLOGIE&nbsp;:Douleurs&nbsp;vert\u00e9brales, rhumatismes, arthrose NEUROLOGIE&nbsp;:Maladies neurologiques&nbsp;: Parkinson, h\u00e9mipl\u00e9gie, scl\u00e9rose en plaques, myopathies&#8230;R\u00e9\u00e9ducation de l&rsquo;\u00e9quilibre G\u00c9RIATRIE&nbsp;:Pathologies&nbsp;du vieillissementAccompagnement&nbsp;de fin de vie P\u00c9DIATRIE et ORTHOP\u00c9DIE INFANTILE&nbsp;:Malformations&nbsp;cong\u00e9nitalesBronchiolite, asthme, bronchite de l&rsquo;enfant KIN\u00c9SITH\u00c9RAPIE RESPIRATOIRE\u00a0:Bronchite\u00a0chronique ou aig\u00fceR\u00e9habilitation\u00a0respiratoireSuites op\u00e9ratoires\u00a0pulmonaires et cardiaques BIO-M\u00c9CANIQUE de la MARCHEReprise d&rsquo;appui, [&hellip;]\" \/>\n<meta property=\"og:url\" content=\"http:\/\/actekine.fr\/index.php\/reeducation\/\" \/>\n<meta property=\"og:site_name\" content=\"Fr\u00e9d\u00e9ric LINEE, Masseur-Kin\u00e9sith\u00e9rapeute \u00e0 Loupian\" \/>\n<meta property=\"article:modified_time\" content=\"2020-08-23T09:23:23+00:00\" \/>\n<meta name=\"twitter:card\" content=\"summary_large_image\" \/>\n<meta name=\"twitter:label1\" content=\"Dur\u00e9e de lecture estim\u00e9e\" \/>\n\t<meta name=\"twitter:data1\" content=\"1 minute\" \/>\n<script type=\"application\/ld+json\" class=\"yoast-schema-graph\">{\"@context\":\"https:\/\/schema.org\",\"@graph\":[{\"@type\":\"WebPage\",\"@id\":\"http:\/\/actekine.fr\/index.php\/reeducation\/\",\"url\":\"http:\/\/actekine.fr\/index.php\/reeducation\/\",\"name\":\"R\u00e9\u00e9ducation - Fr\u00e9d\u00e9ric LINEE, Masseur-Kin\u00e9sith\u00e9rapeute \u00e0 Loupian\",\"isPartOf\":{\"@id\":\"http:\/\/actekine.fr\/#website\"},\"datePublished\":\"2020-04-21T11:03:37+00:00\",\"dateModified\":\"2020-08-23T09:23:23+00:00\",\"breadcrumb\":{\"@id\":\"http:\/\/actekine.fr\/index.php\/reeducation\/#breadcrumb\"},\"inLanguage\":\"fr-FR\",\"potentialAction\":[{\"@type\":\"ReadAction\",\"target\":[\"http:\/\/actekine.fr\/index.php\/reeducation\/\"]}]},{\"@type\":\"BreadcrumbList\",\"@id\":\"http:\/\/actekine.fr\/index.php\/reeducation\/#breadcrumb\",\"itemListElement\":[{\"@type\":\"ListItem\",\"position\":1,\"name\":\"Accueil\",\"item\":\"http:\/\/actekine.fr\/\"},{\"@type\":\"ListItem\",\"position\":2,\"name\":\"R\u00e9\u00e9ducation\"}]},{\"@type\":\"WebSite\",\"@id\":\"http:\/\/actekine.fr\/#website\",\"url\":\"http:\/\/actekine.fr\/\",\"name\":\"Fr\u00e9d\u00e9ric LINEE, Masseur-Kin\u00e9sith\u00e9rapeute \u00e0 Loupian\",\"description\":\"Un site utilisant WordPress\",\"potentialAction\":[{\"@type\":\"SearchAction\",\"target\":{\"@type\":\"EntryPoint\",\"urlTemplate\":\"http:\/\/actekine.fr\/?s={search_term_string}\"},\"query-input\":\"required name=search_term_string\"}],\"inLanguage\":\"fr-FR\"}]}<\/script>\n<!-- \/ Yoast SEO plugin. -->","yoast_head_json":{"title":"R\u00e9\u00e9ducation - Fr\u00e9d\u00e9ric LINEE, Masseur-Kin\u00e9sith\u00e9rapeute \u00e0 Loupian","robots":{"index":"index","follow":"follow","max-snippet":"max-snippet:-1","max-image-preview":"max-image-preview:large","max-video-preview":"max-video-preview:-1"},"canonical":"http:\/\/actekine.fr\/index.php\/reeducation\/","og_locale":"fr_FR","og_type":"article","og_title":"R\u00e9\u00e9ducation - Fr\u00e9d\u00e9ric LINEE, Masseur-Kin\u00e9sith\u00e9rapeute \u00e0 Loupian","og_description":"TRAUMATOLOGIE&nbsp;:Apr\u00e8s interventions chirurgicales&nbsp;des os ou des articulations, poses de proth\u00e8ses, fractures, luxations ou entorses.Accidents sportifs&nbsp;: claquage, tendinites&#8230; RHUMATOLOGIE&nbsp;:Douleurs&nbsp;vert\u00e9brales, rhumatismes, arthrose NEUROLOGIE&nbsp;:Maladies neurologiques&nbsp;: Parkinson, h\u00e9mipl\u00e9gie, scl\u00e9rose en plaques, myopathies&#8230;R\u00e9\u00e9ducation de l&rsquo;\u00e9quilibre G\u00c9RIATRIE&nbsp;:Pathologies&nbsp;du vieillissementAccompagnement&nbsp;de fin de vie P\u00c9DIATRIE et ORTHOP\u00c9DIE INFANTILE&nbsp;:Malformations&nbsp;cong\u00e9nitalesBronchiolite, asthme, bronchite de l&rsquo;enfant KIN\u00c9SITH\u00c9RAPIE RESPIRATOIRE\u00a0:Bronchite\u00a0chronique ou aig\u00fceR\u00e9habilitation\u00a0respiratoireSuites op\u00e9ratoires\u00a0pulmonaires et cardiaques BIO-M\u00c9CANIQUE de la MARCHEReprise d&rsquo;appui, [&hellip;]","og_url":"http:\/\/actekine.fr\/index.php\/reeducation\/","og_site_name":"Fr\u00e9d\u00e9ric LINEE, Masseur-Kin\u00e9sith\u00e9rapeute \u00e0 Loupian","article_modified_time":"2020-08-23T09:23:23+00:00","twitter_card":"summary_large_image","twitter_misc":{"Dur\u00e9e de lecture estim\u00e9e":"1 minute"},"schema":{"@context":"https:\/\/schema.org","@graph":[{"@type":"WebPage","@id":"http:\/\/actekine.fr\/index.php\/reeducation\/","url":"http:\/\/actekine.fr\/index.php\/reeducation\/","name":"R\u00e9\u00e9ducation - Fr\u00e9d\u00e9ric LINEE, Masseur-Kin\u00e9sith\u00e9rapeute \u00e0 Loupian","isPartOf":{"@id":"http:\/\/actekine.fr\/#website"},"datePublished":"2020-04-21T11:03:37+00:00","dateModified":"2020-08-23T09:23:23+00:00","breadcrumb":{"@id":"http:\/\/actekine.fr\/index.php\/reeducation\/#breadcrumb"},"inLanguage":"fr-FR","potentialAction":[{"@type":"ReadAction","target":["http:\/\/actekine.fr\/index.php\/reeducation\/"]}]},{"@type":"BreadcrumbList","@id":"http:\/\/actekine.fr\/index.php\/reeducation\/#breadcrumb","itemListElement":[{"@type":"ListItem","position":1,"name":"Accueil","item":"http:\/\/actekine.fr\/"},{"@type":"ListItem","position":2,"name":"R\u00e9\u00e9ducation"}]},{"@type":"WebSite","@id":"http:\/\/actekine.fr\/#website","url":"http:\/\/actekine.fr\/","name":"Fr\u00e9d\u00e9ric LINEE, Masseur-Kin\u00e9sith\u00e9rapeute \u00e0 Loupian","description":"Un site utilisant WordPress","potentialAction":[{"@type":"SearchAction","target":{"@type":"EntryPoint","urlTemplate":"http:\/\/actekine.fr\/?s={search_term_string}"},"query-input":"required name=search_term_string"}],"inLanguage":"fr-FR"}]}},"_links":{"self":[{"href":"https:\/\/actekine.fr\/index.php\/wp-json\/wp\/v2\/pages\/104"}],"collection":[{"href":"https:\/\/actekine.fr\/index.php\/wp-json\/wp\/v2\/pages"}],"about":[{"href":"https:\/\/actekine.fr\/index.php\/wp-json\/wp\/v2\/types\/page"}],"author":[{"embeddable":true,"href":"https:\/\/actekine.fr\/index.php\/wp-json\/wp\/v2\/users\/2"}],"replies":[{"embeddable":true,"href":"https:\/\/actekine.fr\/index.php\/wp-json\/wp\/v2\/comments?post=104"}],"version-history":[{"count":4,"href":"https:\/\/actekine.fr\/index.php\/wp-json\/wp\/v2\/pages\/104\/revisions"}],"predecessor-version":[{"id":503,"href":"https:\/\/actekine.fr\/index.php\/wp-json\/wp\/v2\/pages\/104\/revisions\/503"}],"wp:attachment":[{"href":"https:\/\/actekine.fr\/index.php\/wp-json\/wp\/v2\/media?parent=104"}],"curies":[{"name":"wp","href":"https:\/\/api.w.org\/{rel}","templated":true}]}}