{"id":102,"date":"2020-04-21T13:03:20","date_gmt":"2020-04-21T11:03:20","guid":{"rendered":"http:\/\/actekine.fr\/?page_id=102"},"modified":"2020-04-21T18:10:47","modified_gmt":"2020-04-21T16:10:47","slug":"les-soins","status":"publish","type":"page","link":"https:\/\/actekine.fr\/index.php\/les-soins\/","title":{"rendered":"Les soins"},"content":{"rendered":"\n<p><strong>Th\u00e9rapeute\u00a0<em>dipl\u00f4m\u00e9 d&rsquo;\u00e9tat<\/em><\/strong>, votre masseur-kin\u00e9sith\u00e9rapeute\u00a0:<\/p>\n\n\n\n<p><strong>\u00c9tablit<\/strong>\u00a0un bilan incluant le diagnostic kin\u00e9sith\u00e9rapique de votre \u00e9tat physique<br><strong>Soigne<\/strong>\u00a0d\u00e8s la naissance, et jusqu&rsquo;au 4\u00b0 \u00e2ge<br><strong>Dispose<\/strong>\u00a0des connaissances, des techniques manuelles et des mat\u00e9riels adapt\u00e9s<br><strong>Propose<\/strong>\u00a0un large \u00e9ventail th\u00e9rapeutique au service de votre sant\u00e9<br><strong>Est comp\u00e9tent<\/strong>\u00a0dans les domaines du mouvement, de la douleur et du handicap<\/p>\n\n\n\n<p>Il est aussi un professionnel de sant\u00e9 qui vous conseille et vous aide \u00e0\u00a0:<\/p>\n\n\n\n<p><strong>Maintenir<\/strong>\u00a0votre bonne forme et votre r\u00e9cup\u00e9ration<br><strong>G\u00e9rer<\/strong>\u00a0le stress<br><strong>Pr\u00e9venir\u00a0<\/strong>le mal de dos, les difficult\u00e9s du souffle et les mauvaises attitudes de la vie quotidienne<br><strong>Vous pr\u00e9parer<\/strong> pour une pratique sportive sp\u00e9cifique<\/p>\n","protected":false},"excerpt":{"rendered":"<p>Th\u00e9rapeute\u00a0dipl\u00f4m\u00e9 d&rsquo;\u00e9tat, votre masseur-kin\u00e9sith\u00e9rapeute\u00a0: \u00c9tablit\u00a0un bilan incluant le diagnostic kin\u00e9sith\u00e9rapique de votre \u00e9tat physiqueSoigne\u00a0d\u00e8s la naissance, et jusqu&rsquo;au 4\u00b0 \u00e2geDispose\u00a0des connaissances, des techniques manuelles et des mat\u00e9riels adapt\u00e9sPropose\u00a0un large \u00e9ventail th\u00e9rapeutique au service de votre sant\u00e9Est comp\u00e9tent\u00a0dans les domaines du mouvement, de la douleur et du handicap Il est aussi un professionnel de sant\u00e9 qui [&hellip;]<\/p>\n","protected":false},"author":2,"featured_media":0,"parent":0,"menu_order":0,"comment_status":"closed","ping_status":"closed","template":"","meta":{"footnotes":""},"yoast_head":"<!-- This site is optimized with the Yoast SEO plugin v21.7 - https:\/\/yoast.com\/wordpress\/plugins\/seo\/ -->\n<title>Les soins - Fr\u00e9d\u00e9ric LINEE, Masseur-Kin\u00e9sith\u00e9rapeute \u00e0 Loupian<\/title>\n<meta name=\"robots\" content=\"index, follow, max-snippet:-1, max-image-preview:large, max-video-preview:-1\" \/>\n<link rel=\"canonical\" href=\"http:\/\/actekine.fr\/index.php\/les-soins\/\" \/>\n<meta property=\"og:locale\" content=\"fr_FR\" \/>\n<meta property=\"og:type\" content=\"article\" \/>\n<meta property=\"og:title\" content=\"Les soins - Fr\u00e9d\u00e9ric LINEE, Masseur-Kin\u00e9sith\u00e9rapeute \u00e0 Loupian\" \/>\n<meta property=\"og:description\" content=\"Th\u00e9rapeute\u00a0dipl\u00f4m\u00e9 d&rsquo;\u00e9tat, votre masseur-kin\u00e9sith\u00e9rapeute\u00a0: \u00c9tablit\u00a0un bilan incluant le diagnostic kin\u00e9sith\u00e9rapique de votre \u00e9tat physiqueSoigne\u00a0d\u00e8s la naissance, et jusqu&rsquo;au 4\u00b0 \u00e2geDispose\u00a0des connaissances, des techniques manuelles et des mat\u00e9riels adapt\u00e9sPropose\u00a0un large \u00e9ventail th\u00e9rapeutique au service de votre sant\u00e9Est comp\u00e9tent\u00a0dans les domaines du mouvement, de la douleur et du handicap Il est aussi un professionnel de sant\u00e9 qui [&hellip;]\" \/>\n<meta property=\"og:url\" content=\"http:\/\/actekine.fr\/index.php\/les-soins\/\" \/>\n<meta property=\"og:site_name\" content=\"Fr\u00e9d\u00e9ric LINEE, Masseur-Kin\u00e9sith\u00e9rapeute \u00e0 Loupian\" \/>\n<meta property=\"article:modified_time\" content=\"2020-04-21T16:10:47+00:00\" \/>\n<meta name=\"twitter:card\" content=\"summary_large_image\" \/>\n<meta name=\"twitter:label1\" content=\"Dur\u00e9e de lecture estim\u00e9e\" \/>\n\t<meta name=\"twitter:data1\" content=\"1 minute\" \/>\n<script type=\"application\/ld+json\" class=\"yoast-schema-graph\">{\"@context\":\"https:\/\/schema.org\",\"@graph\":[{\"@type\":\"WebPage\",\"@id\":\"http:\/\/actekine.fr\/index.php\/les-soins\/\",\"url\":\"http:\/\/actekine.fr\/index.php\/les-soins\/\",\"name\":\"Les soins - Fr\u00e9d\u00e9ric LINEE, Masseur-Kin\u00e9sith\u00e9rapeute \u00e0 Loupian\",\"isPartOf\":{\"@id\":\"http:\/\/actekine.fr\/#website\"},\"datePublished\":\"2020-04-21T11:03:20+00:00\",\"dateModified\":\"2020-04-21T16:10:47+00:00\",\"breadcrumb\":{\"@id\":\"http:\/\/actekine.fr\/index.php\/les-soins\/#breadcrumb\"},\"inLanguage\":\"fr-FR\",\"potentialAction\":[{\"@type\":\"ReadAction\",\"target\":[\"http:\/\/actekine.fr\/index.php\/les-soins\/\"]}]},{\"@type\":\"BreadcrumbList\",\"@id\":\"http:\/\/actekine.fr\/index.php\/les-soins\/#breadcrumb\",\"itemListElement\":[{\"@type\":\"ListItem\",\"position\":1,\"name\":\"Accueil\",\"item\":\"http:\/\/actekine.fr\/\"},{\"@type\":\"ListItem\",\"position\":2,\"name\":\"Les soins\"}]},{\"@type\":\"WebSite\",\"@id\":\"http:\/\/actekine.fr\/#website\",\"url\":\"http:\/\/actekine.fr\/\",\"name\":\"Fr\u00e9d\u00e9ric LINEE, Masseur-Kin\u00e9sith\u00e9rapeute \u00e0 Loupian\",\"description\":\"Un site utilisant WordPress\",\"potentialAction\":[{\"@type\":\"SearchAction\",\"target\":{\"@type\":\"EntryPoint\",\"urlTemplate\":\"http:\/\/actekine.fr\/?s={search_term_string}\"},\"query-input\":\"required name=search_term_string\"}],\"inLanguage\":\"fr-FR\"}]}<\/script>\n<!-- \/ Yoast SEO plugin. -->","yoast_head_json":{"title":"Les soins - Fr\u00e9d\u00e9ric LINEE, Masseur-Kin\u00e9sith\u00e9rapeute \u00e0 Loupian","robots":{"index":"index","follow":"follow","max-snippet":"max-snippet:-1","max-image-preview":"max-image-preview:large","max-video-preview":"max-video-preview:-1"},"canonical":"http:\/\/actekine.fr\/index.php\/les-soins\/","og_locale":"fr_FR","og_type":"article","og_title":"Les soins - Fr\u00e9d\u00e9ric LINEE, Masseur-Kin\u00e9sith\u00e9rapeute \u00e0 Loupian","og_description":"Th\u00e9rapeute\u00a0dipl\u00f4m\u00e9 d&rsquo;\u00e9tat, votre masseur-kin\u00e9sith\u00e9rapeute\u00a0: \u00c9tablit\u00a0un bilan incluant le diagnostic kin\u00e9sith\u00e9rapique de votre \u00e9tat physiqueSoigne\u00a0d\u00e8s la naissance, et jusqu&rsquo;au 4\u00b0 \u00e2geDispose\u00a0des connaissances, des techniques manuelles et des mat\u00e9riels adapt\u00e9sPropose\u00a0un large \u00e9ventail th\u00e9rapeutique au service de votre sant\u00e9Est comp\u00e9tent\u00a0dans les domaines du mouvement, de la douleur et du handicap Il est aussi un professionnel de sant\u00e9 qui [&hellip;]","og_url":"http:\/\/actekine.fr\/index.php\/les-soins\/","og_site_name":"Fr\u00e9d\u00e9ric LINEE, Masseur-Kin\u00e9sith\u00e9rapeute \u00e0 Loupian","article_modified_time":"2020-04-21T16:10:47+00:00","twitter_card":"summary_large_image","twitter_misc":{"Dur\u00e9e de lecture estim\u00e9e":"1 minute"},"schema":{"@context":"https:\/\/schema.org","@graph":[{"@type":"WebPage","@id":"http:\/\/actekine.fr\/index.php\/les-soins\/","url":"http:\/\/actekine.fr\/index.php\/les-soins\/","name":"Les soins - Fr\u00e9d\u00e9ric LINEE, Masseur-Kin\u00e9sith\u00e9rapeute \u00e0 Loupian","isPartOf":{"@id":"http:\/\/actekine.fr\/#website"},"datePublished":"2020-04-21T11:03:20+00:00","dateModified":"2020-04-21T16:10:47+00:00","breadcrumb":{"@id":"http:\/\/actekine.fr\/index.php\/les-soins\/#breadcrumb"},"inLanguage":"fr-FR","potentialAction":[{"@type":"ReadAction","target":["http:\/\/actekine.fr\/index.php\/les-soins\/"]}]},{"@type":"BreadcrumbList","@id":"http:\/\/actekine.fr\/index.php\/les-soins\/#breadcrumb","itemListElement":[{"@type":"ListItem","position":1,"name":"Accueil","item":"http:\/\/actekine.fr\/"},{"@type":"ListItem","position":2,"name":"Les soins"}]},{"@type":"WebSite","@id":"http:\/\/actekine.fr\/#website","url":"http:\/\/actekine.fr\/","name":"Fr\u00e9d\u00e9ric LINEE, Masseur-Kin\u00e9sith\u00e9rapeute \u00e0 Loupian","description":"Un site utilisant WordPress","potentialAction":[{"@type":"SearchAction","target":{"@type":"EntryPoint","urlTemplate":"http:\/\/actekine.fr\/?s={search_term_string}"},"query-input":"required name=search_term_string"}],"inLanguage":"fr-FR"}]}},"_links":{"self":[{"href":"https:\/\/actekine.fr\/index.php\/wp-json\/wp\/v2\/pages\/102"}],"collection":[{"href":"https:\/\/actekine.fr\/index.php\/wp-json\/wp\/v2\/pages"}],"about":[{"href":"https:\/\/actekine.fr\/index.php\/wp-json\/wp\/v2\/types\/page"}],"author":[{"embeddable":true,"href":"https:\/\/actekine.fr\/index.php\/wp-json\/wp\/v2\/users\/2"}],"replies":[{"embeddable":true,"href":"https:\/\/actekine.fr\/index.php\/wp-json\/wp\/v2\/comments?post=102"}],"version-history":[{"count":2,"href":"https:\/\/actekine.fr\/index.php\/wp-json\/wp\/v2\/pages\/102\/revisions"}],"predecessor-version":[{"id":152,"href":"https:\/\/actekine.fr\/index.php\/wp-json\/wp\/v2\/pages\/102\/revisions\/152"}],"wp:attachment":[{"href":"https:\/\/actekine.fr\/index.php\/wp-json\/wp\/v2\/media?parent=102"}],"curies":[{"name":"wp","href":"https:\/\/api.w.org\/{rel}","templated":true}]}}